{"id":1646,"date":"2025-02-07T18:28:45","date_gmt":"2025-02-07T16:28:45","guid":{"rendered":"https:\/\/hambapol.ee\/?page_id=1646"},"modified":"2026-03-13T13:33:50","modified_gmt":"2026-03-13T11:33:50","slug":"rontgeniteenus","status":"publish","type":"page","link":"https:\/\/hambapol.ee\/et\/rontgeniteenus\/","title":{"rendered":"R\u00f6ntgeniteenus"},"content":{"rendered":"\t\t<div data-elementor-type=\"wp-page\" data-elementor-id=\"1646\" class=\"elementor elementor-1646\" data-elementor-post-type=\"page\">\n\t\t\t\t<div class=\"elementor-element elementor-element-c8bde7c e-flex e-con-boxed e-con e-parent\" data-id=\"c8bde7c\" data-element_type=\"container\" data-e-type=\"container\" data-settings=\"{&quot;background_background&quot;:&quot;classic&quot;}\">\n\t\t\t\t\t<div class=\"e-con-inner\">\n\t\t\t\t<div class=\"elementor-element elementor-element-6a37983 elementor-widget elementor-widget-heading\" data-id=\"6a37983\" data-element_type=\"widget\" data-e-type=\"widget\" data-widget_type=\"heading.default\">\n\t\t\t\t<div class=\"elementor-widget-container\">\n\t\t\t\t\t<h1 class=\"elementor-heading-title elementor-size-default\">R\u00f6ntgeniteenus<\/h1>\t\t\t\t<\/div>\n\t\t\t\t<\/div>\n\t\t\t\t<div class=\"elementor-element elementor-element-c22bcec elementor-widget elementor-widget-heading\" data-id=\"c22bcec\" data-element_type=\"widget\" data-e-type=\"widget\" data-widget_type=\"heading.default\">\n\t\t\t\t<div class=\"elementor-widget-container\">\n\t\t\t\t\t<h2 class=\"elementor-heading-title elementor-size-default\">Panoraam- ja 3D-kujutised t\u00e4pseks diagnoosimiseks ning raviks.<\/h2>\t\t\t\t<\/div>\n\t\t\t\t<\/div>\n\t\t\t\t\t<\/div>\n\t\t\t\t<\/div>\n\t\t<div class=\"elementor-element elementor-element-92ff703 e-flex e-con-boxed e-con e-parent\" data-id=\"92ff703\" data-element_type=\"container\" data-e-type=\"container\" data-settings=\"{&quot;background_background&quot;:&quot;classic&quot;}\">\n\t\t\t\t\t<div class=\"e-con-inner\">\n\t\t\t\t<div class=\"elementor-element elementor-element-7941702 elementor-widget elementor-widget-heading\" data-id=\"7941702\" data-element_type=\"widget\" data-e-type=\"widget\" data-widget_type=\"heading.default\">\n\t\t\t\t<div class=\"elementor-widget-container\">\n\t\t\t\t\t<h3 class=\"elementor-heading-title elementor-size-default\">R\u00f6ntgenikabineti t\u00f6\u00f6<\/h3>\t\t\t\t<\/div>\n\t\t\t\t<\/div>\n\t\t\t\t<div class=\"elementor-element elementor-element-9a7838e elementor-widget elementor-widget-text-editor\" data-id=\"9a7838e\" data-element_type=\"widget\" data-e-type=\"widget\" data-widget_type=\"text-editor.default\">\n\t\t\t\t<div class=\"elementor-widget-container\">\n\t\t\t\t\t\t\t\t\t<p>R\u00f6ntgenikabinet t\u00f6\u00f6tab <strong>argip\u00e4eviti (E-R) kell 8.00 &#8211; 18.00<\/strong> (vaheaeg 13.00 &#8211; 14.00), <strong>n\u00e4dalavahetusel (L-P) kell 9.00 \u2013 14.00.<\/strong><\/p><p>Tallinna Hambakliinikusse v\u00f5ivad patsiente r\u00f6ntgenuuringule saata k\u00f5ik arstid \u00fcle Eesti. Selle jaoks <span style=\"text-decoration: underline;\"><strong>on vaja<\/strong><\/span> t\u00e4ita arsti saatekiri.<\/p>\t\t\t\t\t\t\t\t<\/div>\n\t\t\t\t<\/div>\n\t\t\t\t<div class=\"elementor-element elementor-element-018eb14 elementor-position-inline-start elementor-view-default elementor-mobile-position-block-start elementor-widget elementor-widget-icon-box\" data-id=\"018eb14\" data-element_type=\"widget\" data-e-type=\"widget\" data-widget_type=\"icon-box.default\">\n\t\t\t\t<div class=\"elementor-widget-container\">\n\t\t\t\t\t\t\t<div class=\"elementor-icon-box-wrapper\">\n\n\t\t\t\t\t\t<div class=\"elementor-icon-box-icon\">\n\t\t\t\t<a href=\"https:\/\/hambapol.ee\/wp-content\/uploads\/2026\/03\/AS-THK-rontgenuuringu-saatekiri-2026.docx\" class=\"elementor-icon\" tabindex=\"-1\" aria-label=\"THK r\u00f6ntgenuuringu saatekiri.docx\">\n\t\t\t\t<svg aria-hidden=\"true\" class=\"e-font-icon-svg e-far-file-word\" viewBox=\"0 0 384 512\" xmlns=\"http:\/\/www.w3.org\/2000\/svg\"><path d=\"M369.9 97.9L286 14C277 5 264.8-.1 252.1-.1H48C21.5 0 0 21.5 0 48v416c0 26.5 21.5 48 48 48h288c26.5 0 48-21.5 48-48V131.9c0-12.7-5.1-25-14.1-34zM332.1 128H256V51.9l76.1 76.1zM48 464V48h160v104c0 13.3 10.7 24 24 24h104v288H48zm220.1-208c-5.7 0-10.6 4-11.7 9.5-20.6 97.7-20.4 95.4-21 103.5-.2-1.2-.4-2.6-.7-4.3-.8-5.1.3.2-23.6-99.5-1.3-5.4-6.1-9.2-11.7-9.2h-13.3c-5.5 0-10.3 3.8-11.7 9.1-24.4 99-24 96.2-24.8 103.7-.1-1.1-.2-2.5-.5-4.2-.7-5.2-14.1-73.3-19.1-99-1.1-5.6-6-9.7-11.8-9.7h-16.8c-7.8 0-13.5 7.3-11.7 14.8 8 32.6 26.7 109.5 33.2 136 1.3 5.4 6.1 9.1 11.7 9.1h25.2c5.5 0 10.3-3.7 11.6-9.1l17.9-71.4c1.5-6.2 2.5-12 3-17.3l2.9 17.3c.1.4 12.6 50.5 17.9 71.4 1.3 5.3 6.1 9.1 11.6 9.1h24.7c5.5 0 10.3-3.7 11.6-9.1 20.8-81.9 30.2-119 34.5-136 1.9-7.6-3.8-14.9-11.6-14.9h-15.8z\"><\/path><\/svg>\t\t\t\t<\/a>\n\t\t\t<\/div>\n\t\t\t\n\t\t\t\t\t\t<div class=\"elementor-icon-box-content\">\n\n\t\t\t\t\t\t\t\t\t<div class=\"elementor-icon-box-title\">\n\t\t\t\t\t\t<a href=\"https:\/\/hambapol.ee\/wp-content\/uploads\/2026\/03\/AS-THK-rontgenuuringu-saatekiri-2026.docx\" >\n\t\t\t\t\t\t\tTHK r\u00f6ntgenuuringu saatekiri.docx\t\t\t\t\t\t<\/a>\n\t\t\t\t\t<\/div>\n\t\t\t\t\n\t\t\t\t\t\t\t\t\t<p class=\"elementor-icon-box-description\">\n\t\t\t\t\t\tdocx, 103kb\t\t\t\t\t<\/p>\n\t\t\t\t\n\t\t\t<\/div>\n\t\t\t\n\t\t<\/div>\n\t\t\t\t\t\t<\/div>\n\t\t\t\t<\/div>\n\t\t\t\t<div class=\"elementor-element elementor-element-af6a5f8 elementor-widget elementor-widget-text-editor\" data-id=\"af6a5f8\" data-element_type=\"widget\" data-e-type=\"widget\" data-widget_type=\"text-editor.default\">\n\t\t\t\t<div class=\"elementor-widget-container\">\n\t\t\t\t\t\t\t\t\t<p>K\u00f5ik tellitud \u00fclesv\u00f5tted saadetakse automaatselt Eesti Tervishoiu Pildipanka. Kui uuringu tellinud arstil puudub juurdep\u00e4\u00e4s pildipangale, peab ta s\u00f5lmima vastava lepingu, kirjutades abi@pildipank.ee. <strong>Lepingu s\u00f5lmimine ja piltide vaatamine on tasuta<\/strong>. Selleks, et patsientide pilte oleks v\u00f5imalik mugavalt vaadata kas Hammas v\u00f5i Dentes programmis, tuleb v\u00f5tta \u00fchendust vastava programmi kasutajatoega ja informeerida, et kliinikul on pildipangaga kehtiv leping.<\/p><p>Vajadusel salvestame \u00fclesv\u00f5tted ka m\u00e4lupulgale, kuid kliinik ei saa garanteerida, et igas seadmes on m\u00e4lupulgale salvestatud pildi avamine v\u00f5imalik programmide erip\u00e4rade t\u00f5ttu.<\/p><p>Meil on kaks r\u00f6ntgenikabinetti, kus kasutame t\u00e4nap\u00e4evaseid digitaalseid r\u00f6ntgeniseadmeid. Seadmete tootjal on ISO 9001 kvaliteedisertifikaat ja ISO 14001 keskkonnasertifikaat.<\/p><p>\u00dclesv\u00f5tteid teevad kvalifitseeritud radioloogiatehnikud.<\/p>\t\t\t\t\t\t\t\t<\/div>\n\t\t\t\t<\/div>\n\t\t\t\t\t<\/div>\n\t\t\t\t<\/div>\n\t\t<div class=\"elementor-element elementor-element-2948037 e-flex e-con-boxed e-con e-parent\" data-id=\"2948037\" data-element_type=\"container\" data-e-type=\"container\" data-settings=\"{&quot;background_background&quot;:&quot;classic&quot;}\">\n\t\t\t\t\t<div class=\"e-con-inner\">\n\t\t\t\t<div class=\"elementor-element elementor-element-53e5d48 elementor-widget elementor-widget-heading\" data-id=\"53e5d48\" data-element_type=\"widget\" data-e-type=\"widget\" data-widget_type=\"heading.default\">\n\t\t\t\t<div class=\"elementor-widget-container\">\n\t\t\t\t\t<h3 class=\"elementor-heading-title elementor-size-default\">Kasutatavad seadmed: <\/h3>\t\t\t\t<\/div>\n\t\t\t\t<\/div>\n\t\t\t\t<div class=\"elementor-element elementor-element-9574afd elementor-widget elementor-widget-text-editor\" data-id=\"9574afd\" data-element_type=\"widget\" data-e-type=\"widget\" data-widget_type=\"text-editor.default\">\n\t\t\t\t<div class=\"elementor-widget-container\">\n\t\t\t\t\t\t\t\t\t<ul><li>Planmeca ProMax 3D MID<\/li><li>Planmeca ProMax 2D<\/li><li>Planmeca ProX<\/li><li>Planmeca Intra<\/li><li>Cefla RX DCH<\/li><li>CS2100<\/li><\/ul><p><span lang=\"ET\" xml:lang=\"ET\">K\u00f5ik seadmed l\u00e4bivad regulaarse hoolduse ja kiirgusohutuse hinnangu. \u00dclesv\u00f5tete tegemisel j\u00e4rgime ALARA printsiipi ja kasutame kiirguskaitse vahendeid. \u00a0<\/span><\/p>\t\t\t\t\t\t\t\t<\/div>\n\t\t\t\t<\/div>\n\t\t\t\t<div class=\"elementor-element elementor-element-8c23b3a elementor-widget elementor-widget-image\" data-id=\"8c23b3a\" data-element_type=\"widget\" data-e-type=\"widget\" data-widget_type=\"image.default\">\n\t\t\t\t<div class=\"elementor-widget-container\">\n\t\t\t\t\t\t\t\t\t\t\t\t\t\t\t<img fetchpriority=\"high\" decoding=\"async\" width=\"768\" height=\"512\" src=\"https:\/\/hambapol.ee\/wp-content\/uploads\/2025\/01\/hambaraviteenused-768x512.jpg\" class=\"attachment-medium_large size-medium_large wp-image-493\" alt=\"Tallinna Hambakliinik Hambaravi Tallinna kesklinnas esmaabi\" srcset=\"https:\/\/hambapol.ee\/wp-content\/uploads\/2025\/01\/hambaraviteenused-768x512.jpg 768w, https:\/\/hambapol.ee\/wp-content\/uploads\/2025\/01\/hambaraviteenused-300x200.jpg 300w, https:\/\/hambapol.ee\/wp-content\/uploads\/2025\/01\/hambaraviteenused-18x12.jpg 18w, https:\/\/hambapol.ee\/wp-content\/uploads\/2025\/01\/hambaraviteenused.jpg 800w\" sizes=\"(max-width: 768px) 100vw, 768px\" \/>\t\t\t\t\t\t\t\t\t\t\t\t\t\t\t<\/div>\n\t\t\t\t<\/div>\n\t\t\t\t\t<\/div>\n\t\t\t\t<\/div>\n\t\t\t\t<\/div>\n\t\t","protected":false},"excerpt":{"rendered":"<p>R\u00f6ntgeniteenus Panoraam- ja 3D-kujutised t\u00e4pseks diagnoosimiseks ning raviks. R\u00f6ntgenikabineti t\u00f6\u00f6 R\u00f6ntgenikabinet t\u00f6\u00f6tab argip\u00e4eviti (E-R) kell 8.00 &#8211; 18.00 (vaheaeg 13.00 &#8211; 14.00), n\u00e4dalavahetusel (L-P) kell 9.00 \u2013 14.00. Tallinna Hambakliinikusse v\u00f5ivad patsiente r\u00f6ntgenuuringule saata k\u00f5ik arstid \u00fcle Eesti. Selle jaoks on vaja t\u00e4ita arsti saatekiri. THK r\u00f6ntgenuuringu saatekiri.docx docx, 103kb K\u00f5ik tellitud \u00fclesv\u00f5tted saadetakse automaatselt [&hellip;]<\/p>\n","protected":false},"author":1,"featured_media":1647,"parent":0,"menu_order":0,"comment_status":"closed","ping_status":"closed","template":"","meta":{"_acf_changed":false,"site-sidebar-layout":"no-sidebar","site-content-layout":"","ast-site-content-layout":"full-width-container","site-content-style":"default","site-sidebar-style":"default","ast-global-header-display":"","ast-banner-title-visibility":"","ast-main-header-display":"","ast-hfb-above-header-display":"","ast-hfb-below-header-display":"","ast-hfb-mobile-header-display":"","site-post-title":"disabled","ast-breadcrumbs-content":"","ast-featured-img":"disabled","footer-sml-layout":"","ast-disable-related-posts":"","theme-transparent-header-meta":"","adv-header-id-meta":"","stick-header-meta":"","header-above-stick-meta":"","header-main-stick-meta":"","header-below-stick-meta":"","astra-migrate-meta-layouts":"default","ast-page-background-enabled":"default","ast-page-background-meta":{"desktop":{"background-color":"var(--ast-global-color-5)","background-image":"","background-repeat":"repeat","background-position":"center center","background-size":"auto","background-attachment":"scroll","background-type":"","background-media":"","overlay-type":"","overlay-color":"","overlay-opacity":"","overlay-gradient":""},"tablet":{"background-color":"","background-image":"","background-repeat":"repeat","background-position":"center center","background-size":"auto","background-attachment":"scroll","background-type":"","background-media":"","overlay-type":"","overlay-color":"","overlay-opacity":"","overlay-gradient":""},"mobile":{"background-color":"","background-image":"","background-repeat":"repeat","background-position":"center center","background-size":"auto","background-attachment":"scroll","background-type":"","background-media":"","overlay-type":"","overlay-color":"","overlay-opacity":"","overlay-gradient":""}},"ast-content-background-meta":{"desktop":{"background-color":"var(--ast-global-color-4)","background-image":"","background-repeat":"repeat","background-position":"center center","background-size":"auto","background-attachment":"scroll","background-type":"","background-media":"","overlay-type":"","overlay-color":"","overlay-opacity":"","overlay-gradient":""},"tablet":{"background-color":"var(--ast-global-color-4)","background-image":"","background-repeat":"repeat","background-position":"center center","background-size":"auto","background-attachment":"scroll","background-type":"","background-media":"","overlay-type":"","overlay-color":"","overlay-opacity":"","overlay-gradient":""},"mobile":{"background-color":"var(--ast-global-color-4)","background-image":"","background-repeat":"repeat","background-position":"center center","background-size":"auto","background-attachment":"scroll","background-type":"","background-media":"","overlay-type":"","overlay-color":"","overlay-opacity":"","overlay-gradient":""}},"footnotes":""},"class_list":["post-1646","page","type-page","status-publish","has-post-thumbnail","hentry"],"acf":[],"yoast_head":"<!-- This site is optimized with the Yoast SEO plugin v27.4 - https:\/\/yoast.com\/product\/yoast-seo-wordpress\/ -->\n<title>- Tallinna Hambakliinik<\/title>\n<meta name=\"description\" content=\"R\u00f6ntgeniteenus Panoraam- ja 3D-kujutised t\u00e4pseks diagnoosimiseks ning raviks. R\u00f6ntgenikabineti t\u00f6\u00f6 R\u00f6ntgenikabinet t\u00f6\u00f6tab argip\u00e4eviti (E-R) kell 8.00 -\" \/>\n<meta name=\"robots\" content=\"index, follow, max-snippet:-1, max-image-preview:large, max-video-preview:-1\" \/>\n<link rel=\"canonical\" href=\"https:\/\/hambapol.ee\/et\/rontgeniteenus\/\" \/>\n<meta property=\"og:locale\" content=\"et_EE\" \/>\n<meta property=\"og:type\" content=\"article\" \/>\n<meta property=\"og:title\" content=\"- Tallinna Hambakliinik\" \/>\n<meta property=\"og:description\" content=\"R\u00f6ntgeniteenus Panoraam- ja 3D-kujutised t\u00e4pseks diagnoosimiseks ning raviks. R\u00f6ntgenikabineti t\u00f6\u00f6 R\u00f6ntgenikabinet t\u00f6\u00f6tab argip\u00e4eviti (E-R) kell 8.00 -\" \/>\n<meta property=\"og:url\" content=\"https:\/\/hambapol.ee\/et\/rontgeniteenus\/\" \/>\n<meta property=\"og:site_name\" content=\"Tallinna Hambakliinik\" \/>\n<meta property=\"article:publisher\" content=\"https:\/\/www.facebook.com\/TallinnaHambakliinik\/\" \/>\n<meta property=\"article:modified_time\" content=\"2026-03-13T11:33:50+00:00\" \/>\n<meta property=\"og:image\" content=\"https:\/\/hambapol.ee\/wp-content\/uploads\/2025\/02\/rontgeniteenus-1.jpg\" \/>\n\t<meta property=\"og:image:width\" content=\"800\" \/>\n\t<meta property=\"og:image:height\" content=\"533\" \/>\n\t<meta property=\"og:image:type\" content=\"image\/jpeg\" \/>\n<meta name=\"twitter:card\" content=\"summary_large_image\" \/>\n<meta name=\"twitter:label1\" content=\"Est. reading time\" \/>\n\t<meta name=\"twitter:data1\" content=\"2 minutit\" \/>\n<script type=\"application\/ld+json\" class=\"yoast-schema-graph\">{\"@context\":\"https:\\\/\\\/schema.org\",\"@graph\":[{\"@type\":\"WebPage\",\"@id\":\"https:\\\/\\\/hambapol.ee\\\/rontgeniteenus\\\/\",\"url\":\"https:\\\/\\\/hambapol.ee\\\/rontgeniteenus\\\/\",\"name\":\"- Tallinna Hambakliinik\",\"isPartOf\":{\"@id\":\"https:\\\/\\\/hambapol.ee\\\/#website\"},\"primaryImageOfPage\":{\"@id\":\"https:\\\/\\\/hambapol.ee\\\/rontgeniteenus\\\/#primaryimage\"},\"image\":{\"@id\":\"https:\\\/\\\/hambapol.ee\\\/rontgeniteenus\\\/#primaryimage\"},\"thumbnailUrl\":\"https:\\\/\\\/hambapol.ee\\\/wp-content\\\/uploads\\\/2025\\\/02\\\/rontgeniteenus-1.jpg\",\"datePublished\":\"2025-02-07T16:28:45+00:00\",\"dateModified\":\"2026-03-13T11:33:50+00:00\",\"description\":\"R\u00f6ntgeniteenus Panoraam- ja 3D-kujutised t\u00e4pseks diagnoosimiseks ning raviks. R\u00f6ntgenikabineti t\u00f6\u00f6 R\u00f6ntgenikabinet t\u00f6\u00f6tab argip\u00e4eviti (E-R) kell 8.00 -\",\"breadcrumb\":{\"@id\":\"https:\\\/\\\/hambapol.ee\\\/rontgeniteenus\\\/#breadcrumb\"},\"inLanguage\":\"et\",\"potentialAction\":[{\"@type\":\"ReadAction\",\"target\":[\"https:\\\/\\\/hambapol.ee\\\/rontgeniteenus\\\/\"]}]},{\"@type\":\"ImageObject\",\"inLanguage\":\"et\",\"@id\":\"https:\\\/\\\/hambapol.ee\\\/rontgeniteenus\\\/#primaryimage\",\"url\":\"https:\\\/\\\/hambapol.ee\\\/wp-content\\\/uploads\\\/2025\\\/02\\\/rontgeniteenus-1.jpg\",\"contentUrl\":\"https:\\\/\\\/hambapol.ee\\\/wp-content\\\/uploads\\\/2025\\\/02\\\/rontgeniteenus-1.jpg\",\"width\":800,\"height\":533,\"caption\":\"R\u00f6ntgeniteenus\"},{\"@type\":\"BreadcrumbList\",\"@id\":\"https:\\\/\\\/hambapol.ee\\\/rontgeniteenus\\\/#breadcrumb\",\"itemListElement\":[{\"@type\":\"ListItem\",\"position\":1,\"name\":\"Home\",\"item\":\"https:\\\/\\\/hambapol.ee\\\/\"},{\"@type\":\"ListItem\",\"position\":2,\"name\":\"R\u00f6ntgeniteenus\"}]},{\"@type\":\"WebSite\",\"@id\":\"https:\\\/\\\/hambapol.ee\\\/#website\",\"url\":\"https:\\\/\\\/hambapol.ee\\\/\",\"name\":\"Tallinna Hambakliinik\",\"description\":\"Enesekindel naeratus\",\"publisher\":{\"@id\":\"https:\\\/\\\/hambapol.ee\\\/#organization\"},\"alternateName\":\"THK\",\"potentialAction\":[{\"@type\":\"SearchAction\",\"target\":{\"@type\":\"EntryPoint\",\"urlTemplate\":\"https:\\\/\\\/hambapol.ee\\\/?s={search_term_string}\"},\"query-input\":{\"@type\":\"PropertyValueSpecification\",\"valueRequired\":true,\"valueName\":\"search_term_string\"}}],\"inLanguage\":\"et\"},{\"@type\":\"Organization\",\"@id\":\"https:\\\/\\\/hambapol.ee\\\/#organization\",\"name\":\"SA Tallinna Hambakliinik\",\"url\":\"https:\\\/\\\/hambapol.ee\\\/\",\"logo\":{\"@type\":\"ImageObject\",\"inLanguage\":\"et\",\"@id\":\"https:\\\/\\\/hambapol.ee\\\/#\\\/schema\\\/logo\\\/image\\\/\",\"url\":\"https:\\\/\\\/hambapol.ee\\\/wp-content\\\/uploads\\\/2025\\\/01\\\/thk-logo-anno-taustata-e1737668889173.png\",\"contentUrl\":\"https:\\\/\\\/hambapol.ee\\\/wp-content\\\/uploads\\\/2025\\\/01\\\/thk-logo-anno-taustata-e1737668889173.png\",\"width\":250,\"height\":254,\"caption\":\"SA Tallinna Hambakliinik\"},\"image\":{\"@id\":\"https:\\\/\\\/hambapol.ee\\\/#\\\/schema\\\/logo\\\/image\\\/\"},\"sameAs\":[\"https:\\\/\\\/www.facebook.com\\\/TallinnaHambakliinik\\\/\"]}]}<\/script>\n<!-- \/ Yoast SEO plugin. -->","yoast_head_json":{"title":"- Tallinna Hambakliinik","description":"R\u00f6ntgeniteenus Panoraam- ja 3D-kujutised t\u00e4pseks diagnoosimiseks ning raviks. R\u00f6ntgenikabineti t\u00f6\u00f6 R\u00f6ntgenikabinet t\u00f6\u00f6tab argip\u00e4eviti (E-R) kell 8.00 -","robots":{"index":"index","follow":"follow","max-snippet":"max-snippet:-1","max-image-preview":"max-image-preview:large","max-video-preview":"max-video-preview:-1"},"canonical":"https:\/\/hambapol.ee\/et\/rontgeniteenus\/","og_locale":"et_EE","og_type":"article","og_title":"- Tallinna Hambakliinik","og_description":"R\u00f6ntgeniteenus Panoraam- ja 3D-kujutised t\u00e4pseks diagnoosimiseks ning raviks. R\u00f6ntgenikabineti t\u00f6\u00f6 R\u00f6ntgenikabinet t\u00f6\u00f6tab argip\u00e4eviti (E-R) kell 8.00 -","og_url":"https:\/\/hambapol.ee\/et\/rontgeniteenus\/","og_site_name":"Tallinna Hambakliinik","article_publisher":"https:\/\/www.facebook.com\/TallinnaHambakliinik\/","article_modified_time":"2026-03-13T11:33:50+00:00","og_image":[{"width":800,"height":533,"url":"https:\/\/hambapol.ee\/wp-content\/uploads\/2025\/02\/rontgeniteenus-1.jpg","type":"image\/jpeg"}],"twitter_card":"summary_large_image","twitter_misc":{"Est. reading time":"2 minutit"},"schema":{"@context":"https:\/\/schema.org","@graph":[{"@type":"WebPage","@id":"https:\/\/hambapol.ee\/rontgeniteenus\/","url":"https:\/\/hambapol.ee\/rontgeniteenus\/","name":"- Tallinna Hambakliinik","isPartOf":{"@id":"https:\/\/hambapol.ee\/#website"},"primaryImageOfPage":{"@id":"https:\/\/hambapol.ee\/rontgeniteenus\/#primaryimage"},"image":{"@id":"https:\/\/hambapol.ee\/rontgeniteenus\/#primaryimage"},"thumbnailUrl":"https:\/\/hambapol.ee\/wp-content\/uploads\/2025\/02\/rontgeniteenus-1.jpg","datePublished":"2025-02-07T16:28:45+00:00","dateModified":"2026-03-13T11:33:50+00:00","description":"R\u00f6ntgeniteenus Panoraam- ja 3D-kujutised t\u00e4pseks diagnoosimiseks ning raviks. R\u00f6ntgenikabineti t\u00f6\u00f6 R\u00f6ntgenikabinet t\u00f6\u00f6tab argip\u00e4eviti (E-R) kell 8.00 -","breadcrumb":{"@id":"https:\/\/hambapol.ee\/rontgeniteenus\/#breadcrumb"},"inLanguage":"et","potentialAction":[{"@type":"ReadAction","target":["https:\/\/hambapol.ee\/rontgeniteenus\/"]}]},{"@type":"ImageObject","inLanguage":"et","@id":"https:\/\/hambapol.ee\/rontgeniteenus\/#primaryimage","url":"https:\/\/hambapol.ee\/wp-content\/uploads\/2025\/02\/rontgeniteenus-1.jpg","contentUrl":"https:\/\/hambapol.ee\/wp-content\/uploads\/2025\/02\/rontgeniteenus-1.jpg","width":800,"height":533,"caption":"R\u00f6ntgeniteenus"},{"@type":"BreadcrumbList","@id":"https:\/\/hambapol.ee\/rontgeniteenus\/#breadcrumb","itemListElement":[{"@type":"ListItem","position":1,"name":"Home","item":"https:\/\/hambapol.ee\/"},{"@type":"ListItem","position":2,"name":"R\u00f6ntgeniteenus"}]},{"@type":"WebSite","@id":"https:\/\/hambapol.ee\/#website","url":"https:\/\/hambapol.ee\/","name":"Tallinna Hambakliinik","description":"Enesekindel naeratus","publisher":{"@id":"https:\/\/hambapol.ee\/#organization"},"alternateName":"THK","potentialAction":[{"@type":"SearchAction","target":{"@type":"EntryPoint","urlTemplate":"https:\/\/hambapol.ee\/?s={search_term_string}"},"query-input":{"@type":"PropertyValueSpecification","valueRequired":true,"valueName":"search_term_string"}}],"inLanguage":"et"},{"@type":"Organization","@id":"https:\/\/hambapol.ee\/#organization","name":"SA Tallinna Hambakliinik","url":"https:\/\/hambapol.ee\/","logo":{"@type":"ImageObject","inLanguage":"et","@id":"https:\/\/hambapol.ee\/#\/schema\/logo\/image\/","url":"https:\/\/hambapol.ee\/wp-content\/uploads\/2025\/01\/thk-logo-anno-taustata-e1737668889173.png","contentUrl":"https:\/\/hambapol.ee\/wp-content\/uploads\/2025\/01\/thk-logo-anno-taustata-e1737668889173.png","width":250,"height":254,"caption":"SA Tallinna Hambakliinik"},"image":{"@id":"https:\/\/hambapol.ee\/#\/schema\/logo\/image\/"},"sameAs":["https:\/\/www.facebook.com\/TallinnaHambakliinik\/"]}]}},"_links":{"self":[{"href":"https:\/\/hambapol.ee\/et\/wp-json\/wp\/v2\/pages\/1646","targetHints":{"allow":["GET"]}}],"collection":[{"href":"https:\/\/hambapol.ee\/et\/wp-json\/wp\/v2\/pages"}],"about":[{"href":"https:\/\/hambapol.ee\/et\/wp-json\/wp\/v2\/types\/page"}],"author":[{"embeddable":true,"href":"https:\/\/hambapol.ee\/et\/wp-json\/wp\/v2\/users\/1"}],"replies":[{"embeddable":true,"href":"https:\/\/hambapol.ee\/et\/wp-json\/wp\/v2\/comments?post=1646"}],"version-history":[{"count":21,"href":"https:\/\/hambapol.ee\/et\/wp-json\/wp\/v2\/pages\/1646\/revisions"}],"predecessor-version":[{"id":3335,"href":"https:\/\/hambapol.ee\/et\/wp-json\/wp\/v2\/pages\/1646\/revisions\/3335"}],"wp:featuredmedia":[{"embeddable":true,"href":"https:\/\/hambapol.ee\/et\/wp-json\/wp\/v2\/media\/1647"}],"wp:attachment":[{"href":"https:\/\/hambapol.ee\/et\/wp-json\/wp\/v2\/media?parent=1646"}],"curies":[{"name":"wp","href":"https:\/\/api.w.org\/{rel}","templated":true}]}}