{"id":1574,"date":"2025-02-06T17:00:59","date_gmt":"2025-02-06T15:00:59","guid":{"rendered":"https:\/\/hambapol.ee\/?page_id=1574"},"modified":"2026-03-16T11:24:00","modified_gmt":"2026-03-16T09:24:00","slug":"tagasiside-andmine","status":"publish","type":"page","link":"https:\/\/hambapol.ee\/et\/tagasiside-andmine\/","title":{"rendered":"Tagasiside andmine"},"content":{"rendered":"\t\t<div data-elementor-type=\"wp-page\" data-elementor-id=\"1574\" class=\"elementor elementor-1574\" data-elementor-post-type=\"page\">\n\t\t\t\t<div class=\"elementor-element elementor-element-44adb0a e-flex e-con-boxed e-con e-parent\" data-id=\"44adb0a\" data-element_type=\"container\" data-e-type=\"container\" data-settings=\"{&quot;background_background&quot;:&quot;classic&quot;}\">\n\t\t\t\t\t<div class=\"e-con-inner\">\n\t\t\t\t<div class=\"elementor-element elementor-element-ce75193 elementor-widget elementor-widget-heading\" data-id=\"ce75193\" data-element_type=\"widget\" data-e-type=\"widget\" data-widget_type=\"heading.default\">\n\t\t\t\t<div class=\"elementor-widget-container\">\n\t\t\t\t\t<h1 class=\"elementor-heading-title elementor-size-default\">Tagasiside \u2013 Sinu panus meie teenuste kvaliteeti<\/h1>\t\t\t\t<\/div>\n\t\t\t\t<\/div>\n\t\t\t\t<div class=\"elementor-element elementor-element-2253bb5 elementor-widget elementor-widget-heading\" data-id=\"2253bb5\" data-element_type=\"widget\" data-e-type=\"widget\" data-widget_type=\"heading.default\">\n\t\t\t\t<div class=\"elementor-widget-container\">\n\t\t\t\t\t<h2 class=\"elementor-heading-title elementor-size-default\">Iga patsiendi kogemus loeb.<\/h2>\t\t\t\t<\/div>\n\t\t\t\t<\/div>\n\t\t\t\t\t<\/div>\n\t\t\t\t<\/div>\n\t\t<div class=\"elementor-element elementor-element-963df1a e-flex e-con-boxed e-con e-parent\" data-id=\"963df1a\" data-element_type=\"container\" data-e-type=\"container\" data-settings=\"{&quot;background_background&quot;:&quot;classic&quot;}\">\n\t\t\t\t\t<div class=\"e-con-inner\">\n\t\t\t\t<div class=\"elementor-element elementor-element-b9c4497 elementor-widget elementor-widget-heading\" data-id=\"b9c4497\" data-element_type=\"widget\" data-e-type=\"widget\" data-widget_type=\"heading.default\">\n\t\t\t\t<div class=\"elementor-widget-container\">\n\t\t\t\t\t<h3 class=\"elementor-heading-title elementor-size-default\">Tallinna Hambakliiniku patsiendil on v\u00f5imalik anda tagasisidet seoses:<\/h3>\t\t\t\t<\/div>\n\t\t\t\t<\/div>\n\t\t\t\t<div class=\"elementor-element elementor-element-6ac4b88 elementor-widget elementor-widget-text-editor\" data-id=\"6ac4b88\" data-element_type=\"widget\" data-e-type=\"widget\" data-widget_type=\"text-editor.default\">\n\t\t\t\t<div class=\"elementor-widget-container\">\n\t\t\t\t\t\t\t\t\t<ul><li style=\"list-style-type: none;\"><ul><li>talle osutatud raviteenusega,<\/li><li>talle valmistatud isikliku meditsiiniseadmega (hambaprotees, ortodontiline aparaat, kape vm),<\/li><li>meditsiini- v\u00f5i muu personali k\u00e4itumisega,<\/li><li>patsiendiohutusjuhtumiga.<\/li><\/ul><\/li><\/ul><p>Hambakliinik v\u00f5tab menetlusse \u00fcksnes kirjalikult kliiniku meiliaadressil <a href=\"mailto:tagasiside@hambapol.ee\" target=\"_blank\" rel=\"noopener\">tagasiside@hambapol.ee<\/a> esitatud tagasisidet.<\/p><p>Patsientidel on \u00f5igus ja v\u00f5imalus p\u00f6\u00f6rduda ka teiste asjakohaste institutsioonide poole.<\/p><p>Kui Te ei ole rahul kliiniku olmetingimuste v\u00f5i personali k\u00e4itumisega, siis palume anda tagasisidet esmalt meile. Selleks saab t\u00e4ita tagasiside vormi ka kohapeal. Avalduste ja ettepanekute postkast asub hambakliiniku fuajees garderoobi k\u00f5rval.<\/p><p>Kirjaliku tagasiside esitamisel peab see olema selgelt ja arusaadavalt s\u00f5nastatud ning sisaldama patsiendi ees- ja perekonnanime, isikukoodi ja kontaktandmeid.<\/p><p>Tagasiside esitajale vastatakse kirjalikult 30 t\u00f6\u00f6p\u00e4eva jooksul alates kaebuse registreerimise p\u00e4evast.<\/p>\t\t\t\t\t\t\t\t<\/div>\n\t\t\t\t<\/div>\n\t\t\t\t\t<\/div>\n\t\t\t\t<\/div>\n\t\t<div class=\"elementor-element elementor-element-ac8a1d0 e-flex e-con-boxed e-con e-parent\" data-id=\"ac8a1d0\" data-element_type=\"container\" data-e-type=\"container\" data-settings=\"{&quot;background_background&quot;:&quot;classic&quot;}\">\n\t\t\t\t\t<div class=\"e-con-inner\">\n\t\t\t\t<div class=\"elementor-element elementor-element-2c699b8 elementor-widget elementor-widget-heading\" data-id=\"2c699b8\" data-element_type=\"widget\" data-e-type=\"widget\" data-widget_type=\"heading.default\">\n\t\t\t\t<div class=\"elementor-widget-container\">\n\t\t\t\t\t<h3 class=\"elementor-heading-title elementor-size-default\">Patsiendiohutusjuhtum<\/h3>\t\t\t\t<\/div>\n\t\t\t\t<\/div>\n\t\t\t\t<div class=\"elementor-element elementor-element-ba3d087 elementor-widget elementor-widget-text-editor\" data-id=\"ba3d087\" data-element_type=\"widget\" data-e-type=\"widget\" data-widget_type=\"text-editor.default\">\n\t\t\t\t<div class=\"elementor-widget-container\">\n\t\t\t\t\t\t\t\t\t<p>Patsiendiohutusjuhtumist teavitamiseks kasutatakse <a href=\"mailto:tagasiside@hambapol.ee\" target=\"_blank\" rel=\"noopener\">tagasiside@hambapol.ee<\/a>.<\/p>\t\t\t\t\t\t\t\t<\/div>\n\t\t\t\t<\/div>\n\t\t\t\t\t<\/div>\n\t\t\t\t<\/div>\n\t\t<div class=\"elementor-element elementor-element-ca583b5 e-flex e-con-boxed e-con e-parent\" data-id=\"ca583b5\" data-element_type=\"container\" data-e-type=\"container\" data-settings=\"{&quot;background_background&quot;:&quot;classic&quot;}\">\n\t\t\t\t\t<div class=\"e-con-inner\">\n\t\t\t\t<div class=\"elementor-element elementor-element-c5b141a elementor-widget elementor-widget-heading\" data-id=\"c5b141a\" data-element_type=\"widget\" data-e-type=\"widget\" data-widget_type=\"heading.default\">\n\t\t\t\t<div class=\"elementor-widget-container\">\n\t\t\t\t\t<h3 class=\"elementor-heading-title elementor-size-default\">Tagasisidele ei saadeta vastust, kui:<\/h3>\t\t\t\t<\/div>\n\t\t\t\t<\/div>\n\t\t\t\t<div class=\"elementor-element elementor-element-26c82a5 elementor-widget elementor-widget-text-editor\" data-id=\"26c82a5\" data-element_type=\"widget\" data-e-type=\"widget\" data-widget_type=\"text-editor.default\">\n\t\t\t\t<div class=\"elementor-widget-container\">\n\t\t\t\t\t\t\t\t\t<ul><li style=\"list-style-type: none;\"><ul><li>tegemist on korduva p\u00f6\u00f6rdumisega, millele kliinik on juba p\u00f5hjalikult vastanud<\/li><li>tegemist on isiklike \u00e4hvarduste ja solvangutega kliiniku t\u00f6\u00f6tajate aadressil<\/li><li>patsiendi tagasiside eesm\u00e4rk j\u00e4\u00e4b kliinikule ebaselgeks<\/li><\/ul><\/li><\/ul>\t\t\t\t\t\t\t\t<\/div>\n\t\t\t\t<\/div>\n\t\t\t\t\t<\/div>\n\t\t\t\t<\/div>\n\t\t<div class=\"elementor-element elementor-element-c258093 e-flex e-con-boxed e-con e-parent\" data-id=\"c258093\" data-element_type=\"container\" data-e-type=\"container\" data-settings=\"{&quot;background_background&quot;:&quot;classic&quot;}\">\n\t\t\t\t\t<div class=\"e-con-inner\">\n\t\t\t\t<div class=\"elementor-element elementor-element-e99f7ec elementor-widget elementor-widget-heading\" data-id=\"e99f7ec\" data-element_type=\"widget\" data-e-type=\"widget\" data-widget_type=\"heading.default\">\n\t\t\t\t<div class=\"elementor-widget-container\">\n\t\t\t\t\t<h3 class=\"elementor-heading-title elementor-size-default\">Patsiendikindlustus<\/h3>\t\t\t\t<\/div>\n\t\t\t\t<\/div>\n\t\t\t\t<div class=\"elementor-element elementor-element-544ac43 elementor-widget elementor-widget-text-editor\" data-id=\"544ac43\" data-element_type=\"widget\" data-e-type=\"widget\" data-widget_type=\"text-editor.default\">\n\t\t\t\t<div class=\"elementor-widget-container\">\n\t\t\t\t\t\t\t\t\t<p>Vastavalt tervishoiuteenuse osutaja kohustusliku vastutuskindlustuse seadusele on Tallinna Hambakliinik s\u00f5lminud kohustusliku vastutuskindlustuslepingu. Kindlustusandjaks on <strong>Lloyd\u2019s Insurance Company S.A.<\/strong>\u00a0<br \/>Kindlustuskaitse perioodiks on <strong>21.11.2025-20.11.2026<\/strong>.<\/p><p>Kindlustussumma: 3 000 000 \u20ac kindlustusperioodi kohta, kuni 300 000 \u20ac kindlustusjuhtumi kohta ning kuni 100 000 \u20ac \u00f5igustatud isiku kohta. Mittevaralise kahju kindlustussummaks on kuni 100 000 \u20ac kindlustusjuhtumi kohta ning kuni 30 000 \u20ac \u00f5igustatud isiku kohta.<\/p><p><strong>Kahjun\u00f5ude esitamine:<\/strong> <a href=\"https:\/\/medmal.ee\/kahjuteated\/\">www.medmal.ee\/kahjuteated<br \/><\/a>Kahjun\u00f5ude esitamise j\u00e4rgselt v\u00f5tab teiega \u00fchendust kindlustusandja poolt volitatud kahjuk\u00e4sitleja. <\/p><p>Tervishoiuteenuse osutamise lepingu alusel tekkinud vaidluste lahendamiseks on patsiendil \u00f5igus p\u00f6\u00f6rduda ka kohtusse.<\/p>\t\t\t\t\t\t\t\t<\/div>\n\t\t\t\t<\/div>\n\t\t\t\t<div class=\"elementor-element elementor-element-3005ab1 elementor-widget elementor-widget-heading\" data-id=\"3005ab1\" data-element_type=\"widget\" data-e-type=\"widget\" data-widget_type=\"heading.default\">\n\t\t\t\t<div class=\"elementor-widget-container\">\n\t\t\t\t\t<h3 class=\"elementor-heading-title elementor-size-default\">Asutuste kontaktid, kuhu on v\u00f5imalik p\u00f6\u00f6rduda:<\/h3>\t\t\t\t<\/div>\n\t\t\t\t<\/div>\n\t\t\t\t<div class=\"elementor-element elementor-element-bf525e9 elementor-widget elementor-widget-text-editor\" data-id=\"bf525e9\" data-element_type=\"widget\" data-e-type=\"widget\" data-widget_type=\"text-editor.default\">\n\t\t\t\t<div class=\"elementor-widget-container\">\n\t\t\t\t\t\t\t\t\t<p><strong>AS Tallinna Hambakliinik<\/strong> (tervishoiuteenuse osutaja)<br \/>Toompuiestee 4b, 10142 Tallinn <br \/>Telefon +372 612 1200 <br \/>E-post <a href=\"mailto:hambapol@hambapol.ee\">hambapol@hambapol.ee<\/a><\/p><p><strong>Tervisekassa<\/strong> (kontrollib Tervisekassa ja tervishoiuteenuse osutaja vahelise lepingu t\u00e4itmist)<br \/>Lastekodu 48, 10113 Tallinn <br \/>Infotelefon 16 363 <br \/>E-post <a href=\"mailto:info@tervisekassa.ee\">info@tervisekassa.ee<\/a><\/p><p><strong>Terviseamet<\/strong> (kontrollib ja hindab tervishoiuteenuse osutamise n\u00f5uetekohasust ehk vastavust \u00f5igusaktidele)<br \/>Paldiski mnt 81, 10617 Tallinn <br \/>E-post <a href=\"mailto:kesk@terviseamet.ee\">kesk@terviseamet.ee<\/a><\/p><p><strong>Eesti Patsientide Esindus\u00fching<\/strong> (sotsiaal- ja tervishoiuteenuste tarbijate huvikaitse organisatsioon)<br \/>Kaupmehe 14, 10114 Tallinn <br \/>Telefon 656 6429 <br \/>E-post <a href=\"mailto:epey@epey.ee\">epey@epey.ee<\/a><\/p>\t\t\t\t\t\t\t\t<\/div>\n\t\t\t\t<\/div>\n\t\t\t\t\t<\/div>\n\t\t\t\t<\/div>\n\t\t\t\t<\/div>\n\t\t","protected":false},"excerpt":{"rendered":"<p>Tagasiside \u2013 Sinu panus meie teenuste kvaliteeti Iga patsiendi kogemus loeb. Tallinna Hambakliiniku patsiendil on v\u00f5imalik anda tagasisidet seoses: talle osutatud raviteenusega, talle valmistatud isikliku meditsiiniseadmega (hambaprotees, ortodontiline aparaat, kape vm), meditsiini- v\u00f5i muu personali k\u00e4itumisega, patsiendiohutusjuhtumiga. Hambakliinik v\u00f5tab menetlusse \u00fcksnes kirjalikult kliiniku meiliaadressil tagasiside@hambapol.ee esitatud tagasisidet. Patsientidel on \u00f5igus ja v\u00f5imalus p\u00f6\u00f6rduda ka teiste [&hellip;]<\/p>\n","protected":false},"author":1,"featured_media":602,"parent":0,"menu_order":0,"comment_status":"closed","ping_status":"closed","template":"","meta":{"_acf_changed":false,"site-sidebar-layout":"no-sidebar","site-content-layout":"","ast-site-content-layout":"full-width-container","site-content-style":"default","site-sidebar-style":"default","ast-global-header-display":"","ast-banner-title-visibility":"","ast-main-header-display":"","ast-hfb-above-header-display":"","ast-hfb-below-header-display":"","ast-hfb-mobile-header-display":"","site-post-title":"disabled","ast-breadcrumbs-content":"","ast-featured-img":"disabled","footer-sml-layout":"","ast-disable-related-posts":"","theme-transparent-header-meta":"","adv-header-id-meta":"","stick-header-meta":"","header-above-stick-meta":"","header-main-stick-meta":"","header-below-stick-meta":"","astra-migrate-meta-layouts":"default","ast-page-background-enabled":"default","ast-page-background-meta":{"desktop":{"background-color":"var(--ast-global-color-5)","background-image":"","background-repeat":"repeat","background-position":"center center","background-size":"auto","background-attachment":"scroll","background-type":"","background-media":"","overlay-type":"","overlay-color":"","overlay-opacity":"","overlay-gradient":""},"tablet":{"background-color":"","background-image":"","background-repeat":"repeat","background-position":"center center","background-size":"auto","background-attachment":"scroll","background-type":"","background-media":"","overlay-type":"","overlay-color":"","overlay-opacity":"","overlay-gradient":""},"mobile":{"background-color":"","background-image":"","background-repeat":"repeat","background-position":"center center","background-size":"auto","background-attachment":"scroll","background-type":"","background-media":"","overlay-type":"","overlay-color":"","overlay-opacity":"","overlay-gradient":""}},"ast-content-background-meta":{"desktop":{"background-color":"var(--ast-global-color-4)","background-image":"","background-repeat":"repeat","background-position":"center center","background-size":"auto","background-attachment":"scroll","background-type":"","background-media":"","overlay-type":"","overlay-color":"","overlay-opacity":"","overlay-gradient":""},"tablet":{"background-color":"var(--ast-global-color-4)","background-image":"","background-repeat":"repeat","background-position":"center center","background-size":"auto","background-attachment":"scroll","background-type":"","background-media":"","overlay-type":"","overlay-color":"","overlay-opacity":"","overlay-gradient":""},"mobile":{"background-color":"var(--ast-global-color-4)","background-image":"","background-repeat":"repeat","background-position":"center center","background-size":"auto","background-attachment":"scroll","background-type":"","background-media":"","overlay-type":"","overlay-color":"","overlay-opacity":"","overlay-gradient":""}},"footnotes":""},"class_list":["post-1574","page","type-page","status-publish","has-post-thumbnail","hentry"],"acf":[],"yoast_head":"<!-- This site is optimized with the Yoast SEO plugin v27.3 - https:\/\/yoast.com\/product\/yoast-seo-wordpress\/ -->\n<title>- Tallinna Hambakliinik<\/title>\n<meta name=\"description\" content=\"Tagasiside \u2013 Sinu panus meie teenuste kvaliteeti Iga patsiendi kogemus loeb. Tallinna Hambakliiniku patsiendil on v\u00f5imalik anda tagasisidet seoses: talle\" \/>\n<meta name=\"robots\" content=\"index, follow, max-snippet:-1, max-image-preview:large, max-video-preview:-1\" \/>\n<link rel=\"canonical\" href=\"https:\/\/hambapol.ee\/et\/tagasiside-andmine\/\" \/>\n<meta property=\"og:locale\" content=\"et_EE\" \/>\n<meta property=\"og:type\" content=\"article\" \/>\n<meta property=\"og:title\" content=\"- Tallinna Hambakliinik\" \/>\n<meta property=\"og:description\" content=\"Tagasiside \u2013 Sinu panus meie teenuste kvaliteeti Iga patsiendi kogemus loeb. Tallinna Hambakliiniku patsiendil on v\u00f5imalik anda tagasisidet seoses: talle\" \/>\n<meta property=\"og:url\" content=\"https:\/\/hambapol.ee\/et\/tagasiside-andmine\/\" \/>\n<meta property=\"og:site_name\" content=\"Tallinna Hambakliinik\" \/>\n<meta property=\"article:publisher\" content=\"https:\/\/www.facebook.com\/TallinnaHambakliinik\/\" \/>\n<meta property=\"article:modified_time\" content=\"2026-03-16T09:24:00+00:00\" \/>\n<meta property=\"og:image\" content=\"https:\/\/hambapol.ee\/wp-content\/uploads\/2025\/01\/Tallinna-Hambakliiniku-teenused.jpg\" \/>\n\t<meta property=\"og:image:width\" content=\"809\" \/>\n\t<meta property=\"og:image:height\" content=\"607\" \/>\n\t<meta property=\"og:image:type\" content=\"image\/jpeg\" \/>\n<meta name=\"twitter:card\" content=\"summary_large_image\" \/>\n<meta name=\"twitter:label1\" content=\"Est. reading time\" \/>\n\t<meta name=\"twitter:data1\" content=\"2 minutit\" \/>\n<script type=\"application\/ld+json\" class=\"yoast-schema-graph\">{\"@context\":\"https:\\\/\\\/schema.org\",\"@graph\":[{\"@type\":\"WebPage\",\"@id\":\"https:\\\/\\\/hambapol.ee\\\/tagasiside-andmine\\\/\",\"url\":\"https:\\\/\\\/hambapol.ee\\\/tagasiside-andmine\\\/\",\"name\":\"- Tallinna Hambakliinik\",\"isPartOf\":{\"@id\":\"https:\\\/\\\/hambapol.ee\\\/#website\"},\"primaryImageOfPage\":{\"@id\":\"https:\\\/\\\/hambapol.ee\\\/tagasiside-andmine\\\/#primaryimage\"},\"image\":{\"@id\":\"https:\\\/\\\/hambapol.ee\\\/tagasiside-andmine\\\/#primaryimage\"},\"thumbnailUrl\":\"https:\\\/\\\/hambapol.ee\\\/wp-content\\\/uploads\\\/2025\\\/01\\\/Tallinna-Hambakliiniku-teenused.jpg\",\"datePublished\":\"2025-02-06T15:00:59+00:00\",\"dateModified\":\"2026-03-16T09:24:00+00:00\",\"description\":\"Tagasiside \u2013 Sinu panus meie teenuste kvaliteeti Iga patsiendi kogemus loeb. Tallinna Hambakliiniku patsiendil on v\u00f5imalik anda tagasisidet seoses: talle\",\"breadcrumb\":{\"@id\":\"https:\\\/\\\/hambapol.ee\\\/tagasiside-andmine\\\/#breadcrumb\"},\"inLanguage\":\"et\",\"potentialAction\":[{\"@type\":\"ReadAction\",\"target\":[\"https:\\\/\\\/hambapol.ee\\\/tagasiside-andmine\\\/\"]}]},{\"@type\":\"ImageObject\",\"inLanguage\":\"et\",\"@id\":\"https:\\\/\\\/hambapol.ee\\\/tagasiside-andmine\\\/#primaryimage\",\"url\":\"https:\\\/\\\/hambapol.ee\\\/wp-content\\\/uploads\\\/2025\\\/01\\\/Tallinna-Hambakliiniku-teenused.jpg\",\"contentUrl\":\"https:\\\/\\\/hambapol.ee\\\/wp-content\\\/uploads\\\/2025\\\/01\\\/Tallinna-Hambakliiniku-teenused.jpg\",\"width\":809,\"height\":607,\"caption\":\"Tallinna Hambakliinik Hambaravi Tallinna kesklinnas esmaabi\"},{\"@type\":\"BreadcrumbList\",\"@id\":\"https:\\\/\\\/hambapol.ee\\\/tagasiside-andmine\\\/#breadcrumb\",\"itemListElement\":[{\"@type\":\"ListItem\",\"position\":1,\"name\":\"Home\",\"item\":\"https:\\\/\\\/hambapol.ee\\\/\"},{\"@type\":\"ListItem\",\"position\":2,\"name\":\"Tagasiside andmine\"}]},{\"@type\":\"WebSite\",\"@id\":\"https:\\\/\\\/hambapol.ee\\\/#website\",\"url\":\"https:\\\/\\\/hambapol.ee\\\/\",\"name\":\"Tallinna Hambakliinik\",\"description\":\"Enesekindel naeratus\",\"publisher\":{\"@id\":\"https:\\\/\\\/hambapol.ee\\\/#organization\"},\"alternateName\":\"THK\",\"potentialAction\":[{\"@type\":\"SearchAction\",\"target\":{\"@type\":\"EntryPoint\",\"urlTemplate\":\"https:\\\/\\\/hambapol.ee\\\/?s={search_term_string}\"},\"query-input\":{\"@type\":\"PropertyValueSpecification\",\"valueRequired\":true,\"valueName\":\"search_term_string\"}}],\"inLanguage\":\"et\"},{\"@type\":\"Organization\",\"@id\":\"https:\\\/\\\/hambapol.ee\\\/#organization\",\"name\":\"SA Tallinna Hambakliinik\",\"url\":\"https:\\\/\\\/hambapol.ee\\\/\",\"logo\":{\"@type\":\"ImageObject\",\"inLanguage\":\"et\",\"@id\":\"https:\\\/\\\/hambapol.ee\\\/#\\\/schema\\\/logo\\\/image\\\/\",\"url\":\"https:\\\/\\\/hambapol.ee\\\/wp-content\\\/uploads\\\/2025\\\/01\\\/thk-logo-anno-taustata-e1737668889173.png\",\"contentUrl\":\"https:\\\/\\\/hambapol.ee\\\/wp-content\\\/uploads\\\/2025\\\/01\\\/thk-logo-anno-taustata-e1737668889173.png\",\"width\":250,\"height\":254,\"caption\":\"SA Tallinna Hambakliinik\"},\"image\":{\"@id\":\"https:\\\/\\\/hambapol.ee\\\/#\\\/schema\\\/logo\\\/image\\\/\"},\"sameAs\":[\"https:\\\/\\\/www.facebook.com\\\/TallinnaHambakliinik\\\/\"]}]}<\/script>\n<!-- \/ Yoast SEO plugin. -->","yoast_head_json":{"title":"- Tallinna Hambakliinik","description":"Tagasiside \u2013 Sinu panus meie teenuste kvaliteeti Iga patsiendi kogemus loeb. Tallinna Hambakliiniku patsiendil on v\u00f5imalik anda tagasisidet seoses: talle","robots":{"index":"index","follow":"follow","max-snippet":"max-snippet:-1","max-image-preview":"max-image-preview:large","max-video-preview":"max-video-preview:-1"},"canonical":"https:\/\/hambapol.ee\/et\/tagasiside-andmine\/","og_locale":"et_EE","og_type":"article","og_title":"- Tallinna Hambakliinik","og_description":"Tagasiside \u2013 Sinu panus meie teenuste kvaliteeti Iga patsiendi kogemus loeb. Tallinna Hambakliiniku patsiendil on v\u00f5imalik anda tagasisidet seoses: talle","og_url":"https:\/\/hambapol.ee\/et\/tagasiside-andmine\/","og_site_name":"Tallinna Hambakliinik","article_publisher":"https:\/\/www.facebook.com\/TallinnaHambakliinik\/","article_modified_time":"2026-03-16T09:24:00+00:00","og_image":[{"width":809,"height":607,"url":"https:\/\/hambapol.ee\/wp-content\/uploads\/2025\/01\/Tallinna-Hambakliiniku-teenused.jpg","type":"image\/jpeg"}],"twitter_card":"summary_large_image","twitter_misc":{"Est. reading time":"2 minutit"},"schema":{"@context":"https:\/\/schema.org","@graph":[{"@type":"WebPage","@id":"https:\/\/hambapol.ee\/tagasiside-andmine\/","url":"https:\/\/hambapol.ee\/tagasiside-andmine\/","name":"- Tallinna Hambakliinik","isPartOf":{"@id":"https:\/\/hambapol.ee\/#website"},"primaryImageOfPage":{"@id":"https:\/\/hambapol.ee\/tagasiside-andmine\/#primaryimage"},"image":{"@id":"https:\/\/hambapol.ee\/tagasiside-andmine\/#primaryimage"},"thumbnailUrl":"https:\/\/hambapol.ee\/wp-content\/uploads\/2025\/01\/Tallinna-Hambakliiniku-teenused.jpg","datePublished":"2025-02-06T15:00:59+00:00","dateModified":"2026-03-16T09:24:00+00:00","description":"Tagasiside \u2013 Sinu panus meie teenuste kvaliteeti Iga patsiendi kogemus loeb. Tallinna Hambakliiniku patsiendil on v\u00f5imalik anda tagasisidet seoses: talle","breadcrumb":{"@id":"https:\/\/hambapol.ee\/tagasiside-andmine\/#breadcrumb"},"inLanguage":"et","potentialAction":[{"@type":"ReadAction","target":["https:\/\/hambapol.ee\/tagasiside-andmine\/"]}]},{"@type":"ImageObject","inLanguage":"et","@id":"https:\/\/hambapol.ee\/tagasiside-andmine\/#primaryimage","url":"https:\/\/hambapol.ee\/wp-content\/uploads\/2025\/01\/Tallinna-Hambakliiniku-teenused.jpg","contentUrl":"https:\/\/hambapol.ee\/wp-content\/uploads\/2025\/01\/Tallinna-Hambakliiniku-teenused.jpg","width":809,"height":607,"caption":"Tallinna Hambakliinik Hambaravi Tallinna kesklinnas esmaabi"},{"@type":"BreadcrumbList","@id":"https:\/\/hambapol.ee\/tagasiside-andmine\/#breadcrumb","itemListElement":[{"@type":"ListItem","position":1,"name":"Home","item":"https:\/\/hambapol.ee\/"},{"@type":"ListItem","position":2,"name":"Tagasiside andmine"}]},{"@type":"WebSite","@id":"https:\/\/hambapol.ee\/#website","url":"https:\/\/hambapol.ee\/","name":"Tallinna Hambakliinik","description":"Enesekindel naeratus","publisher":{"@id":"https:\/\/hambapol.ee\/#organization"},"alternateName":"THK","potentialAction":[{"@type":"SearchAction","target":{"@type":"EntryPoint","urlTemplate":"https:\/\/hambapol.ee\/?s={search_term_string}"},"query-input":{"@type":"PropertyValueSpecification","valueRequired":true,"valueName":"search_term_string"}}],"inLanguage":"et"},{"@type":"Organization","@id":"https:\/\/hambapol.ee\/#organization","name":"SA Tallinna Hambakliinik","url":"https:\/\/hambapol.ee\/","logo":{"@type":"ImageObject","inLanguage":"et","@id":"https:\/\/hambapol.ee\/#\/schema\/logo\/image\/","url":"https:\/\/hambapol.ee\/wp-content\/uploads\/2025\/01\/thk-logo-anno-taustata-e1737668889173.png","contentUrl":"https:\/\/hambapol.ee\/wp-content\/uploads\/2025\/01\/thk-logo-anno-taustata-e1737668889173.png","width":250,"height":254,"caption":"SA Tallinna Hambakliinik"},"image":{"@id":"https:\/\/hambapol.ee\/#\/schema\/logo\/image\/"},"sameAs":["https:\/\/www.facebook.com\/TallinnaHambakliinik\/"]}]}},"_links":{"self":[{"href":"https:\/\/hambapol.ee\/et\/wp-json\/wp\/v2\/pages\/1574","targetHints":{"allow":["GET"]}}],"collection":[{"href":"https:\/\/hambapol.ee\/et\/wp-json\/wp\/v2\/pages"}],"about":[{"href":"https:\/\/hambapol.ee\/et\/wp-json\/wp\/v2\/types\/page"}],"author":[{"embeddable":true,"href":"https:\/\/hambapol.ee\/et\/wp-json\/wp\/v2\/users\/1"}],"replies":[{"embeddable":true,"href":"https:\/\/hambapol.ee\/et\/wp-json\/wp\/v2\/comments?post=1574"}],"version-history":[{"count":25,"href":"https:\/\/hambapol.ee\/et\/wp-json\/wp\/v2\/pages\/1574\/revisions"}],"predecessor-version":[{"id":3369,"href":"https:\/\/hambapol.ee\/et\/wp-json\/wp\/v2\/pages\/1574\/revisions\/3369"}],"wp:featuredmedia":[{"embeddable":true,"href":"https:\/\/hambapol.ee\/et\/wp-json\/wp\/v2\/media\/602"}],"wp:attachment":[{"href":"https:\/\/hambapol.ee\/et\/wp-json\/wp\/v2\/media?parent=1574"}],"curies":[{"name":"wp","href":"https:\/\/api.w.org\/{rel}","templated":true}]}}