{"id":1569,"date":"2025-02-06T16:52:27","date_gmt":"2025-02-06T14:52:27","guid":{"rendered":"https:\/\/hambapol.ee\/?page_id=1569"},"modified":"2025-02-06T17:12:00","modified_gmt":"2025-02-06T15:12:00","slug":"ortodondi-soovitused","status":"publish","type":"page","link":"https:\/\/hambapol.ee\/et\/vastuvotu-info\/ortodondi-soovitused\/","title":{"rendered":"Ortodondi soovitused"},"content":{"rendered":"\t\t<div data-elementor-type=\"wp-page\" data-elementor-id=\"1569\" class=\"elementor elementor-1569\" data-elementor-post-type=\"page\">\n\t\t\t\t<div class=\"elementor-element elementor-element-6dcc044 e-flex e-con-boxed e-con e-parent\" data-id=\"6dcc044\" data-element_type=\"container\" data-e-type=\"container\" data-settings=\"{&quot;background_background&quot;:&quot;classic&quot;}\">\n\t\t\t\t\t<div class=\"e-con-inner\">\n\t\t\t\t<div class=\"elementor-element elementor-element-49572a5 elementor-widget elementor-widget-heading\" data-id=\"49572a5\" data-element_type=\"widget\" data-e-type=\"widget\" data-widget_type=\"heading.default\">\n\t\t\t\t<div class=\"elementor-widget-container\">\n\t\t\t\t\t<h1 class=\"elementor-heading-title elementor-size-default\">Ortodondi soovitused \u2013 Sinu t\u00e4iuslikuks naeratuseks <\/h1>\t\t\t\t<\/div>\n\t\t\t\t<\/div>\n\t\t\t\t<div class=\"elementor-element elementor-element-5818cef elementor-widget elementor-widget-heading\" data-id=\"5818cef\" data-element_type=\"widget\" data-e-type=\"widget\" data-widget_type=\"heading.default\">\n\t\t\t\t<div class=\"elementor-widget-container\">\n\t\t\t\t\t<h2 class=\"elementor-heading-title elementor-size-default\">Praktilised n\u00f5uanded hammaste ja hambumuse korrigeerimiseks parimate tulemuste saavutamiseks.<\/h2>\t\t\t\t<\/div>\n\t\t\t\t<\/div>\n\t\t\t\t\t<\/div>\n\t\t\t\t<\/div>\n\t\t<div class=\"elementor-element elementor-element-ba57bed e-flex e-con-boxed e-con e-parent\" data-id=\"ba57bed\" data-element_type=\"container\" data-e-type=\"container\" data-settings=\"{&quot;background_background&quot;:&quot;classic&quot;}\">\n\t\t\t\t\t<div class=\"e-con-inner\">\n\t\t\t\t<div class=\"elementor-element elementor-element-fc7b33a elementor-widget elementor-widget-text-editor\" data-id=\"fc7b33a\" data-element_type=\"widget\" data-e-type=\"widget\" data-widget_type=\"text-editor.default\">\n\t\t\t\t<div class=\"elementor-widget-container\">\n\t\t\t\t\t\t\t\t\t<p>T\u00e4nap\u00e4eva ravimeetodid v\u00f5imaldavad ravida v\u00e4ga erinevaid hammaste asendi- ja hambumush\u00e4ireid. Raviaparaatidega saab nihutada hambaid igas tasapinnas.<\/p><p>Raviplaani tehes l\u00e4htutakse patsiendi n\u00e4o v\u00e4lisilmest ja hambakaarte kujust, et saavutada iga\u00fche jaoks parim tulemus.<\/p><p>Ortodontilise raviga on v\u00f5imalik nihutada tagasi ka igemehaiguste t\u00f5ttu hambareast v\u00e4lja kaldunud hambaid.<\/p>\t\t\t\t\t\t\t\t<\/div>\n\t\t\t\t<\/div>\n\t\t\t\t\t<\/div>\n\t\t\t\t<\/div>\n\t\t<div class=\"elementor-element elementor-element-165850b e-flex e-con-boxed e-con e-parent\" data-id=\"165850b\" data-element_type=\"container\" data-e-type=\"container\" data-settings=\"{&quot;background_background&quot;:&quot;classic&quot;}\">\n\t\t\t\t\t<div class=\"e-con-inner\">\n\t\t\t\t<div class=\"elementor-element elementor-element-d71faee elementor-widget elementor-widget-heading\" data-id=\"d71faee\" data-element_type=\"widget\" data-e-type=\"widget\" data-widget_type=\"heading.default\">\n\t\t\t\t<div class=\"elementor-widget-container\">\n\t\t\t\t\t<h3 class=\"elementor-heading-title elementor-size-default\">Millal on \u00f5ige aeg ortodonti k\u00fclastada? <\/h3>\t\t\t\t<\/div>\n\t\t\t\t<\/div>\n\t\t\t\t<div class=\"elementor-element elementor-element-6c4bf35 elementor-widget elementor-widget-text-editor\" data-id=\"6c4bf35\" data-element_type=\"widget\" data-e-type=\"widget\" data-widget_type=\"text-editor.default\">\n\t\t\t\t<div class=\"elementor-widget-container\">\n\t\t\t\t\t\t\t\t\t<p>Esimest korda v\u00f5iks lapse ortodondi konsultatsioonile tuua kuue- v\u00f5i seitsmeaastaselt. Eelkooliealiste laste hambumuse ravi alustatakse harvadel juhtudel, kuid on oluline, et raviga ei hilinetaks, kuna vahel tuleb probleemidesse sekkuda juba varases lapseeas, kasutades selleks keerulisi raviaparaate.<\/p><p>Puseriti hambaid on \u00fcldjuhul v\u00f5imalik reastada alles hiljem, p\u00e4rast enamiku j\u00e4\u00e4vhammaste l\u00f5ikumist. Teatud juhtudel tuleb m\u00f5ne lapse ravi teha etappidena: n\u00e4iteks v\u00f5ib varajasele hambakaart laiendavale ravile hiljem, p\u00e4rast j\u00e4\u00e4vhammaste l\u00f5ikumist, j\u00e4rgneda breketravi.<\/p>\t\t\t\t\t\t\t\t<\/div>\n\t\t\t\t<\/div>\n\t\t\t\t\t<\/div>\n\t\t\t\t<\/div>\n\t\t<div class=\"elementor-element elementor-element-224570b e-flex e-con-boxed e-con e-parent\" data-id=\"224570b\" data-element_type=\"container\" data-e-type=\"container\" data-settings=\"{&quot;background_background&quot;:&quot;classic&quot;}\">\n\t\t\t\t\t<div class=\"e-con-inner\">\n\t\t\t\t<div class=\"elementor-element elementor-element-37afc60 elementor-widget elementor-widget-heading\" data-id=\"37afc60\" data-element_type=\"widget\" data-e-type=\"widget\" data-widget_type=\"heading.default\">\n\t\t\t\t<div class=\"elementor-widget-container\">\n\t\t\t\t\t<h3 class=\"elementor-heading-title elementor-size-default\">Millal on parim aeg ortodontilise ravi alustamiseks?<\/h3>\t\t\t\t<\/div>\n\t\t\t\t<\/div>\n\t\t\t\t<div class=\"elementor-element elementor-element-9529850 elementor-widget elementor-widget-text-editor\" data-id=\"9529850\" data-element_type=\"widget\" data-e-type=\"widget\" data-widget_type=\"text-editor.default\">\n\t\t\t\t<div class=\"elementor-widget-container\">\n\t\t\t\t\t\t\t\t\t<p>Sageli alustatakse ortodontilise raviga seitsme- kuni kaheksa-aastaselt, kui lapsel on k\u00f5ik j\u00e4\u00e4vhambad suhu l\u00f5ikunud. Selles vanuses on parim aeg suunata l\u00f5ualuude kasvu erinevate hambumush\u00e4irete puhul. Kuigi parim raviaeg on teismeiga, saab ortodontilist ravi ette v\u00f5tta pea igas vanuses. Ravi kujuneb keerukamaks juhul, kui mitu hammast on puudu ja hamba\u00fcmbruse koed on p\u00f5letikulised.<\/p><p>Enne ortodontilist ravi tuleb ravida k\u00f5ik suus olevad hambaaugud ja p\u00f5letikukolded ning eemaldada hambakivi.<\/p><p>Keerulistel juhtudel, kui l\u00f5ualuude asend \u00fcksteise suhtes on v\u00e4ga suure k\u00f5rvalekaldega, ei pruugi ainult ortodontilisest ravist abi olla. Need juhtumid lahendatakse koost\u00f6\u00f6s n\u00e4o-l\u00f5ualuukirurgiga, kes ligi aasta kestva breketravi j\u00e4rel teeb operatsiooni l\u00f5ualuude normaalse asendi saavutamiseks.<\/p>\t\t\t\t\t\t\t\t<\/div>\n\t\t\t\t<\/div>\n\t\t\t\t\t<\/div>\n\t\t\t\t<\/div>\n\t\t<div class=\"elementor-element elementor-element-d8f0c19 e-flex e-con-boxed e-con e-parent\" data-id=\"d8f0c19\" data-element_type=\"container\" data-e-type=\"container\" data-settings=\"{&quot;background_background&quot;:&quot;classic&quot;}\">\n\t\t\t\t\t<div class=\"e-con-inner\">\n\t\t\t\t<div class=\"elementor-element elementor-element-db53490 elementor-widget elementor-widget-heading\" data-id=\"db53490\" data-element_type=\"widget\" data-e-type=\"widget\" data-widget_type=\"heading.default\">\n\t\t\t\t<div class=\"elementor-widget-container\">\n\t\t\t\t\t<h3 class=\"elementor-heading-title elementor-size-default\">Esimesel visiidil <\/h3>\t\t\t\t<\/div>\n\t\t\t\t<\/div>\n\t\t\t\t<div class=\"elementor-element elementor-element-28f2d45 elementor-widget elementor-widget-text-editor\" data-id=\"28f2d45\" data-element_type=\"widget\" data-e-type=\"widget\" data-widget_type=\"text-editor.default\">\n\t\t\t\t<div class=\"elementor-widget-container\">\n\t\t\t\t\t\t\t\t\t<p>Ortodont hindab patsiendi ravivajadust ja m\u00e4\u00e4rab orienteeruvalt, millal on \u00f5ige aeg ravi alustamiseks. Selleks tehakse hambumusest mudel, r\u00f6ntgenipilt ja fotod. Teatud juhtudel, kui on vaja teha ruumi teistele hammastele v\u00f5i sulgeda eesmist lahi, v\u00f5ib ortodont pidada vajalikuks m\u00f5ne hamba eemaldamist.<\/p><p>Ortodont oskab m\u00e4rgata lapse hammaste valeasendeid ja neid p\u00f5hjustanud halbu harjumusi, nagu p\u00f6idla imemine, pidevalt \u00fche suupoolega s\u00f6\u00f6mine v\u00f5i alal\u00f5ua ettel\u00fckkamine jne. Tema n\u00f5uandeid \u00f5ige raviaparaadi valikul tasub usaldada, sest oma teadmistele ja kogemustele tuginedes oskab ta valida iga konkreetse ravijuhtumi korral parima lahenduse soovitud tulemuse saavutamiseks.<\/p>\t\t\t\t\t\t\t\t<\/div>\n\t\t\t\t<\/div>\n\t\t\t\t\t<\/div>\n\t\t\t\t<\/div>\n\t\t<div class=\"elementor-element elementor-element-3f9f32b e-flex e-con-boxed e-con e-parent\" data-id=\"3f9f32b\" data-element_type=\"container\" data-e-type=\"container\" data-settings=\"{&quot;background_background&quot;:&quot;classic&quot;}\">\n\t\t\t\t\t<div class=\"e-con-inner\">\n\t\t\t\t<div class=\"elementor-element elementor-element-2d365eb elementor-widget elementor-widget-heading\" data-id=\"2d365eb\" data-element_type=\"widget\" data-e-type=\"widget\" data-widget_type=\"heading.default\">\n\t\t\t\t<div class=\"elementor-widget-container\">\n\t\t\t\t\t<h3 class=\"elementor-heading-title elementor-size-default\">Breketravi kestus ja tulemuse s\u00e4ilitamine<\/h3>\t\t\t\t<\/div>\n\t\t\t\t<\/div>\n\t\t\t\t<div class=\"elementor-element elementor-element-7a34bad elementor-widget elementor-widget-text-editor\" data-id=\"7a34bad\" data-element_type=\"widget\" data-e-type=\"widget\" data-widget_type=\"text-editor.default\">\n\t\t\t\t<div class=\"elementor-widget-container\">\n\t\t\t\t\t\t\t\t\t<p>S\u00f5ltuvalt probleemi keerukusest kestab breketravi kas \u00fche aasta v\u00f5i kauem, raskemate asendih\u00e4irete puhul isegi kolm-neli aastat. Ravi kestus s\u00f5ltub sageli ka k\u00fclastuste regulaarsusest ning koost\u00f6\u00f6st arsti ja patsiendi vahel. Breketravi l\u00f5petatakse, kui soovitud ravitulemus on saavutatud.<\/p><p>P\u00e4rast breketite eemaldamist peab patsient ravitulemuse s\u00e4ilitamiseks kandma selleks etten\u00e4htud aparaati (retensiooniplaati) ortodondi m\u00e4\u00e4ratud perioodi jooksul (6\u201312 kuud).<\/p><p>Enamasti tuleb vahetult peale breketite eemaldamist kanda retentsiooniaparaati m\u00f5ne kuu v\u00e4ltel pidevalt, edaspidi ainult \u00f6\u00f6siti. M\u00f5ne patsiendi puhul kasutatakse t\u00e4iendavalt hammaste taha kinnitatavat traati, mis asendab plaadi kandmist p\u00e4eval. \u00d6ist plaati tuleb j\u00e4tkuvalt edasi kanda kuni arsti m\u00e4\u00e4ratud ajani.<\/p>\t\t\t\t\t\t\t\t<\/div>\n\t\t\t\t<\/div>\n\t\t\t\t\t<\/div>\n\t\t\t\t<\/div>\n\t\t\t\t<\/div>\n\t\t","protected":false},"excerpt":{"rendered":"<p>Ortodondi soovitused \u2013 Sinu t\u00e4iuslikuks naeratuseks Praktilised n\u00f5uanded hammaste ja hambumuse korrigeerimiseks parimate tulemuste saavutamiseks. T\u00e4nap\u00e4eva ravimeetodid v\u00f5imaldavad ravida v\u00e4ga erinevaid hammaste asendi- ja hambumush\u00e4ireid. Raviaparaatidega saab nihutada hambaid igas tasapinnas. Raviplaani tehes l\u00e4htutakse patsiendi n\u00e4o v\u00e4lisilmest ja hambakaarte kujust, et saavutada iga\u00fche jaoks parim tulemus. Ortodontilise raviga on v\u00f5imalik nihutada tagasi ka igemehaiguste t\u00f5ttu [&hellip;]<\/p>\n","protected":false},"author":1,"featured_media":602,"parent":1363,"menu_order":6,"comment_status":"closed","ping_status":"closed","template":"","meta":{"_acf_changed":false,"site-sidebar-layout":"no-sidebar","site-content-layout":"","ast-site-content-layout":"full-width-container","site-content-style":"default","site-sidebar-style":"default","ast-global-header-display":"","ast-banner-title-visibility":"","ast-main-header-display":"","ast-hfb-above-header-display":"","ast-hfb-below-header-display":"","ast-hfb-mobile-header-display":"","site-post-title":"disabled","ast-breadcrumbs-content":"","ast-featured-img":"disabled","footer-sml-layout":"","ast-disable-related-posts":"","theme-transparent-header-meta":"","adv-header-id-meta":"","stick-header-meta":"","header-above-stick-meta":"","header-main-stick-meta":"","header-below-stick-meta":"","astra-migrate-meta-layouts":"default","ast-page-background-enabled":"default","ast-page-background-meta":{"desktop":{"background-color":"var(--ast-global-color-5)","background-image":"","background-repeat":"repeat","background-position":"center center","background-size":"auto","background-attachment":"scroll","background-type":"","background-media":"","overlay-type":"","overlay-color":"","overlay-opacity":"","overlay-gradient":""},"tablet":{"background-color":"","background-image":"","background-repeat":"repeat","background-position":"center center","background-size":"auto","background-attachment":"scroll","background-type":"","background-media":"","overlay-type":"","overlay-color":"","overlay-opacity":"","overlay-gradient":""},"mobile":{"background-color":"","background-image":"","background-repeat":"repeat","background-position":"center center","background-size":"auto","background-attachment":"scroll","background-type":"","background-media":"","overlay-type":"","overlay-color":"","overlay-opacity":"","overlay-gradient":""}},"ast-content-background-meta":{"desktop":{"background-color":"var(--ast-global-color-4)","background-image":"","background-repeat":"repeat","background-position":"center center","background-size":"auto","background-attachment":"scroll","background-type":"","background-media":"","overlay-type":"","overlay-color":"","overlay-opacity":"","overlay-gradient":""},"tablet":{"background-color":"var(--ast-global-color-4)","background-image":"","background-repeat":"repeat","background-position":"center center","background-size":"auto","background-attachment":"scroll","background-type":"","background-media":"","overlay-type":"","overlay-color":"","overlay-opacity":"","overlay-gradient":""},"mobile":{"background-color":"var(--ast-global-color-4)","background-image":"","background-repeat":"repeat","background-position":"center center","background-size":"auto","background-attachment":"scroll","background-type":"","background-media":"","overlay-type":"","overlay-color":"","overlay-opacity":"","overlay-gradient":""}},"footnotes":""},"class_list":["post-1569","page","type-page","status-publish","has-post-thumbnail","hentry"],"acf":[],"yoast_head":"<!-- This site is optimized with the Yoast SEO plugin v27.4 - https:\/\/yoast.com\/product\/yoast-seo-wordpress\/ -->\n<title>- Tallinna Hambakliinik<\/title>\n<meta name=\"description\" content=\"Ortodondi soovitused \u2013 Sinu t\u00e4iuslikuks naeratuseks Praktilised n\u00f5uanded hammaste ja hambumuse korrigeerimiseks parimate tulemuste saavutamiseks.\" \/>\n<meta name=\"robots\" content=\"index, follow, max-snippet:-1, max-image-preview:large, max-video-preview:-1\" \/>\n<link rel=\"canonical\" href=\"https:\/\/hambapol.ee\/et\/vastuvotu-info\/ortodondi-soovitused\/\" \/>\n<meta property=\"og:locale\" content=\"et_EE\" \/>\n<meta property=\"og:type\" content=\"article\" \/>\n<meta property=\"og:title\" content=\"- Tallinna Hambakliinik\" \/>\n<meta property=\"og:description\" content=\"Ortodondi soovitused \u2013 Sinu t\u00e4iuslikuks naeratuseks Praktilised n\u00f5uanded hammaste ja hambumuse korrigeerimiseks parimate tulemuste saavutamiseks.\" \/>\n<meta property=\"og:url\" content=\"https:\/\/hambapol.ee\/et\/vastuvotu-info\/ortodondi-soovitused\/\" \/>\n<meta property=\"og:site_name\" content=\"Tallinna Hambakliinik\" \/>\n<meta property=\"article:publisher\" content=\"https:\/\/www.facebook.com\/TallinnaHambakliinik\/\" \/>\n<meta property=\"article:modified_time\" content=\"2025-02-06T15:12:00+00:00\" \/>\n<meta property=\"og:image\" content=\"https:\/\/hambapol.ee\/wp-content\/uploads\/2025\/01\/Tallinna-Hambakliiniku-teenused.jpg\" \/>\n\t<meta property=\"og:image:width\" content=\"809\" \/>\n\t<meta property=\"og:image:height\" content=\"607\" \/>\n\t<meta property=\"og:image:type\" content=\"image\/jpeg\" \/>\n<meta name=\"twitter:card\" content=\"summary_large_image\" \/>\n<meta name=\"twitter:label1\" content=\"Est. reading time\" \/>\n\t<meta name=\"twitter:data1\" content=\"3 minutit\" \/>\n<script type=\"application\/ld+json\" class=\"yoast-schema-graph\">{\"@context\":\"https:\\\/\\\/schema.org\",\"@graph\":[{\"@type\":\"WebPage\",\"@id\":\"https:\\\/\\\/hambapol.ee\\\/vastuvotu-info\\\/ortodondi-soovitused\\\/\",\"url\":\"https:\\\/\\\/hambapol.ee\\\/vastuvotu-info\\\/ortodondi-soovitused\\\/\",\"name\":\"- Tallinna Hambakliinik\",\"isPartOf\":{\"@id\":\"https:\\\/\\\/hambapol.ee\\\/#website\"},\"primaryImageOfPage\":{\"@id\":\"https:\\\/\\\/hambapol.ee\\\/vastuvotu-info\\\/ortodondi-soovitused\\\/#primaryimage\"},\"image\":{\"@id\":\"https:\\\/\\\/hambapol.ee\\\/vastuvotu-info\\\/ortodondi-soovitused\\\/#primaryimage\"},\"thumbnailUrl\":\"https:\\\/\\\/hambapol.ee\\\/wp-content\\\/uploads\\\/2025\\\/01\\\/Tallinna-Hambakliiniku-teenused.jpg\",\"datePublished\":\"2025-02-06T14:52:27+00:00\",\"dateModified\":\"2025-02-06T15:12:00+00:00\",\"description\":\"Ortodondi soovitused \u2013 Sinu t\u00e4iuslikuks naeratuseks Praktilised n\u00f5uanded hammaste ja hambumuse korrigeerimiseks parimate tulemuste saavutamiseks.\",\"breadcrumb\":{\"@id\":\"https:\\\/\\\/hambapol.ee\\\/vastuvotu-info\\\/ortodondi-soovitused\\\/#breadcrumb\"},\"inLanguage\":\"et\",\"potentialAction\":[{\"@type\":\"ReadAction\",\"target\":[\"https:\\\/\\\/hambapol.ee\\\/vastuvotu-info\\\/ortodondi-soovitused\\\/\"]}]},{\"@type\":\"ImageObject\",\"inLanguage\":\"et\",\"@id\":\"https:\\\/\\\/hambapol.ee\\\/vastuvotu-info\\\/ortodondi-soovitused\\\/#primaryimage\",\"url\":\"https:\\\/\\\/hambapol.ee\\\/wp-content\\\/uploads\\\/2025\\\/01\\\/Tallinna-Hambakliiniku-teenused.jpg\",\"contentUrl\":\"https:\\\/\\\/hambapol.ee\\\/wp-content\\\/uploads\\\/2025\\\/01\\\/Tallinna-Hambakliiniku-teenused.jpg\",\"width\":809,\"height\":607,\"caption\":\"Tallinna Hambakliinik Hambaravi Tallinna kesklinnas esmaabi\"},{\"@type\":\"BreadcrumbList\",\"@id\":\"https:\\\/\\\/hambapol.ee\\\/vastuvotu-info\\\/ortodondi-soovitused\\\/#breadcrumb\",\"itemListElement\":[{\"@type\":\"ListItem\",\"position\":1,\"name\":\"Home\",\"item\":\"https:\\\/\\\/hambapol.ee\\\/\"},{\"@type\":\"ListItem\",\"position\":2,\"name\":\"Vastuv\u00f5tu info\",\"item\":\"https:\\\/\\\/hambapol.ee\\\/vastuvotu-info\\\/\"},{\"@type\":\"ListItem\",\"position\":3,\"name\":\"Ortodondi soovitused\"}]},{\"@type\":\"WebSite\",\"@id\":\"https:\\\/\\\/hambapol.ee\\\/#website\",\"url\":\"https:\\\/\\\/hambapol.ee\\\/\",\"name\":\"Tallinna Hambakliinik\",\"description\":\"Enesekindel naeratus\",\"publisher\":{\"@id\":\"https:\\\/\\\/hambapol.ee\\\/#organization\"},\"alternateName\":\"THK\",\"potentialAction\":[{\"@type\":\"SearchAction\",\"target\":{\"@type\":\"EntryPoint\",\"urlTemplate\":\"https:\\\/\\\/hambapol.ee\\\/?s={search_term_string}\"},\"query-input\":{\"@type\":\"PropertyValueSpecification\",\"valueRequired\":true,\"valueName\":\"search_term_string\"}}],\"inLanguage\":\"et\"},{\"@type\":\"Organization\",\"@id\":\"https:\\\/\\\/hambapol.ee\\\/#organization\",\"name\":\"SA Tallinna Hambakliinik\",\"url\":\"https:\\\/\\\/hambapol.ee\\\/\",\"logo\":{\"@type\":\"ImageObject\",\"inLanguage\":\"et\",\"@id\":\"https:\\\/\\\/hambapol.ee\\\/#\\\/schema\\\/logo\\\/image\\\/\",\"url\":\"https:\\\/\\\/hambapol.ee\\\/wp-content\\\/uploads\\\/2025\\\/01\\\/thk-logo-anno-taustata-e1737668889173.png\",\"contentUrl\":\"https:\\\/\\\/hambapol.ee\\\/wp-content\\\/uploads\\\/2025\\\/01\\\/thk-logo-anno-taustata-e1737668889173.png\",\"width\":250,\"height\":254,\"caption\":\"SA Tallinna Hambakliinik\"},\"image\":{\"@id\":\"https:\\\/\\\/hambapol.ee\\\/#\\\/schema\\\/logo\\\/image\\\/\"},\"sameAs\":[\"https:\\\/\\\/www.facebook.com\\\/TallinnaHambakliinik\\\/\"]}]}<\/script>\n<!-- \/ Yoast SEO plugin. -->","yoast_head_json":{"title":"- Tallinna Hambakliinik","description":"Ortodondi soovitused \u2013 Sinu t\u00e4iuslikuks naeratuseks Praktilised n\u00f5uanded hammaste ja hambumuse korrigeerimiseks parimate tulemuste saavutamiseks.","robots":{"index":"index","follow":"follow","max-snippet":"max-snippet:-1","max-image-preview":"max-image-preview:large","max-video-preview":"max-video-preview:-1"},"canonical":"https:\/\/hambapol.ee\/et\/vastuvotu-info\/ortodondi-soovitused\/","og_locale":"et_EE","og_type":"article","og_title":"- Tallinna Hambakliinik","og_description":"Ortodondi soovitused \u2013 Sinu t\u00e4iuslikuks naeratuseks Praktilised n\u00f5uanded hammaste ja hambumuse korrigeerimiseks parimate tulemuste saavutamiseks.","og_url":"https:\/\/hambapol.ee\/et\/vastuvotu-info\/ortodondi-soovitused\/","og_site_name":"Tallinna Hambakliinik","article_publisher":"https:\/\/www.facebook.com\/TallinnaHambakliinik\/","article_modified_time":"2025-02-06T15:12:00+00:00","og_image":[{"width":809,"height":607,"url":"https:\/\/hambapol.ee\/wp-content\/uploads\/2025\/01\/Tallinna-Hambakliiniku-teenused.jpg","type":"image\/jpeg"}],"twitter_card":"summary_large_image","twitter_misc":{"Est. reading time":"3 minutit"},"schema":{"@context":"https:\/\/schema.org","@graph":[{"@type":"WebPage","@id":"https:\/\/hambapol.ee\/vastuvotu-info\/ortodondi-soovitused\/","url":"https:\/\/hambapol.ee\/vastuvotu-info\/ortodondi-soovitused\/","name":"- Tallinna Hambakliinik","isPartOf":{"@id":"https:\/\/hambapol.ee\/#website"},"primaryImageOfPage":{"@id":"https:\/\/hambapol.ee\/vastuvotu-info\/ortodondi-soovitused\/#primaryimage"},"image":{"@id":"https:\/\/hambapol.ee\/vastuvotu-info\/ortodondi-soovitused\/#primaryimage"},"thumbnailUrl":"https:\/\/hambapol.ee\/wp-content\/uploads\/2025\/01\/Tallinna-Hambakliiniku-teenused.jpg","datePublished":"2025-02-06T14:52:27+00:00","dateModified":"2025-02-06T15:12:00+00:00","description":"Ortodondi soovitused \u2013 Sinu t\u00e4iuslikuks naeratuseks Praktilised n\u00f5uanded hammaste ja hambumuse korrigeerimiseks parimate tulemuste saavutamiseks.","breadcrumb":{"@id":"https:\/\/hambapol.ee\/vastuvotu-info\/ortodondi-soovitused\/#breadcrumb"},"inLanguage":"et","potentialAction":[{"@type":"ReadAction","target":["https:\/\/hambapol.ee\/vastuvotu-info\/ortodondi-soovitused\/"]}]},{"@type":"ImageObject","inLanguage":"et","@id":"https:\/\/hambapol.ee\/vastuvotu-info\/ortodondi-soovitused\/#primaryimage","url":"https:\/\/hambapol.ee\/wp-content\/uploads\/2025\/01\/Tallinna-Hambakliiniku-teenused.jpg","contentUrl":"https:\/\/hambapol.ee\/wp-content\/uploads\/2025\/01\/Tallinna-Hambakliiniku-teenused.jpg","width":809,"height":607,"caption":"Tallinna Hambakliinik Hambaravi Tallinna kesklinnas esmaabi"},{"@type":"BreadcrumbList","@id":"https:\/\/hambapol.ee\/vastuvotu-info\/ortodondi-soovitused\/#breadcrumb","itemListElement":[{"@type":"ListItem","position":1,"name":"Home","item":"https:\/\/hambapol.ee\/"},{"@type":"ListItem","position":2,"name":"Vastuv\u00f5tu info","item":"https:\/\/hambapol.ee\/vastuvotu-info\/"},{"@type":"ListItem","position":3,"name":"Ortodondi soovitused"}]},{"@type":"WebSite","@id":"https:\/\/hambapol.ee\/#website","url":"https:\/\/hambapol.ee\/","name":"Tallinna Hambakliinik","description":"Enesekindel naeratus","publisher":{"@id":"https:\/\/hambapol.ee\/#organization"},"alternateName":"THK","potentialAction":[{"@type":"SearchAction","target":{"@type":"EntryPoint","urlTemplate":"https:\/\/hambapol.ee\/?s={search_term_string}"},"query-input":{"@type":"PropertyValueSpecification","valueRequired":true,"valueName":"search_term_string"}}],"inLanguage":"et"},{"@type":"Organization","@id":"https:\/\/hambapol.ee\/#organization","name":"SA Tallinna Hambakliinik","url":"https:\/\/hambapol.ee\/","logo":{"@type":"ImageObject","inLanguage":"et","@id":"https:\/\/hambapol.ee\/#\/schema\/logo\/image\/","url":"https:\/\/hambapol.ee\/wp-content\/uploads\/2025\/01\/thk-logo-anno-taustata-e1737668889173.png","contentUrl":"https:\/\/hambapol.ee\/wp-content\/uploads\/2025\/01\/thk-logo-anno-taustata-e1737668889173.png","width":250,"height":254,"caption":"SA Tallinna Hambakliinik"},"image":{"@id":"https:\/\/hambapol.ee\/#\/schema\/logo\/image\/"},"sameAs":["https:\/\/www.facebook.com\/TallinnaHambakliinik\/"]}]}},"_links":{"self":[{"href":"https:\/\/hambapol.ee\/et\/wp-json\/wp\/v2\/pages\/1569","targetHints":{"allow":["GET"]}}],"collection":[{"href":"https:\/\/hambapol.ee\/et\/wp-json\/wp\/v2\/pages"}],"about":[{"href":"https:\/\/hambapol.ee\/et\/wp-json\/wp\/v2\/types\/page"}],"author":[{"embeddable":true,"href":"https:\/\/hambapol.ee\/et\/wp-json\/wp\/v2\/users\/1"}],"replies":[{"embeddable":true,"href":"https:\/\/hambapol.ee\/et\/wp-json\/wp\/v2\/comments?post=1569"}],"version-history":[{"count":4,"href":"https:\/\/hambapol.ee\/et\/wp-json\/wp\/v2\/pages\/1569\/revisions"}],"predecessor-version":[{"id":1573,"href":"https:\/\/hambapol.ee\/et\/wp-json\/wp\/v2\/pages\/1569\/revisions\/1573"}],"up":[{"embeddable":true,"href":"https:\/\/hambapol.ee\/et\/wp-json\/wp\/v2\/pages\/1363"}],"wp:featuredmedia":[{"embeddable":true,"href":"https:\/\/hambapol.ee\/et\/wp-json\/wp\/v2\/media\/602"}],"wp:attachment":[{"href":"https:\/\/hambapol.ee\/et\/wp-json\/wp\/v2\/media?parent=1569"}],"curies":[{"name":"wp","href":"https:\/\/api.w.org\/{rel}","templated":true}]}}