{"id":1561,"date":"2025-02-06T16:46:42","date_gmt":"2025-02-06T14:46:42","guid":{"rendered":"https:\/\/hambapol.ee\/?page_id=1561"},"modified":"2025-02-06T16:49:37","modified_gmt":"2025-02-06T14:49:37","slug":"breketikandjale","status":"publish","type":"page","link":"https:\/\/hambapol.ee\/et\/vastuvotu-info\/breketikandjale\/","title":{"rendered":"Breketikandjale"},"content":{"rendered":"\t\t<div data-elementor-type=\"wp-page\" data-elementor-id=\"1561\" class=\"elementor elementor-1561\" data-elementor-post-type=\"page\">\n\t\t\t\t<div class=\"elementor-element elementor-element-38dc040 e-flex e-con-boxed e-con e-parent\" data-id=\"38dc040\" data-element_type=\"container\" data-e-type=\"container\" data-settings=\"{&quot;background_background&quot;:&quot;classic&quot;}\">\n\t\t\t\t\t<div class=\"e-con-inner\">\n\t\t\t\t<div class=\"elementor-element elementor-element-2d97902 elementor-widget elementor-widget-heading\" data-id=\"2d97902\" data-element_type=\"widget\" data-e-type=\"widget\" data-widget_type=\"heading.default\">\n\t\t\t\t<div class=\"elementor-widget-container\">\n\t\t\t\t\t<h1 class=\"elementor-heading-title elementor-size-default\">Breketikandjale<\/h1>\t\t\t\t<\/div>\n\t\t\t\t<\/div>\n\t\t\t\t<div class=\"elementor-element elementor-element-2a973a7 elementor-widget elementor-widget-heading\" data-id=\"2a973a7\" data-element_type=\"widget\" data-e-type=\"widget\" data-widget_type=\"heading.default\">\n\t\t\t\t<div class=\"elementor-widget-container\">\n\t\t\t\t\t<h2 class=\"elementor-heading-title elementor-size-default\">Kuidas hoolitseda oma breketite ja hammaste eest parima tulemuse saavutamiseks<\/h2>\t\t\t\t<\/div>\n\t\t\t\t<\/div>\n\t\t\t\t\t<\/div>\n\t\t\t\t<\/div>\n\t\t<div class=\"elementor-element elementor-element-9145dfc e-flex e-con-boxed e-con e-parent\" data-id=\"9145dfc\" data-element_type=\"container\" data-e-type=\"container\" data-settings=\"{&quot;background_background&quot;:&quot;classic&quot;}\">\n\t\t\t\t\t<div class=\"e-con-inner\">\n\t\t\t\t<div class=\"elementor-element elementor-element-52edb49 elementor-widget elementor-widget-text-editor\" data-id=\"52edb49\" data-element_type=\"widget\" data-e-type=\"widget\" data-widget_type=\"text-editor.default\">\n\t\t\t\t<div class=\"elementor-widget-container\">\n\t\t\t\t\t\t\t\t\t<p>Breketid on suhu fikseeritud ortodontiline aparaat, mis koosneb hammastele kinnitatud breketitest. Kaaretraat kinnitatakse ligatuuride abil breketite k\u00fclge ja see suunab hambad nende \u00f5igetele kohtadele.<\/p><p>Ravi alguses, kohe p\u00e4rast breketite kinnitamist, on hambad tavaliselt hellad ja tundlikud ja v\u00f5ivad isegi valutada. Tavaliselt kestab see periood kaks kuni seitse p\u00e4eva. Edaspidi on hambad l\u00fchemat aega tundlikud igakuise kaaretraadi aktiveerimise ehk pingutamise j\u00e4rel. Alguses tunduvad breketid p\u00f5sele ja huulte limaskestale ebamugavad. Abivahendina v\u00f5ib kasutada pehmet kaitsevaha, millega kaetakse brekets\u00fcsteemi esileulatuvad osad. Aparaadiga harjudes vaha harilikult enam vaja ei l\u00e4he.<\/p><p>Selleks, et breketid ei tuleks hammaste k\u00fcljest lahti, on oluline v\u00e4ltida sitkeid ja k\u00f5vasid toiduaineid, nagu karamell, iirised, n\u00e4rimiskumm jmt. Samuti tuleks olla ettevaatlik k\u00f5vade k\u00f6\u00f6giviljade n\u00e4rimisel. Kui v\u00f5ru v\u00f5i breket on siiski hamba k\u00fcljest lahti tulnud ja torgib, siis katke see kaitsevahaga ja v\u00f5tke \u00fchendust oma ortodondiga.<\/p>\t\t\t\t\t\t\t\t<\/div>\n\t\t\t\t<\/div>\n\t\t\t\t\t<\/div>\n\t\t\t\t<\/div>\n\t\t<div class=\"elementor-element elementor-element-9498bdc e-flex e-con-boxed e-con e-parent\" data-id=\"9498bdc\" data-element_type=\"container\" data-e-type=\"container\" data-settings=\"{&quot;background_background&quot;:&quot;classic&quot;}\">\n\t\t\t\t\t<div class=\"e-con-inner\">\n\t\t\t\t<div class=\"elementor-element elementor-element-2bed825 elementor-widget elementor-widget-heading\" data-id=\"2bed825\" data-element_type=\"widget\" data-e-type=\"widget\" data-widget_type=\"heading.default\">\n\t\t\t\t<div class=\"elementor-widget-container\">\n\t\t\t\t\t<h3 class=\"elementor-heading-title elementor-size-default\">Suuh\u00fcgieen breketravi ajal <\/h3>\t\t\t\t<\/div>\n\t\t\t\t<\/div>\n\t\t\t\t<div class=\"elementor-element elementor-element-cf3576e elementor-widget elementor-widget-text-editor\" data-id=\"cf3576e\" data-element_type=\"widget\" data-e-type=\"widget\" data-widget_type=\"text-editor.default\">\n\t\t\t\t<div class=\"elementor-widget-container\">\n\t\t\t\t\t\t\t\t\t<p>Breketravi ajal koguneb toiduj\u00e4\u00e4ke breketite k\u00fclge, kaare alla, hambavahedesse, igemeservadesse ja ka mujale, mis moodustab kergesti pehmet hambakattu. Seet\u00f5ttu tuleb hambaid p\u00f5hjalikult harjata kolm-neli minutit v\u00e4hemalt kaks korda p\u00e4evas, t\u00e4iendavalt ka iga s\u00f6\u00f6gikorra j\u00e4rel.<\/p><p>Kasutada v\u00f5ib spetsiaalseid hambaharju ja hambavaheharju, mida on v\u00f5imalik osta Tallinna Hambapolikliiniku infoletist v\u00f5i apteekidest.<\/p><p>Lisaks regulaarsele harjamisele on soovitatav kasutada suuvett.<\/p>\t\t\t\t\t\t\t\t<\/div>\n\t\t\t\t<\/div>\n\t\t\t\t\t<\/div>\n\t\t\t\t<\/div>\n\t\t<div class=\"elementor-element elementor-element-bcba98a e-flex e-con-boxed e-con e-parent\" data-id=\"bcba98a\" data-element_type=\"container\" data-e-type=\"container\" data-settings=\"{&quot;background_background&quot;:&quot;classic&quot;}\">\n\t\t\t\t\t<div class=\"e-con-inner\">\n\t\t\t\t<div class=\"elementor-element elementor-element-f32b82d elementor-widget elementor-widget-heading\" data-id=\"f32b82d\" data-element_type=\"widget\" data-e-type=\"widget\" data-widget_type=\"heading.default\">\n\t\t\t\t<div class=\"elementor-widget-container\">\n\t\t\t\t\t<h3 class=\"elementor-heading-title elementor-size-default\">Meelespea <\/h3>\t\t\t\t<\/div>\n\t\t\t\t<\/div>\n\t\t\t\t<div class=\"elementor-element elementor-element-c5c7231 elementor-widget elementor-widget-text-editor\" data-id=\"c5c7231\" data-element_type=\"widget\" data-e-type=\"widget\" data-widget_type=\"text-editor.default\">\n\t\t\t\t<div class=\"elementor-widget-container\">\n\t\t\t\t\t\t\t\t\t<p>K\u00fclastage oma ortodonti regulaarselt. Kui Te ei saa arsti m\u00e4\u00e4ratud ajaks kohale tulla, leppige kindlasti telefoni teel kokku uus k\u00fclastusaeg. Patsiendi ja ortodondi hea koost\u00f6\u00f6 tagab breketite \u00f5ige ja korrektse kasutamise, mille tulemusena on t\u00f5hus ka hambumuse ravi.<\/p><p>Palume meeles pidada, et kinnitatud ortodontilise aparaadi kontrollimatult pikaks ajaks suhu j\u00e4tmine ei ole ohutu lapse kasvavale l\u00f5ualuule. Kui breketid unustatakse pikaks ajaks suhu ja arsti juurde ei tulda, v\u00f5ib see kasu asemel kahju tuua.<\/p><p>Rohkem n\u00f5uandeid leiate <a href=\"https:\/\/www.ortodontideselts.ee\/\" target=\"_blank\" rel=\"noopener\">Eesti Ortodontide Seltsi kodulehelt<\/a>.<\/p>\t\t\t\t\t\t\t\t<\/div>\n\t\t\t\t<\/div>\n\t\t\t\t\t<\/div>\n\t\t\t\t<\/div>\n\t\t\t\t<\/div>\n\t\t","protected":false},"excerpt":{"rendered":"<p>Breketikandjale Kuidas hoolitseda oma breketite ja hammaste eest parima tulemuse saavutamiseks Breketid on suhu fikseeritud ortodontiline aparaat, mis koosneb hammastele kinnitatud breketitest. Kaaretraat kinnitatakse ligatuuride abil breketite k\u00fclge ja see suunab hambad nende \u00f5igetele kohtadele. Ravi alguses, kohe p\u00e4rast breketite kinnitamist, on hambad tavaliselt hellad ja tundlikud ja v\u00f5ivad isegi valutada. Tavaliselt kestab see periood [&hellip;]<\/p>\n","protected":false},"author":1,"featured_media":615,"parent":1363,"menu_order":5,"comment_status":"closed","ping_status":"closed","template":"","meta":{"_acf_changed":false,"site-sidebar-layout":"no-sidebar","site-content-layout":"","ast-site-content-layout":"full-width-container","site-content-style":"default","site-sidebar-style":"default","ast-global-header-display":"","ast-banner-title-visibility":"","ast-main-header-display":"","ast-hfb-above-header-display":"","ast-hfb-below-header-display":"","ast-hfb-mobile-header-display":"","site-post-title":"disabled","ast-breadcrumbs-content":"","ast-featured-img":"disabled","footer-sml-layout":"","ast-disable-related-posts":"","theme-transparent-header-meta":"","adv-header-id-meta":"","stick-header-meta":"","header-above-stick-meta":"","header-main-stick-meta":"","header-below-stick-meta":"","astra-migrate-meta-layouts":"default","ast-page-background-enabled":"default","ast-page-background-meta":{"desktop":{"background-color":"var(--ast-global-color-5)","background-image":"","background-repeat":"repeat","background-position":"center center","background-size":"auto","background-attachment":"scroll","background-type":"","background-media":"","overlay-type":"","overlay-color":"","overlay-opacity":"","overlay-gradient":""},"tablet":{"background-color":"","background-image":"","background-repeat":"repeat","background-position":"center center","background-size":"auto","background-attachment":"scroll","background-type":"","background-media":"","overlay-type":"","overlay-color":"","overlay-opacity":"","overlay-gradient":""},"mobile":{"background-color":"","background-image":"","background-repeat":"repeat","background-position":"center center","background-size":"auto","background-attachment":"scroll","background-type":"","background-media":"","overlay-type":"","overlay-color":"","overlay-opacity":"","overlay-gradient":""}},"ast-content-background-meta":{"desktop":{"background-color":"var(--ast-global-color-4)","background-image":"","background-repeat":"repeat","background-position":"center center","background-size":"auto","background-attachment":"scroll","background-type":"","background-media":"","overlay-type":"","overlay-color":"","overlay-opacity":"","overlay-gradient":""},"tablet":{"background-color":"var(--ast-global-color-4)","background-image":"","background-repeat":"repeat","background-position":"center center","background-size":"auto","background-attachment":"scroll","background-type":"","background-media":"","overlay-type":"","overlay-color":"","overlay-opacity":"","overlay-gradient":""},"mobile":{"background-color":"var(--ast-global-color-4)","background-image":"","background-repeat":"repeat","background-position":"center center","background-size":"auto","background-attachment":"scroll","background-type":"","background-media":"","overlay-type":"","overlay-color":"","overlay-opacity":"","overlay-gradient":""}},"footnotes":""},"class_list":["post-1561","page","type-page","status-publish","has-post-thumbnail","hentry"],"acf":[],"yoast_head":"<!-- This site is optimized with the Yoast SEO plugin v27.3 - https:\/\/yoast.com\/product\/yoast-seo-wordpress\/ -->\n<title>- Tallinna Hambakliinik<\/title>\n<meta name=\"description\" content=\"Breketikandjale Kuidas hoolitseda oma breketite ja hammaste eest parima tulemuse saavutamiseks Breketid on suhu fikseeritud ortodontiline aparaat, mis\" \/>\n<meta name=\"robots\" content=\"index, follow, max-snippet:-1, max-image-preview:large, max-video-preview:-1\" \/>\n<link rel=\"canonical\" href=\"https:\/\/hambapol.ee\/et\/vastuvotu-info\/breketikandjale\/\" \/>\n<meta property=\"og:locale\" content=\"et_EE\" \/>\n<meta property=\"og:type\" content=\"article\" \/>\n<meta property=\"og:title\" content=\"- Tallinna Hambakliinik\" \/>\n<meta property=\"og:description\" content=\"Breketikandjale Kuidas hoolitseda oma breketite ja hammaste eest parima tulemuse saavutamiseks Breketid on suhu fikseeritud ortodontiline aparaat, mis\" \/>\n<meta property=\"og:url\" content=\"https:\/\/hambapol.ee\/et\/vastuvotu-info\/breketikandjale\/\" \/>\n<meta property=\"og:site_name\" content=\"Tallinna Hambakliinik\" \/>\n<meta property=\"article:publisher\" content=\"https:\/\/www.facebook.com\/TallinnaHambakliinik\/\" \/>\n<meta property=\"article:modified_time\" content=\"2025-02-06T14:49:37+00:00\" \/>\n<meta property=\"og:image\" content=\"https:\/\/hambapol.ee\/wp-content\/uploads\/2025\/01\/Tallinna-Hambakliinik-pakub-kvaliteetset-hambaravi-Tallinnas-2.jpg\" \/>\n\t<meta property=\"og:image:width\" content=\"1202\" \/>\n\t<meta property=\"og:image:height\" content=\"676\" \/>\n\t<meta property=\"og:image:type\" content=\"image\/jpeg\" \/>\n<meta name=\"twitter:card\" content=\"summary_large_image\" \/>\n<meta name=\"twitter:label1\" content=\"Est. reading time\" \/>\n\t<meta name=\"twitter:data1\" content=\"2 minutit\" \/>\n<script type=\"application\/ld+json\" class=\"yoast-schema-graph\">{\"@context\":\"https:\\\/\\\/schema.org\",\"@graph\":[{\"@type\":\"WebPage\",\"@id\":\"https:\\\/\\\/hambapol.ee\\\/vastuvotu-info\\\/breketikandjale\\\/\",\"url\":\"https:\\\/\\\/hambapol.ee\\\/vastuvotu-info\\\/breketikandjale\\\/\",\"name\":\"- Tallinna Hambakliinik\",\"isPartOf\":{\"@id\":\"https:\\\/\\\/hambapol.ee\\\/#website\"},\"primaryImageOfPage\":{\"@id\":\"https:\\\/\\\/hambapol.ee\\\/vastuvotu-info\\\/breketikandjale\\\/#primaryimage\"},\"image\":{\"@id\":\"https:\\\/\\\/hambapol.ee\\\/vastuvotu-info\\\/breketikandjale\\\/#primaryimage\"},\"thumbnailUrl\":\"https:\\\/\\\/hambapol.ee\\\/wp-content\\\/uploads\\\/2025\\\/01\\\/Tallinna-Hambakliinik-pakub-kvaliteetset-hambaravi-Tallinnas-2.jpg\",\"datePublished\":\"2025-02-06T14:46:42+00:00\",\"dateModified\":\"2025-02-06T14:49:37+00:00\",\"description\":\"Breketikandjale Kuidas hoolitseda oma breketite ja hammaste eest parima tulemuse saavutamiseks Breketid on suhu fikseeritud ortodontiline aparaat, mis\",\"breadcrumb\":{\"@id\":\"https:\\\/\\\/hambapol.ee\\\/vastuvotu-info\\\/breketikandjale\\\/#breadcrumb\"},\"inLanguage\":\"et\",\"potentialAction\":[{\"@type\":\"ReadAction\",\"target\":[\"https:\\\/\\\/hambapol.ee\\\/vastuvotu-info\\\/breketikandjale\\\/\"]}]},{\"@type\":\"ImageObject\",\"inLanguage\":\"et\",\"@id\":\"https:\\\/\\\/hambapol.ee\\\/vastuvotu-info\\\/breketikandjale\\\/#primaryimage\",\"url\":\"https:\\\/\\\/hambapol.ee\\\/wp-content\\\/uploads\\\/2025\\\/01\\\/Tallinna-Hambakliinik-pakub-kvaliteetset-hambaravi-Tallinnas-2.jpg\",\"contentUrl\":\"https:\\\/\\\/hambapol.ee\\\/wp-content\\\/uploads\\\/2025\\\/01\\\/Tallinna-Hambakliinik-pakub-kvaliteetset-hambaravi-Tallinnas-2.jpg\",\"width\":1202,\"height\":676,\"caption\":\"Tallinna Hambakliinik pakub kvaliteetset hambaravi Tallinnas\"},{\"@type\":\"BreadcrumbList\",\"@id\":\"https:\\\/\\\/hambapol.ee\\\/vastuvotu-info\\\/breketikandjale\\\/#breadcrumb\",\"itemListElement\":[{\"@type\":\"ListItem\",\"position\":1,\"name\":\"Home\",\"item\":\"https:\\\/\\\/hambapol.ee\\\/\"},{\"@type\":\"ListItem\",\"position\":2,\"name\":\"Vastuv\u00f5tu info\",\"item\":\"https:\\\/\\\/hambapol.ee\\\/vastuvotu-info\\\/\"},{\"@type\":\"ListItem\",\"position\":3,\"name\":\"Breketikandjale\"}]},{\"@type\":\"WebSite\",\"@id\":\"https:\\\/\\\/hambapol.ee\\\/#website\",\"url\":\"https:\\\/\\\/hambapol.ee\\\/\",\"name\":\"Tallinna Hambakliinik\",\"description\":\"Enesekindel naeratus\",\"publisher\":{\"@id\":\"https:\\\/\\\/hambapol.ee\\\/#organization\"},\"alternateName\":\"THK\",\"potentialAction\":[{\"@type\":\"SearchAction\",\"target\":{\"@type\":\"EntryPoint\",\"urlTemplate\":\"https:\\\/\\\/hambapol.ee\\\/?s={search_term_string}\"},\"query-input\":{\"@type\":\"PropertyValueSpecification\",\"valueRequired\":true,\"valueName\":\"search_term_string\"}}],\"inLanguage\":\"et\"},{\"@type\":\"Organization\",\"@id\":\"https:\\\/\\\/hambapol.ee\\\/#organization\",\"name\":\"SA Tallinna Hambakliinik\",\"url\":\"https:\\\/\\\/hambapol.ee\\\/\",\"logo\":{\"@type\":\"ImageObject\",\"inLanguage\":\"et\",\"@id\":\"https:\\\/\\\/hambapol.ee\\\/#\\\/schema\\\/logo\\\/image\\\/\",\"url\":\"https:\\\/\\\/hambapol.ee\\\/wp-content\\\/uploads\\\/2025\\\/01\\\/thk-logo-anno-taustata-e1737668889173.png\",\"contentUrl\":\"https:\\\/\\\/hambapol.ee\\\/wp-content\\\/uploads\\\/2025\\\/01\\\/thk-logo-anno-taustata-e1737668889173.png\",\"width\":250,\"height\":254,\"caption\":\"SA Tallinna Hambakliinik\"},\"image\":{\"@id\":\"https:\\\/\\\/hambapol.ee\\\/#\\\/schema\\\/logo\\\/image\\\/\"},\"sameAs\":[\"https:\\\/\\\/www.facebook.com\\\/TallinnaHambakliinik\\\/\"]}]}<\/script>\n<!-- \/ Yoast SEO plugin. -->","yoast_head_json":{"title":"- Tallinna Hambakliinik","description":"Breketikandjale Kuidas hoolitseda oma breketite ja hammaste eest parima tulemuse saavutamiseks Breketid on suhu fikseeritud ortodontiline aparaat, mis","robots":{"index":"index","follow":"follow","max-snippet":"max-snippet:-1","max-image-preview":"max-image-preview:large","max-video-preview":"max-video-preview:-1"},"canonical":"https:\/\/hambapol.ee\/et\/vastuvotu-info\/breketikandjale\/","og_locale":"et_EE","og_type":"article","og_title":"- Tallinna Hambakliinik","og_description":"Breketikandjale Kuidas hoolitseda oma breketite ja hammaste eest parima tulemuse saavutamiseks Breketid on suhu fikseeritud ortodontiline aparaat, mis","og_url":"https:\/\/hambapol.ee\/et\/vastuvotu-info\/breketikandjale\/","og_site_name":"Tallinna Hambakliinik","article_publisher":"https:\/\/www.facebook.com\/TallinnaHambakliinik\/","article_modified_time":"2025-02-06T14:49:37+00:00","og_image":[{"width":1202,"height":676,"url":"https:\/\/hambapol.ee\/wp-content\/uploads\/2025\/01\/Tallinna-Hambakliinik-pakub-kvaliteetset-hambaravi-Tallinnas-2.jpg","type":"image\/jpeg"}],"twitter_card":"summary_large_image","twitter_misc":{"Est. reading time":"2 minutit"},"schema":{"@context":"https:\/\/schema.org","@graph":[{"@type":"WebPage","@id":"https:\/\/hambapol.ee\/vastuvotu-info\/breketikandjale\/","url":"https:\/\/hambapol.ee\/vastuvotu-info\/breketikandjale\/","name":"- Tallinna Hambakliinik","isPartOf":{"@id":"https:\/\/hambapol.ee\/#website"},"primaryImageOfPage":{"@id":"https:\/\/hambapol.ee\/vastuvotu-info\/breketikandjale\/#primaryimage"},"image":{"@id":"https:\/\/hambapol.ee\/vastuvotu-info\/breketikandjale\/#primaryimage"},"thumbnailUrl":"https:\/\/hambapol.ee\/wp-content\/uploads\/2025\/01\/Tallinna-Hambakliinik-pakub-kvaliteetset-hambaravi-Tallinnas-2.jpg","datePublished":"2025-02-06T14:46:42+00:00","dateModified":"2025-02-06T14:49:37+00:00","description":"Breketikandjale Kuidas hoolitseda oma breketite ja hammaste eest parima tulemuse saavutamiseks Breketid on suhu fikseeritud ortodontiline aparaat, mis","breadcrumb":{"@id":"https:\/\/hambapol.ee\/vastuvotu-info\/breketikandjale\/#breadcrumb"},"inLanguage":"et","potentialAction":[{"@type":"ReadAction","target":["https:\/\/hambapol.ee\/vastuvotu-info\/breketikandjale\/"]}]},{"@type":"ImageObject","inLanguage":"et","@id":"https:\/\/hambapol.ee\/vastuvotu-info\/breketikandjale\/#primaryimage","url":"https:\/\/hambapol.ee\/wp-content\/uploads\/2025\/01\/Tallinna-Hambakliinik-pakub-kvaliteetset-hambaravi-Tallinnas-2.jpg","contentUrl":"https:\/\/hambapol.ee\/wp-content\/uploads\/2025\/01\/Tallinna-Hambakliinik-pakub-kvaliteetset-hambaravi-Tallinnas-2.jpg","width":1202,"height":676,"caption":"Tallinna Hambakliinik pakub kvaliteetset hambaravi Tallinnas"},{"@type":"BreadcrumbList","@id":"https:\/\/hambapol.ee\/vastuvotu-info\/breketikandjale\/#breadcrumb","itemListElement":[{"@type":"ListItem","position":1,"name":"Home","item":"https:\/\/hambapol.ee\/"},{"@type":"ListItem","position":2,"name":"Vastuv\u00f5tu info","item":"https:\/\/hambapol.ee\/vastuvotu-info\/"},{"@type":"ListItem","position":3,"name":"Breketikandjale"}]},{"@type":"WebSite","@id":"https:\/\/hambapol.ee\/#website","url":"https:\/\/hambapol.ee\/","name":"Tallinna Hambakliinik","description":"Enesekindel naeratus","publisher":{"@id":"https:\/\/hambapol.ee\/#organization"},"alternateName":"THK","potentialAction":[{"@type":"SearchAction","target":{"@type":"EntryPoint","urlTemplate":"https:\/\/hambapol.ee\/?s={search_term_string}"},"query-input":{"@type":"PropertyValueSpecification","valueRequired":true,"valueName":"search_term_string"}}],"inLanguage":"et"},{"@type":"Organization","@id":"https:\/\/hambapol.ee\/#organization","name":"SA Tallinna Hambakliinik","url":"https:\/\/hambapol.ee\/","logo":{"@type":"ImageObject","inLanguage":"et","@id":"https:\/\/hambapol.ee\/#\/schema\/logo\/image\/","url":"https:\/\/hambapol.ee\/wp-content\/uploads\/2025\/01\/thk-logo-anno-taustata-e1737668889173.png","contentUrl":"https:\/\/hambapol.ee\/wp-content\/uploads\/2025\/01\/thk-logo-anno-taustata-e1737668889173.png","width":250,"height":254,"caption":"SA Tallinna Hambakliinik"},"image":{"@id":"https:\/\/hambapol.ee\/#\/schema\/logo\/image\/"},"sameAs":["https:\/\/www.facebook.com\/TallinnaHambakliinik\/"]}]}},"_links":{"self":[{"href":"https:\/\/hambapol.ee\/et\/wp-json\/wp\/v2\/pages\/1561","targetHints":{"allow":["GET"]}}],"collection":[{"href":"https:\/\/hambapol.ee\/et\/wp-json\/wp\/v2\/pages"}],"about":[{"href":"https:\/\/hambapol.ee\/et\/wp-json\/wp\/v2\/types\/page"}],"author":[{"embeddable":true,"href":"https:\/\/hambapol.ee\/et\/wp-json\/wp\/v2\/users\/1"}],"replies":[{"embeddable":true,"href":"https:\/\/hambapol.ee\/et\/wp-json\/wp\/v2\/comments?post=1561"}],"version-history":[{"count":5,"href":"https:\/\/hambapol.ee\/et\/wp-json\/wp\/v2\/pages\/1561\/revisions"}],"predecessor-version":[{"id":1566,"href":"https:\/\/hambapol.ee\/et\/wp-json\/wp\/v2\/pages\/1561\/revisions\/1566"}],"up":[{"embeddable":true,"href":"https:\/\/hambapol.ee\/et\/wp-json\/wp\/v2\/pages\/1363"}],"wp:featuredmedia":[{"embeddable":true,"href":"https:\/\/hambapol.ee\/et\/wp-json\/wp\/v2\/media\/615"}],"wp:attachment":[{"href":"https:\/\/hambapol.ee\/et\/wp-json\/wp\/v2\/media?parent=1561"}],"curies":[{"name":"wp","href":"https:\/\/api.w.org\/{rel}","templated":true}]}}