{"id":1555,"date":"2025-02-06T16:15:47","date_gmt":"2025-02-06T14:15:47","guid":{"rendered":"https:\/\/hambapol.ee\/?page_id=1555"},"modified":"2025-02-06T16:23:46","modified_gmt":"2025-02-06T14:23:46","slug":"proteesikandjale","status":"publish","type":"page","link":"https:\/\/hambapol.ee\/et\/vastuvotu-info\/proteesikandjale\/","title":{"rendered":"Proteesikandjale"},"content":{"rendered":"\t\t<div data-elementor-type=\"wp-page\" data-elementor-id=\"1555\" class=\"elementor elementor-1555\" data-elementor-post-type=\"page\">\n\t\t\t\t<div class=\"elementor-element elementor-element-f2a471b e-flex e-con-boxed e-con e-parent\" data-id=\"f2a471b\" data-element_type=\"container\" data-e-type=\"container\" data-settings=\"{&quot;background_background&quot;:&quot;classic&quot;}\">\n\t\t\t\t\t<div class=\"e-con-inner\">\n\t\t\t\t<div class=\"elementor-element elementor-element-f65842a elementor-widget elementor-widget-heading\" data-id=\"f65842a\" data-element_type=\"widget\" data-e-type=\"widget\" data-widget_type=\"heading.default\">\n\t\t\t\t<div class=\"elementor-widget-container\">\n\t\t\t\t\t<h1 class=\"elementor-heading-title elementor-size-default\">Proteesikandjale<\/h1>\t\t\t\t<\/div>\n\t\t\t\t<\/div>\n\t\t\t\t<div class=\"elementor-element elementor-element-8f23711 elementor-widget elementor-widget-heading\" data-id=\"8f23711\" data-element_type=\"widget\" data-e-type=\"widget\" data-widget_type=\"heading.default\">\n\t\t\t\t<div class=\"elementor-widget-container\">\n\t\t\t\t\t<h2 class=\"elementor-heading-title elementor-size-default\">Naerata kindlalt \u2013 proteeside hooldus ja harjumine<\/h2>\t\t\t\t<\/div>\n\t\t\t\t<\/div>\n\t\t\t\t\t<\/div>\n\t\t\t\t<\/div>\n\t\t<div class=\"elementor-element elementor-element-e8610f5 e-flex e-con-boxed e-con e-parent\" data-id=\"e8610f5\" data-element_type=\"container\" data-e-type=\"container\" data-settings=\"{&quot;background_background&quot;:&quot;classic&quot;}\">\n\t\t\t\t\t<div class=\"e-con-inner\">\n\t\t\t\t<div class=\"elementor-element elementor-element-b08d372 elementor-widget elementor-widget-heading\" data-id=\"b08d372\" data-element_type=\"widget\" data-e-type=\"widget\" data-widget_type=\"heading.default\">\n\t\t\t\t<div class=\"elementor-widget-container\">\n\t\t\t\t\t<h3 class=\"elementor-heading-title elementor-size-default\">Olete saanud uue hambaproteesi<\/h3>\t\t\t\t<\/div>\n\t\t\t\t<\/div>\n\t\t\t\t<div class=\"elementor-element elementor-element-5c5dce0 elementor-widget elementor-widget-text-editor\" data-id=\"5c5dce0\" data-element_type=\"widget\" data-e-type=\"widget\" data-widget_type=\"text-editor.default\">\n\t\t\t\t<div class=\"elementor-widget-container\">\n\t\t\t\t\t\t\t\t\t<ul><li style=\"list-style-type: none;\"><ul><li>Proteesi sobimisel on suur t\u00e4htsus suu\u00f5\u00f5ne anatoomilistel ise\u00e4rasustel ja patsiendi kohanemisv\u00f5imel.<\/li><li>Uus hambaprotees on alati teistsugune kui oma hambad v\u00f5i eelmine protees, mist\u00f5ttu v\u00f5ib see algul tunduda harjumatu v\u00f5i isegi ebamugavana.<\/li><li>Uus protees on sageli massiivsem ja laiemate piiridega kui eelmine protees, kuna uue proteesiga peab taastama suus toimunud l\u00f5ualuu muutused ja hambumuse k\u00f5rguse.<\/li><\/ul><\/li><\/ul>\t\t\t\t\t\t\t\t<\/div>\n\t\t\t\t<\/div>\n\t\t\t\t\t<\/div>\n\t\t\t\t<\/div>\n\t\t<div class=\"elementor-element elementor-element-ada3da6 e-flex e-con-boxed e-con e-parent\" data-id=\"ada3da6\" data-element_type=\"container\" data-e-type=\"container\" data-settings=\"{&quot;background_background&quot;:&quot;classic&quot;}\">\n\t\t\t\t\t<div class=\"e-con-inner\">\n\t\t\t\t<div class=\"elementor-element elementor-element-3d16fca elementor-widget elementor-widget-heading\" data-id=\"3d16fca\" data-element_type=\"widget\" data-e-type=\"widget\" data-widget_type=\"heading.default\">\n\t\t\t\t<div class=\"elementor-widget-container\">\n\t\t\t\t\t<h3 class=\"elementor-heading-title elementor-size-default\">Uue proteesiga harjumine<\/h3>\t\t\t\t<\/div>\n\t\t\t\t<\/div>\n\t\t\t\t<div class=\"elementor-element elementor-element-dcf7de9 elementor-widget elementor-widget-text-editor\" data-id=\"dcf7de9\" data-element_type=\"widget\" data-e-type=\"widget\" data-widget_type=\"text-editor.default\">\n\t\t\t\t<div class=\"elementor-widget-container\">\n\t\t\t\t\t\t\t\t\t<ul><li style=\"list-style-type: none;\"><ul><li>Hambaproteesiga harjumiseks on vaja aega ja kannatust.<\/li><li>Suust eemaldatavat hambaproteesi hoidke p\u00e4eval pidevalt suus.<\/li><li>Kui proteesi ei kanta kogu aeg, v\u00f5ib see muutuda sobimatuks, sest aja jooksul muutub ka suu kuju (hambad nihkuvad, l\u00f5ualuu vajub).<\/li><li>Proteeside kandmisel v\u00f5ib parema suusp\u00fcsivuse saavutamiseks kasutada proteesiliimi (m\u00fc\u00fcgil apteekides).<\/li><li>V\u00e4ga harva sobib protees suhu kohe, ilma et see ei h\u00f5\u00f5ruks ega tekitaks ebamugavust. Seet\u00f5ttu tuleb kindlasti k\u00e4ia esimestel kandmiskuudel hambaarsti juures proteesi reguleerimas.<\/li><\/ul><\/li><\/ul>\t\t\t\t\t\t\t\t<\/div>\n\t\t\t\t<\/div>\n\t\t\t\t\t<\/div>\n\t\t\t\t<\/div>\n\t\t<div class=\"elementor-element elementor-element-bdc0c84 e-flex e-con-boxed e-con e-parent\" data-id=\"bdc0c84\" data-element_type=\"container\" data-e-type=\"container\" data-settings=\"{&quot;background_background&quot;:&quot;classic&quot;}\">\n\t\t\t\t\t<div class=\"e-con-inner\">\n\t\t\t\t<div class=\"elementor-element elementor-element-d4c22f7 elementor-widget elementor-widget-heading\" data-id=\"d4c22f7\" data-element_type=\"widget\" data-e-type=\"widget\" data-widget_type=\"heading.default\">\n\t\t\t\t<div class=\"elementor-widget-container\">\n\t\t\t\t\t<h3 class=\"elementor-heading-title elementor-size-default\">R\u00e4\u00e4kimine<\/h3>\t\t\t\t<\/div>\n\t\t\t\t<\/div>\n\t\t\t\t<div class=\"elementor-element elementor-element-89b03bc elementor-widget elementor-widget-text-editor\" data-id=\"89b03bc\" data-element_type=\"widget\" data-e-type=\"widget\" data-widget_type=\"text-editor.default\">\n\t\t\t\t<div class=\"elementor-widget-container\">\n\t\t\t\t\t\t\t\t\t<ul><li style=\"list-style-type: none;\"><ul><li>\u00d5ppige proteesiga selgelt r\u00e4\u00e4kima.<\/li><li>Suu- ja keelelihased harjuvad uue proteesiga kiiremini, kui loete harjutamiseks tekste selge ja valju h\u00e4\u00e4lega.<\/li><li>Protees v\u00f5ib loksuda, kui r\u00e4\u00e4gite liiga kiiresti v\u00f5i olete liiga pikka aega neelatamata.<\/li><\/ul><\/li><\/ul>\t\t\t\t\t\t\t\t<\/div>\n\t\t\t\t<\/div>\n\t\t\t\t\t<\/div>\n\t\t\t\t<\/div>\n\t\t<div class=\"elementor-element elementor-element-99e9651 e-flex e-con-boxed e-con e-parent\" data-id=\"99e9651\" data-element_type=\"container\" data-e-type=\"container\" data-settings=\"{&quot;background_background&quot;:&quot;classic&quot;}\">\n\t\t\t\t\t<div class=\"e-con-inner\">\n\t\t\t\t<div class=\"elementor-element elementor-element-c168558 elementor-widget elementor-widget-heading\" data-id=\"c168558\" data-element_type=\"widget\" data-e-type=\"widget\" data-widget_type=\"heading.default\">\n\t\t\t\t<div class=\"elementor-widget-container\">\n\t\t\t\t\t<h3 class=\"elementor-heading-title elementor-size-default\">S\u00f6\u00f6mine<\/h3>\t\t\t\t<\/div>\n\t\t\t\t<\/div>\n\t\t\t\t<div class=\"elementor-element elementor-element-6be7486 elementor-widget elementor-widget-text-editor\" data-id=\"6be7486\" data-element_type=\"widget\" data-e-type=\"widget\" data-widget_type=\"text-editor.default\">\n\t\t\t\t<div class=\"elementor-widget-container\">\n\t\t\t\t\t\t\t\t\t<ul><li style=\"list-style-type: none;\"><ul><li>Uue proteesiga on vaja muuta hammustamis- ja m\u00e4lumisharjumusi.<\/li><li>S\u00f6\u00f6miseks tuleb rohkem aega varuda.<\/li><li>Esialgu peab s\u00f6\u00f6ma pehmet toitu ja panna suhu v\u00e4iksemaid palasid.<\/li><li>Toidu m\u00e4lumiseks tuleks kasutada m\u00f5lemaid suupooli, et v\u00e4ltida liigset pidevat koormust \u00fchele suupoolele.<\/li><li>Kui l\u00f5ikehambad (neli esihammast) on proteesihambad, siis nendega tahke toidu hammustamist tuleb v\u00e4ltida.<\/li><\/ul><\/li><\/ul>\t\t\t\t\t\t\t\t<\/div>\n\t\t\t\t<\/div>\n\t\t\t\t\t<\/div>\n\t\t\t\t<\/div>\n\t\t<div class=\"elementor-element elementor-element-0ea85fc e-flex e-con-boxed e-con e-parent\" data-id=\"0ea85fc\" data-element_type=\"container\" data-e-type=\"container\" data-settings=\"{&quot;background_background&quot;:&quot;classic&quot;}\">\n\t\t\t\t\t<div class=\"e-con-inner\">\n\t\t\t\t<div class=\"elementor-element elementor-element-ffd5f8e elementor-widget elementor-widget-heading\" data-id=\"ffd5f8e\" data-element_type=\"widget\" data-e-type=\"widget\" data-widget_type=\"heading.default\">\n\t\t\t\t<div class=\"elementor-widget-container\">\n\t\t\t\t\t<h3 class=\"elementor-heading-title elementor-size-default\">Protees teeb valu<\/h3>\t\t\t\t<\/div>\n\t\t\t\t<\/div>\n\t\t\t\t<div class=\"elementor-element elementor-element-80c748e elementor-widget elementor-widget-text-editor\" data-id=\"80c748e\" data-element_type=\"widget\" data-e-type=\"widget\" data-widget_type=\"text-editor.default\">\n\t\t\t\t<div class=\"elementor-widget-container\">\n\t\t\t\t\t\t\t\t\t<ul><li style=\"list-style-type: none;\"><ul><li>P\u00f6\u00f6rduge esimesel v\u00f5imalusel hambaarsti poole, kui protees h\u00f5\u00f5rub v\u00f5i teeb haiget. Selleks, et h\u00f5\u00f5rdumiskoht oleks arstile n\u00e4ha, peab proteesi kindlasti kandma v\u00e4hemalt kaks tundi enne vastuv\u00f5tule tulekut.<\/li><li>Proteesi reguleerimiseks v\u00f5i parandamiseks p\u00f6\u00f6rduge hambaarsti vastuv\u00f5tule. Kunagi ei tohi hakata ise viilima h\u00f5\u00f5ruvat proteesi, pingutama proteesiklambreid v\u00f5i liimima murdunud proteesi.<\/li><\/ul><\/li><\/ul>\t\t\t\t\t\t\t\t<\/div>\n\t\t\t\t<\/div>\n\t\t\t\t\t<\/div>\n\t\t\t\t<\/div>\n\t\t<div class=\"elementor-element elementor-element-665df0d e-flex e-con-boxed e-con e-parent\" data-id=\"665df0d\" data-element_type=\"container\" data-e-type=\"container\" data-settings=\"{&quot;background_background&quot;:&quot;classic&quot;}\">\n\t\t\t\t\t<div class=\"e-con-inner\">\n\t\t\t\t<div class=\"elementor-element elementor-element-7f491d2 elementor-widget elementor-widget-heading\" data-id=\"7f491d2\" data-element_type=\"widget\" data-e-type=\"widget\" data-widget_type=\"heading.default\">\n\t\t\t\t<div class=\"elementor-widget-container\">\n\t\t\t\t\t<h3 class=\"elementor-heading-title elementor-size-default\">Proteeside puhastamine<\/h3>\t\t\t\t<\/div>\n\t\t\t\t<\/div>\n\t\t\t\t<div class=\"elementor-element elementor-element-70463ed elementor-widget elementor-widget-text-editor\" data-id=\"70463ed\" data-element_type=\"widget\" data-e-type=\"widget\" data-widget_type=\"text-editor.default\">\n\t\t\t\t<div class=\"elementor-widget-container\">\n\t\t\t\t\t\t\t\t\t<ul><li style=\"list-style-type: none;\"><ul><li>Puhastage hambaproteesi v\u00e4hemalt kaks korda p\u00e4evas! Tehke seda hommikul ja \u00f5htul kas n\u00f5udepesuvahendi v\u00f5i naturaalse seebi, sooja vee ja harjaga. \u00c4rge kasutage puhastamiseks hambapastat, kuna selles olevad abrasiivsed osakesed kriibivad proteesimaterjale, tekitades mikroskoopilisi vagusid, millele on bakteritel hea kinnituda.<\/li><li>Puhastage harjaga nii proteesi sise- kui ka v\u00e4lispinda.<\/li><li>Kasutage v\u00e4hemalt kord n\u00e4dalas proteesipuhastustablette, mis on m\u00fc\u00fcgil apteekides.<\/li><li>V\u00f5imalusel loputage proteesi veega p\u00e4rast igat toidukorda.<\/li><li>Suus olevaid oma hambaid (ka \u00fchte hammast) peske kindlasti hambaharja ja -pastaga.<\/li><li>Proteesile ladestunud p\u00fcsiv sete laske eemaldada hambaarstil.<\/li><li>Proteeside ebapiisav ja ka vale puhastamine v\u00f5ib viia hambakatu ja hambakivi ladestumiseni.<\/li><li>Toiduosakeste j\u00e4\u00e4mine proteeside alla v\u00f5i klambrite vahele v\u00f5ib p\u00f5hjustada halba suul\u00f5hna.<\/li><li>Hoolitsege oma proteeside eest. V\u00e4ltige proteesi mahakukkumist \u2013 protees on \u00f5rn ja v\u00f5ib kergesti puruneda.<\/li><li>\u00dcks kord aastas k\u00fclastage hambaarsti, et lasta oma protees \u00fcle vaadata, vajadusel reguleerida, pisivigasid parandada v\u00f5i puhastada.<\/li><\/ul><\/li><\/ul><p><strong>NB! Proteesi palun hoida niiskes keskkonnas.<\/strong><\/p>\t\t\t\t\t\t\t\t<\/div>\n\t\t\t\t<\/div>\n\t\t\t\t\t<\/div>\n\t\t\t\t<\/div>\n\t\t\t\t<\/div>\n\t\t","protected":false},"excerpt":{"rendered":"<p>Proteesikandjale Naerata kindlalt \u2013 proteeside hooldus ja harjumine Olete saanud uue hambaproteesi Proteesi sobimisel on suur t\u00e4htsus suu\u00f5\u00f5ne anatoomilistel ise\u00e4rasustel ja patsiendi kohanemisv\u00f5imel. Uus hambaprotees on alati teistsugune kui oma hambad v\u00f5i eelmine protees, mist\u00f5ttu v\u00f5ib see algul tunduda harjumatu v\u00f5i isegi ebamugavana. Uus protees on sageli massiivsem ja laiemate piiridega kui eelmine protees, kuna [&hellip;]<\/p>\n","protected":false},"author":1,"featured_media":599,"parent":1363,"menu_order":4,"comment_status":"closed","ping_status":"closed","template":"","meta":{"_acf_changed":false,"site-sidebar-layout":"no-sidebar","site-content-layout":"","ast-site-content-layout":"full-width-container","site-content-style":"default","site-sidebar-style":"default","ast-global-header-display":"","ast-banner-title-visibility":"","ast-main-header-display":"","ast-hfb-above-header-display":"","ast-hfb-below-header-display":"","ast-hfb-mobile-header-display":"","site-post-title":"disabled","ast-breadcrumbs-content":"","ast-featured-img":"disabled","footer-sml-layout":"","ast-disable-related-posts":"","theme-transparent-header-meta":"","adv-header-id-meta":"","stick-header-meta":"","header-above-stick-meta":"","header-main-stick-meta":"","header-below-stick-meta":"","astra-migrate-meta-layouts":"default","ast-page-background-enabled":"default","ast-page-background-meta":{"desktop":{"background-color":"var(--ast-global-color-5)","background-image":"","background-repeat":"repeat","background-position":"center center","background-size":"auto","background-attachment":"scroll","background-type":"","background-media":"","overlay-type":"","overlay-color":"","overlay-opacity":"","overlay-gradient":""},"tablet":{"background-color":"","background-image":"","background-repeat":"repeat","background-position":"center center","background-size":"auto","background-attachment":"scroll","background-type":"","background-media":"","overlay-type":"","overlay-color":"","overlay-opacity":"","overlay-gradient":""},"mobile":{"background-color":"","background-image":"","background-repeat":"repeat","background-position":"center center","background-size":"auto","background-attachment":"scroll","background-type":"","background-media":"","overlay-type":"","overlay-color":"","overlay-opacity":"","overlay-gradient":""}},"ast-content-background-meta":{"desktop":{"background-color":"var(--ast-global-color-4)","background-image":"","background-repeat":"repeat","background-position":"center center","background-size":"auto","background-attachment":"scroll","background-type":"","background-media":"","overlay-type":"","overlay-color":"","overlay-opacity":"","overlay-gradient":""},"tablet":{"background-color":"var(--ast-global-color-4)","background-image":"","background-repeat":"repeat","background-position":"center center","background-size":"auto","background-attachment":"scroll","background-type":"","background-media":"","overlay-type":"","overlay-color":"","overlay-opacity":"","overlay-gradient":""},"mobile":{"background-color":"var(--ast-global-color-4)","background-image":"","background-repeat":"repeat","background-position":"center center","background-size":"auto","background-attachment":"scroll","background-type":"","background-media":"","overlay-type":"","overlay-color":"","overlay-opacity":"","overlay-gradient":""}},"footnotes":""},"class_list":["post-1555","page","type-page","status-publish","has-post-thumbnail","hentry"],"acf":[],"yoast_head":"<!-- This site is optimized with the Yoast SEO plugin v27.4 - https:\/\/yoast.com\/product\/yoast-seo-wordpress\/ -->\n<title>- Tallinna Hambakliinik<\/title>\n<meta name=\"description\" content=\"Proteesikandjale Naerata kindlalt \u2013 proteeside hooldus ja harjumine Olete saanud uue hambaproteesi Proteesi sobimisel on suur t\u00e4htsus suu\u00f5\u00f5ne\" \/>\n<meta name=\"robots\" content=\"index, follow, max-snippet:-1, max-image-preview:large, max-video-preview:-1\" \/>\n<link rel=\"canonical\" href=\"https:\/\/hambapol.ee\/et\/vastuvotu-info\/proteesikandjale\/\" \/>\n<meta property=\"og:locale\" content=\"et_EE\" \/>\n<meta property=\"og:type\" content=\"article\" \/>\n<meta property=\"og:title\" content=\"- Tallinna Hambakliinik\" \/>\n<meta property=\"og:description\" content=\"Proteesikandjale Naerata kindlalt \u2013 proteeside hooldus ja harjumine Olete saanud uue hambaproteesi Proteesi sobimisel on suur t\u00e4htsus suu\u00f5\u00f5ne\" \/>\n<meta property=\"og:url\" content=\"https:\/\/hambapol.ee\/et\/vastuvotu-info\/proteesikandjale\/\" \/>\n<meta property=\"og:site_name\" content=\"Tallinna Hambakliinik\" \/>\n<meta property=\"article:publisher\" content=\"https:\/\/www.facebook.com\/TallinnaHambakliinik\/\" \/>\n<meta property=\"article:modified_time\" content=\"2025-02-06T14:23:46+00:00\" \/>\n<meta property=\"og:image\" content=\"https:\/\/hambapol.ee\/wp-content\/uploads\/2025\/01\/Tallinna-Hambakliinik-pakub-kvaliteetset-hambaravi-Tallinnas.jpg\" \/>\n\t<meta property=\"og:image:width\" content=\"800\" \/>\n\t<meta property=\"og:image:height\" content=\"450\" \/>\n\t<meta property=\"og:image:type\" content=\"image\/jpeg\" \/>\n<meta name=\"twitter:card\" content=\"summary_large_image\" \/>\n<meta name=\"twitter:label1\" content=\"Est. reading time\" \/>\n\t<meta name=\"twitter:data1\" content=\"3 minutit\" \/>\n<script type=\"application\/ld+json\" class=\"yoast-schema-graph\">{\"@context\":\"https:\\\/\\\/schema.org\",\"@graph\":[{\"@type\":\"WebPage\",\"@id\":\"https:\\\/\\\/hambapol.ee\\\/vastuvotu-info\\\/proteesikandjale\\\/\",\"url\":\"https:\\\/\\\/hambapol.ee\\\/vastuvotu-info\\\/proteesikandjale\\\/\",\"name\":\"- Tallinna Hambakliinik\",\"isPartOf\":{\"@id\":\"https:\\\/\\\/hambapol.ee\\\/#website\"},\"primaryImageOfPage\":{\"@id\":\"https:\\\/\\\/hambapol.ee\\\/vastuvotu-info\\\/proteesikandjale\\\/#primaryimage\"},\"image\":{\"@id\":\"https:\\\/\\\/hambapol.ee\\\/vastuvotu-info\\\/proteesikandjale\\\/#primaryimage\"},\"thumbnailUrl\":\"https:\\\/\\\/hambapol.ee\\\/wp-content\\\/uploads\\\/2025\\\/01\\\/Tallinna-Hambakliinik-pakub-kvaliteetset-hambaravi-Tallinnas.jpg\",\"datePublished\":\"2025-02-06T14:15:47+00:00\",\"dateModified\":\"2025-02-06T14:23:46+00:00\",\"description\":\"Proteesikandjale Naerata kindlalt \u2013 proteeside hooldus ja harjumine Olete saanud uue hambaproteesi Proteesi sobimisel on suur t\u00e4htsus suu\u00f5\u00f5ne\",\"breadcrumb\":{\"@id\":\"https:\\\/\\\/hambapol.ee\\\/vastuvotu-info\\\/proteesikandjale\\\/#breadcrumb\"},\"inLanguage\":\"et\",\"potentialAction\":[{\"@type\":\"ReadAction\",\"target\":[\"https:\\\/\\\/hambapol.ee\\\/vastuvotu-info\\\/proteesikandjale\\\/\"]}]},{\"@type\":\"ImageObject\",\"inLanguage\":\"et\",\"@id\":\"https:\\\/\\\/hambapol.ee\\\/vastuvotu-info\\\/proteesikandjale\\\/#primaryimage\",\"url\":\"https:\\\/\\\/hambapol.ee\\\/wp-content\\\/uploads\\\/2025\\\/01\\\/Tallinna-Hambakliinik-pakub-kvaliteetset-hambaravi-Tallinnas.jpg\",\"contentUrl\":\"https:\\\/\\\/hambapol.ee\\\/wp-content\\\/uploads\\\/2025\\\/01\\\/Tallinna-Hambakliinik-pakub-kvaliteetset-hambaravi-Tallinnas.jpg\",\"width\":800,\"height\":450,\"caption\":\"Tallinna Hambakliinik Hambaravi Tallinna kesklinnas esmaabi\"},{\"@type\":\"BreadcrumbList\",\"@id\":\"https:\\\/\\\/hambapol.ee\\\/vastuvotu-info\\\/proteesikandjale\\\/#breadcrumb\",\"itemListElement\":[{\"@type\":\"ListItem\",\"position\":1,\"name\":\"Home\",\"item\":\"https:\\\/\\\/hambapol.ee\\\/\"},{\"@type\":\"ListItem\",\"position\":2,\"name\":\"Vastuv\u00f5tu info\",\"item\":\"https:\\\/\\\/hambapol.ee\\\/vastuvotu-info\\\/\"},{\"@type\":\"ListItem\",\"position\":3,\"name\":\"Proteesikandjale\"}]},{\"@type\":\"WebSite\",\"@id\":\"https:\\\/\\\/hambapol.ee\\\/#website\",\"url\":\"https:\\\/\\\/hambapol.ee\\\/\",\"name\":\"Tallinna Hambakliinik\",\"description\":\"Enesekindel naeratus\",\"publisher\":{\"@id\":\"https:\\\/\\\/hambapol.ee\\\/#organization\"},\"alternateName\":\"THK\",\"potentialAction\":[{\"@type\":\"SearchAction\",\"target\":{\"@type\":\"EntryPoint\",\"urlTemplate\":\"https:\\\/\\\/hambapol.ee\\\/?s={search_term_string}\"},\"query-input\":{\"@type\":\"PropertyValueSpecification\",\"valueRequired\":true,\"valueName\":\"search_term_string\"}}],\"inLanguage\":\"et\"},{\"@type\":\"Organization\",\"@id\":\"https:\\\/\\\/hambapol.ee\\\/#organization\",\"name\":\"SA Tallinna Hambakliinik\",\"url\":\"https:\\\/\\\/hambapol.ee\\\/\",\"logo\":{\"@type\":\"ImageObject\",\"inLanguage\":\"et\",\"@id\":\"https:\\\/\\\/hambapol.ee\\\/#\\\/schema\\\/logo\\\/image\\\/\",\"url\":\"https:\\\/\\\/hambapol.ee\\\/wp-content\\\/uploads\\\/2025\\\/01\\\/thk-logo-anno-taustata-e1737668889173.png\",\"contentUrl\":\"https:\\\/\\\/hambapol.ee\\\/wp-content\\\/uploads\\\/2025\\\/01\\\/thk-logo-anno-taustata-e1737668889173.png\",\"width\":250,\"height\":254,\"caption\":\"SA Tallinna Hambakliinik\"},\"image\":{\"@id\":\"https:\\\/\\\/hambapol.ee\\\/#\\\/schema\\\/logo\\\/image\\\/\"},\"sameAs\":[\"https:\\\/\\\/www.facebook.com\\\/TallinnaHambakliinik\\\/\"]}]}<\/script>\n<!-- \/ Yoast SEO plugin. -->","yoast_head_json":{"title":"- Tallinna Hambakliinik","description":"Proteesikandjale Naerata kindlalt \u2013 proteeside hooldus ja harjumine Olete saanud uue hambaproteesi Proteesi sobimisel on suur t\u00e4htsus suu\u00f5\u00f5ne","robots":{"index":"index","follow":"follow","max-snippet":"max-snippet:-1","max-image-preview":"max-image-preview:large","max-video-preview":"max-video-preview:-1"},"canonical":"https:\/\/hambapol.ee\/et\/vastuvotu-info\/proteesikandjale\/","og_locale":"et_EE","og_type":"article","og_title":"- Tallinna Hambakliinik","og_description":"Proteesikandjale Naerata kindlalt \u2013 proteeside hooldus ja harjumine Olete saanud uue hambaproteesi Proteesi sobimisel on suur t\u00e4htsus suu\u00f5\u00f5ne","og_url":"https:\/\/hambapol.ee\/et\/vastuvotu-info\/proteesikandjale\/","og_site_name":"Tallinna Hambakliinik","article_publisher":"https:\/\/www.facebook.com\/TallinnaHambakliinik\/","article_modified_time":"2025-02-06T14:23:46+00:00","og_image":[{"width":800,"height":450,"url":"https:\/\/hambapol.ee\/wp-content\/uploads\/2025\/01\/Tallinna-Hambakliinik-pakub-kvaliteetset-hambaravi-Tallinnas.jpg","type":"image\/jpeg"}],"twitter_card":"summary_large_image","twitter_misc":{"Est. reading time":"3 minutit"},"schema":{"@context":"https:\/\/schema.org","@graph":[{"@type":"WebPage","@id":"https:\/\/hambapol.ee\/vastuvotu-info\/proteesikandjale\/","url":"https:\/\/hambapol.ee\/vastuvotu-info\/proteesikandjale\/","name":"- Tallinna Hambakliinik","isPartOf":{"@id":"https:\/\/hambapol.ee\/#website"},"primaryImageOfPage":{"@id":"https:\/\/hambapol.ee\/vastuvotu-info\/proteesikandjale\/#primaryimage"},"image":{"@id":"https:\/\/hambapol.ee\/vastuvotu-info\/proteesikandjale\/#primaryimage"},"thumbnailUrl":"https:\/\/hambapol.ee\/wp-content\/uploads\/2025\/01\/Tallinna-Hambakliinik-pakub-kvaliteetset-hambaravi-Tallinnas.jpg","datePublished":"2025-02-06T14:15:47+00:00","dateModified":"2025-02-06T14:23:46+00:00","description":"Proteesikandjale Naerata kindlalt \u2013 proteeside hooldus ja harjumine Olete saanud uue hambaproteesi Proteesi sobimisel on suur t\u00e4htsus suu\u00f5\u00f5ne","breadcrumb":{"@id":"https:\/\/hambapol.ee\/vastuvotu-info\/proteesikandjale\/#breadcrumb"},"inLanguage":"et","potentialAction":[{"@type":"ReadAction","target":["https:\/\/hambapol.ee\/vastuvotu-info\/proteesikandjale\/"]}]},{"@type":"ImageObject","inLanguage":"et","@id":"https:\/\/hambapol.ee\/vastuvotu-info\/proteesikandjale\/#primaryimage","url":"https:\/\/hambapol.ee\/wp-content\/uploads\/2025\/01\/Tallinna-Hambakliinik-pakub-kvaliteetset-hambaravi-Tallinnas.jpg","contentUrl":"https:\/\/hambapol.ee\/wp-content\/uploads\/2025\/01\/Tallinna-Hambakliinik-pakub-kvaliteetset-hambaravi-Tallinnas.jpg","width":800,"height":450,"caption":"Tallinna Hambakliinik Hambaravi Tallinna kesklinnas esmaabi"},{"@type":"BreadcrumbList","@id":"https:\/\/hambapol.ee\/vastuvotu-info\/proteesikandjale\/#breadcrumb","itemListElement":[{"@type":"ListItem","position":1,"name":"Home","item":"https:\/\/hambapol.ee\/"},{"@type":"ListItem","position":2,"name":"Vastuv\u00f5tu info","item":"https:\/\/hambapol.ee\/vastuvotu-info\/"},{"@type":"ListItem","position":3,"name":"Proteesikandjale"}]},{"@type":"WebSite","@id":"https:\/\/hambapol.ee\/#website","url":"https:\/\/hambapol.ee\/","name":"Tallinna Hambakliinik","description":"Enesekindel naeratus","publisher":{"@id":"https:\/\/hambapol.ee\/#organization"},"alternateName":"THK","potentialAction":[{"@type":"SearchAction","target":{"@type":"EntryPoint","urlTemplate":"https:\/\/hambapol.ee\/?s={search_term_string}"},"query-input":{"@type":"PropertyValueSpecification","valueRequired":true,"valueName":"search_term_string"}}],"inLanguage":"et"},{"@type":"Organization","@id":"https:\/\/hambapol.ee\/#organization","name":"SA Tallinna Hambakliinik","url":"https:\/\/hambapol.ee\/","logo":{"@type":"ImageObject","inLanguage":"et","@id":"https:\/\/hambapol.ee\/#\/schema\/logo\/image\/","url":"https:\/\/hambapol.ee\/wp-content\/uploads\/2025\/01\/thk-logo-anno-taustata-e1737668889173.png","contentUrl":"https:\/\/hambapol.ee\/wp-content\/uploads\/2025\/01\/thk-logo-anno-taustata-e1737668889173.png","width":250,"height":254,"caption":"SA Tallinna Hambakliinik"},"image":{"@id":"https:\/\/hambapol.ee\/#\/schema\/logo\/image\/"},"sameAs":["https:\/\/www.facebook.com\/TallinnaHambakliinik\/"]}]}},"_links":{"self":[{"href":"https:\/\/hambapol.ee\/et\/wp-json\/wp\/v2\/pages\/1555","targetHints":{"allow":["GET"]}}],"collection":[{"href":"https:\/\/hambapol.ee\/et\/wp-json\/wp\/v2\/pages"}],"about":[{"href":"https:\/\/hambapol.ee\/et\/wp-json\/wp\/v2\/types\/page"}],"author":[{"embeddable":true,"href":"https:\/\/hambapol.ee\/et\/wp-json\/wp\/v2\/users\/1"}],"replies":[{"embeddable":true,"href":"https:\/\/hambapol.ee\/et\/wp-json\/wp\/v2\/comments?post=1555"}],"version-history":[{"count":5,"href":"https:\/\/hambapol.ee\/et\/wp-json\/wp\/v2\/pages\/1555\/revisions"}],"predecessor-version":[{"id":1560,"href":"https:\/\/hambapol.ee\/et\/wp-json\/wp\/v2\/pages\/1555\/revisions\/1560"}],"up":[{"embeddable":true,"href":"https:\/\/hambapol.ee\/et\/wp-json\/wp\/v2\/pages\/1363"}],"wp:featuredmedia":[{"embeddable":true,"href":"https:\/\/hambapol.ee\/et\/wp-json\/wp\/v2\/media\/599"}],"wp:attachment":[{"href":"https:\/\/hambapol.ee\/et\/wp-json\/wp\/v2\/media?parent=1555"}],"curies":[{"name":"wp","href":"https:\/\/api.w.org\/{rel}","templated":true}]}}