{"id":1383,"date":"2025-02-05T16:12:49","date_gmt":"2025-02-05T14:12:49","guid":{"rendered":"https:\/\/hambapol.ee\/?page_id=1383"},"modified":"2025-03-11T15:06:35","modified_gmt":"2025-03-11T13:06:35","slug":"parast-kirurgilist-protseduuri","status":"publish","type":"page","link":"https:\/\/hambapol.ee\/et\/vastuvotu-info\/parast-kirurgilist-protseduuri\/","title":{"rendered":"P\u00e4rast kirurgilist protseduuri"},"content":{"rendered":"\t\t<div data-elementor-type=\"wp-page\" data-elementor-id=\"1383\" class=\"elementor elementor-1383\" data-elementor-post-type=\"page\">\n\t\t\t\t<div class=\"elementor-element elementor-element-ee10c50 e-flex e-con-boxed e-con e-parent\" data-id=\"ee10c50\" data-element_type=\"container\" data-e-type=\"container\">\n\t\t\t\t\t<div class=\"e-con-inner\">\n\t\t\t\t<div class=\"elementor-element elementor-element-83ebb0d elementor-widget elementor-widget-heading\" data-id=\"83ebb0d\" data-element_type=\"widget\" data-e-type=\"widget\" data-widget_type=\"heading.default\">\n\t\t\t\t<div class=\"elementor-widget-container\">\n\t\t\t\t\t<h2 class=\"elementor-heading-title elementor-size-default\">P\u00e4rast kirurgilist protseduuri<\/h2>\t\t\t\t<\/div>\n\t\t\t\t<\/div>\n\t\t\t\t<div class=\"elementor-element elementor-element-4463081 elementor-widget elementor-widget-text-editor\" data-id=\"4463081\" data-element_type=\"widget\" data-e-type=\"widget\" data-widget_type=\"text-editor.default\">\n\t\t\t\t<div class=\"elementor-widget-container\">\n\t\t\t\t\t\t\t\t\t<p>Esimesel p\u00e4eval p\u00e4rast kirurgilist protseduuri tuleb kindlasti v\u00e4ltida f\u00fc\u00fcsilist koormust, et mitte h\u00e4irida haava kaitsva verekoaaguli moodustumist. Paari p\u00e4eva jooksul ei ole soovitatav tegeleda suurt f\u00fc\u00fcsilist pingutust n\u00f5udvate ettev\u00f5tmistega (n\u00e4iteks sportimine) ega minna sauna. Hoiduge haava puudutamisest s\u00f5rmede, keele v\u00f5i m\u00f5ne esemega ning \u00e4rge imege haava. Haava ei tohi ise puhastada.\u00a0<\/p><h3><strong>Valu\u00a0<\/strong><\/h3><p>P\u00e4rast hamba eemaldamist v\u00f5i m\u00f5nda muud kirurgilist protseduuri v\u00f5ib haava piirkond olla tuimestuse kadudes hell v\u00f5i valulik. Valu leevendamiseks v\u00f5ib kasutada apteegis retseptivabalt m\u00fc\u00fcdavaid valuvaigisteid v\u00f5i arsti m\u00e4\u00e4ratud valuvaigisteid. Esimesel p\u00e4eval ei tohiks v\u00f5tta aspiriini,\u00a0 sest see v\u00f5ib p\u00f5hjustada haava liigset veritsemist.\u00a0<\/p><h3><strong>Veritsus\u00a0<\/strong><\/h3><p>Esimesel p\u00e4eval v\u00f5ib haavast immitseda verd.<\/p><p><strong>Lakkamatu v\u00f5i tugeva veritsuse korral toimige j\u00e4rgmiselt.\u00a0<\/strong><\/p><ol><li style=\"list-style-type: none;\"><ol><li>\u00a0V\u00f5tke marlisalvr\u00e4tt v\u00f5i -side, keerake sellest p\u00f6idlaotsasuurune tampoon ja asetage see haavale.\u00a0<\/li><li>Suruge l\u00f5ualuud kokku, nii et tampoon suruks veritsevale haavale.\u00a0<\/li><li>Hoidke tampooni haaval 30 minuti jooksul.\u00a0<\/li><li>Eemaldage tampoon. Kui veritsus ei ole lakanud, korrake protseduuri.\u00a0<\/li><\/ol><\/li><\/ol><p>T\u00e4htis on olla rahulik. Soovitatav on olla poolistuvas asendis ja asetada n\u00e4ole haava piirkonda j\u00e4\u00e4kott. \u00c4rge asetage j\u00e4\u00e4kotti otse nahale, vaid katke see r\u00e4tikuga.\u00a0<\/p><p><strong>NB! Atset\u00fc\u00fclsalits\u00fc\u00fclhapet (aspiriini) sisaldavad ravimid v\u00f5ivad suurendada veritsust.\u00a0<\/strong><\/p><h3><strong>Turse\u00a0<\/strong><\/h3><p>K\u00f5ik kirurgilised protseduurid v\u00f5ivad tekitada haava piirkonnas turse. Tavaliselt on turse k\u00f5ige suurem kirurgilisele protseduurile j\u00e4rgneval p\u00e4eval ja turse alaneb nelja kuni seitsme p\u00e4eva jooksul. Turse v\u00e4hendamiseks v\u00f5ib vahetult p\u00e4rast protseduuri asetada p\u00f5sele r\u00e4tikuga kaetud j\u00e4\u00e4koti umbes 30 minutiks. P\u00e4eva jooksul v\u00f5ib seda korrata kolm-neli korda. Tursega kaasneb sageli ka suuavamistakistus, mis kaob turse alanedes. Neelamine v\u00f5ib olla valulik paari p\u00e4eva jooksul.\u00a0<\/p><h3><strong>S\u00f6\u00f6mine, joomine, suitsetamine\u00a0<\/strong><\/h3><p>P\u00e4rast kirurgilist protseduuri tuleks olla s\u00f6\u00f6mata umbes kaks tundi. Esimesel p\u00e4eval p\u00e4rast kirurgilist protseduuri tuleks s\u00fc\u00fca pehmet ja jahedat toitu. Alkoholi tarvitamine ja ka suitsetamine p\u00e4rast kirurgilist protseduuri on vastun\u00e4idustatud.\u00a0<\/p><h3><strong>Suuh\u00fcgieen\u00a0<\/strong><\/h3><p>V\u00e4ltige tugevat suu loputamist esimesel p\u00e4eval p\u00e4rast protseduuri. Suu loputamiseks m\u00f5eldud lahuseid v\u00f5ib kasutada vaid arsti soovitusel. P\u00e4rast protseduuri v\u00f5ib hambaid pesta, kuid harjamisel tuleb hoiduda haava katva vereh\u00fc\u00fcbe vigastamisest. Seega tuleb haava \u00fcmbert pesta \u00f5rnalt. Hiljem v\u00f5ib hambaid harjata tavalisel viisil. Hea suuh\u00fcgieen on \u00fclit\u00e4htis p\u00f5letikuohu v\u00e4hendamiseks.\u00a0<\/p><h3><strong>Verevalumid\u00a0<\/strong><\/h3><p>P\u00e4rast hamba eemaldamist v\u00f5ivad tekkida nahaalused verevalumid, mis raskemate protseduuride korral v\u00f5ivad olla \u00fcsna ulatuslikud ja levida ka kaelale. Umbes \u00fche n\u00e4dala jooksul kaovad need j\u00e4lgi j\u00e4tmata.\u00a0<\/p><h3><strong>Palavik\u00a0<\/strong><\/h3><p>Hamba eemaldamise j\u00e4rgsel p\u00e4eval v\u00f5ib tekkida palavik.\u00a0<strong>Kui palavik p\u00fcsib kauem \u00fcks p\u00e4ev, tuleb p\u00f6\u00f6rduda kontrolliks hambaarsti poole.\u00a0<\/strong><\/p><p><strong>Hambaarsti poole tuleb kindlasti p\u00f6\u00f6rduda, kui:\u00a0<\/strong><\/p><ul><li style=\"list-style-type: none;\"><ul><li><p>verejooks ei peatu 24 tunni jooksul\u00a0<\/p><\/li><li><p>palavik on k\u00f5rge\u00a0<\/p><\/li><li><p>valu on tugev ega allu valuvaigistitele\u00a0<\/p><\/li><li><p>turse suureneb 3.\u20134. protseduurij\u00e4rgsel p\u00e4eval\u00a0<\/p><\/li><\/ul><\/li><\/ul>\t\t\t\t\t\t\t\t<\/div>\n\t\t\t\t<\/div>\n\t\t\t\t\t<\/div>\n\t\t\t\t<\/div>\n\t\t\t\t<\/div>\n\t\t","protected":false},"excerpt":{"rendered":"<p>P\u00e4rast kirurgilist protseduuri Esimesel p\u00e4eval p\u00e4rast kirurgilist protseduuri tuleb kindlasti v\u00e4ltida f\u00fc\u00fcsilist koormust, et mitte h\u00e4irida haava kaitsva verekoaaguli moodustumist. Paari p\u00e4eva jooksul ei ole soovitatav tegeleda suurt f\u00fc\u00fcsilist pingutust n\u00f5udvate ettev\u00f5tmistega (n\u00e4iteks sportimine) ega minna sauna. Hoiduge haava puudutamisest s\u00f5rmede, keele v\u00f5i m\u00f5ne esemega ning \u00e4rge imege haava. Haava ei tohi ise puhastada.\u00a0 Valu\u00a0 [&hellip;]<\/p>\n","protected":false},"author":1,"featured_media":602,"parent":1363,"menu_order":1,"comment_status":"closed","ping_status":"closed","template":"","meta":{"_acf_changed":false,"site-sidebar-layout":"no-sidebar","site-content-layout":"","ast-site-content-layout":"full-width-container","site-content-style":"default","site-sidebar-style":"default","ast-global-header-display":"","ast-banner-title-visibility":"","ast-main-header-display":"","ast-hfb-above-header-display":"","ast-hfb-below-header-display":"","ast-hfb-mobile-header-display":"","site-post-title":"disabled","ast-breadcrumbs-content":"","ast-featured-img":"disabled","footer-sml-layout":"","ast-disable-related-posts":"","theme-transparent-header-meta":"","adv-header-id-meta":"","stick-header-meta":"","header-above-stick-meta":"","header-main-stick-meta":"","header-below-stick-meta":"","astra-migrate-meta-layouts":"default","ast-page-background-enabled":"default","ast-page-background-meta":{"desktop":{"background-color":"var(--ast-global-color-5)","background-image":"","background-repeat":"repeat","background-position":"center center","background-size":"auto","background-attachment":"scroll","background-type":"","background-media":"","overlay-type":"","overlay-color":"","overlay-opacity":"","overlay-gradient":""},"tablet":{"background-color":"","background-image":"","background-repeat":"repeat","background-position":"center center","background-size":"auto","background-attachment":"scroll","background-type":"","background-media":"","overlay-type":"","overlay-color":"","overlay-opacity":"","overlay-gradient":""},"mobile":{"background-color":"","background-image":"","background-repeat":"repeat","background-position":"center center","background-size":"auto","background-attachment":"scroll","background-type":"","background-media":"","overlay-type":"","overlay-color":"","overlay-opacity":"","overlay-gradient":""}},"ast-content-background-meta":{"desktop":{"background-color":"var(--ast-global-color-4)","background-image":"","background-repeat":"repeat","background-position":"center center","background-size":"auto","background-attachment":"scroll","background-type":"","background-media":"","overlay-type":"","overlay-color":"","overlay-opacity":"","overlay-gradient":""},"tablet":{"background-color":"var(--ast-global-color-4)","background-image":"","background-repeat":"repeat","background-position":"center center","background-size":"auto","background-attachment":"scroll","background-type":"","background-media":"","overlay-type":"","overlay-color":"","overlay-opacity":"","overlay-gradient":""},"mobile":{"background-color":"var(--ast-global-color-4)","background-image":"","background-repeat":"repeat","background-position":"center center","background-size":"auto","background-attachment":"scroll","background-type":"","background-media":"","overlay-type":"","overlay-color":"","overlay-opacity":"","overlay-gradient":""}},"footnotes":""},"class_list":["post-1383","page","type-page","status-publish","has-post-thumbnail","hentry"],"acf":[],"yoast_head":"<!-- This site is optimized with the Yoast SEO plugin v27.4 - https:\/\/yoast.com\/product\/yoast-seo-wordpress\/ -->\n<title>- Tallinna Hambakliinik<\/title>\n<meta name=\"description\" content=\"P\u00e4rast kirurgilist protseduuri Esimesel p\u00e4eval p\u00e4rast kirurgilist protseduuri tuleb kindlasti v\u00e4ltida f\u00fc\u00fcsilist koormust, et mitte h\u00e4irida haava kaitsva\" \/>\n<meta name=\"robots\" content=\"index, follow, max-snippet:-1, max-image-preview:large, max-video-preview:-1\" \/>\n<link rel=\"canonical\" href=\"https:\/\/hambapol.ee\/et\/vastuvotu-info\/parast-kirurgilist-protseduuri\/\" \/>\n<meta property=\"og:locale\" content=\"et_EE\" \/>\n<meta property=\"og:type\" content=\"article\" \/>\n<meta property=\"og:title\" content=\"- Tallinna Hambakliinik\" \/>\n<meta property=\"og:description\" content=\"P\u00e4rast kirurgilist protseduuri Esimesel p\u00e4eval p\u00e4rast kirurgilist protseduuri tuleb kindlasti v\u00e4ltida f\u00fc\u00fcsilist koormust, et mitte h\u00e4irida haava kaitsva\" \/>\n<meta property=\"og:url\" content=\"https:\/\/hambapol.ee\/et\/vastuvotu-info\/parast-kirurgilist-protseduuri\/\" \/>\n<meta property=\"og:site_name\" content=\"Tallinna Hambakliinik\" \/>\n<meta property=\"article:publisher\" content=\"https:\/\/www.facebook.com\/TallinnaHambakliinik\/\" \/>\n<meta property=\"article:modified_time\" content=\"2025-03-11T13:06:35+00:00\" \/>\n<meta property=\"og:image\" content=\"https:\/\/hambapol.ee\/wp-content\/uploads\/2025\/01\/Tallinna-Hambakliiniku-teenused.jpg\" \/>\n\t<meta property=\"og:image:width\" content=\"809\" \/>\n\t<meta property=\"og:image:height\" content=\"607\" \/>\n\t<meta property=\"og:image:type\" content=\"image\/jpeg\" \/>\n<meta name=\"twitter:card\" content=\"summary_large_image\" \/>\n<meta name=\"twitter:label1\" content=\"Est. reading time\" \/>\n\t<meta name=\"twitter:data1\" content=\"3 minutit\" \/>\n<script type=\"application\/ld+json\" class=\"yoast-schema-graph\">{\"@context\":\"https:\\\/\\\/schema.org\",\"@graph\":[{\"@type\":\"WebPage\",\"@id\":\"https:\\\/\\\/hambapol.ee\\\/vastuvotu-info\\\/parast-kirurgilist-protseduuri\\\/\",\"url\":\"https:\\\/\\\/hambapol.ee\\\/vastuvotu-info\\\/parast-kirurgilist-protseduuri\\\/\",\"name\":\"- Tallinna Hambakliinik\",\"isPartOf\":{\"@id\":\"https:\\\/\\\/hambapol.ee\\\/#website\"},\"primaryImageOfPage\":{\"@id\":\"https:\\\/\\\/hambapol.ee\\\/vastuvotu-info\\\/parast-kirurgilist-protseduuri\\\/#primaryimage\"},\"image\":{\"@id\":\"https:\\\/\\\/hambapol.ee\\\/vastuvotu-info\\\/parast-kirurgilist-protseduuri\\\/#primaryimage\"},\"thumbnailUrl\":\"https:\\\/\\\/hambapol.ee\\\/wp-content\\\/uploads\\\/2025\\\/01\\\/Tallinna-Hambakliiniku-teenused.jpg\",\"datePublished\":\"2025-02-05T14:12:49+00:00\",\"dateModified\":\"2025-03-11T13:06:35+00:00\",\"description\":\"P\u00e4rast kirurgilist protseduuri Esimesel p\u00e4eval p\u00e4rast kirurgilist protseduuri tuleb kindlasti v\u00e4ltida f\u00fc\u00fcsilist koormust, et mitte h\u00e4irida haava kaitsva\",\"breadcrumb\":{\"@id\":\"https:\\\/\\\/hambapol.ee\\\/vastuvotu-info\\\/parast-kirurgilist-protseduuri\\\/#breadcrumb\"},\"inLanguage\":\"et\",\"potentialAction\":[{\"@type\":\"ReadAction\",\"target\":[\"https:\\\/\\\/hambapol.ee\\\/vastuvotu-info\\\/parast-kirurgilist-protseduuri\\\/\"]}]},{\"@type\":\"ImageObject\",\"inLanguage\":\"et\",\"@id\":\"https:\\\/\\\/hambapol.ee\\\/vastuvotu-info\\\/parast-kirurgilist-protseduuri\\\/#primaryimage\",\"url\":\"https:\\\/\\\/hambapol.ee\\\/wp-content\\\/uploads\\\/2025\\\/01\\\/Tallinna-Hambakliiniku-teenused.jpg\",\"contentUrl\":\"https:\\\/\\\/hambapol.ee\\\/wp-content\\\/uploads\\\/2025\\\/01\\\/Tallinna-Hambakliiniku-teenused.jpg\",\"width\":809,\"height\":607,\"caption\":\"Tallinna Hambakliinik Hambaravi Tallinna kesklinnas esmaabi\"},{\"@type\":\"BreadcrumbList\",\"@id\":\"https:\\\/\\\/hambapol.ee\\\/vastuvotu-info\\\/parast-kirurgilist-protseduuri\\\/#breadcrumb\",\"itemListElement\":[{\"@type\":\"ListItem\",\"position\":1,\"name\":\"Home\",\"item\":\"https:\\\/\\\/hambapol.ee\\\/\"},{\"@type\":\"ListItem\",\"position\":2,\"name\":\"Vastuv\u00f5tu info\",\"item\":\"https:\\\/\\\/hambapol.ee\\\/vastuvotu-info\\\/\"},{\"@type\":\"ListItem\",\"position\":3,\"name\":\"P\u00e4rast kirurgilist protseduuri\"}]},{\"@type\":\"WebSite\",\"@id\":\"https:\\\/\\\/hambapol.ee\\\/#website\",\"url\":\"https:\\\/\\\/hambapol.ee\\\/\",\"name\":\"Tallinna Hambakliinik\",\"description\":\"Enesekindel naeratus\",\"publisher\":{\"@id\":\"https:\\\/\\\/hambapol.ee\\\/#organization\"},\"alternateName\":\"THK\",\"potentialAction\":[{\"@type\":\"SearchAction\",\"target\":{\"@type\":\"EntryPoint\",\"urlTemplate\":\"https:\\\/\\\/hambapol.ee\\\/?s={search_term_string}\"},\"query-input\":{\"@type\":\"PropertyValueSpecification\",\"valueRequired\":true,\"valueName\":\"search_term_string\"}}],\"inLanguage\":\"et\"},{\"@type\":\"Organization\",\"@id\":\"https:\\\/\\\/hambapol.ee\\\/#organization\",\"name\":\"SA Tallinna Hambakliinik\",\"url\":\"https:\\\/\\\/hambapol.ee\\\/\",\"logo\":{\"@type\":\"ImageObject\",\"inLanguage\":\"et\",\"@id\":\"https:\\\/\\\/hambapol.ee\\\/#\\\/schema\\\/logo\\\/image\\\/\",\"url\":\"https:\\\/\\\/hambapol.ee\\\/wp-content\\\/uploads\\\/2025\\\/01\\\/thk-logo-anno-taustata-e1737668889173.png\",\"contentUrl\":\"https:\\\/\\\/hambapol.ee\\\/wp-content\\\/uploads\\\/2025\\\/01\\\/thk-logo-anno-taustata-e1737668889173.png\",\"width\":250,\"height\":254,\"caption\":\"SA Tallinna Hambakliinik\"},\"image\":{\"@id\":\"https:\\\/\\\/hambapol.ee\\\/#\\\/schema\\\/logo\\\/image\\\/\"},\"sameAs\":[\"https:\\\/\\\/www.facebook.com\\\/TallinnaHambakliinik\\\/\"]}]}<\/script>\n<!-- \/ Yoast SEO plugin. -->","yoast_head_json":{"title":"- Tallinna Hambakliinik","description":"P\u00e4rast kirurgilist protseduuri Esimesel p\u00e4eval p\u00e4rast kirurgilist protseduuri tuleb kindlasti v\u00e4ltida f\u00fc\u00fcsilist koormust, et mitte h\u00e4irida haava kaitsva","robots":{"index":"index","follow":"follow","max-snippet":"max-snippet:-1","max-image-preview":"max-image-preview:large","max-video-preview":"max-video-preview:-1"},"canonical":"https:\/\/hambapol.ee\/et\/vastuvotu-info\/parast-kirurgilist-protseduuri\/","og_locale":"et_EE","og_type":"article","og_title":"- Tallinna Hambakliinik","og_description":"P\u00e4rast kirurgilist protseduuri Esimesel p\u00e4eval p\u00e4rast kirurgilist protseduuri tuleb kindlasti v\u00e4ltida f\u00fc\u00fcsilist koormust, et mitte h\u00e4irida haava kaitsva","og_url":"https:\/\/hambapol.ee\/et\/vastuvotu-info\/parast-kirurgilist-protseduuri\/","og_site_name":"Tallinna Hambakliinik","article_publisher":"https:\/\/www.facebook.com\/TallinnaHambakliinik\/","article_modified_time":"2025-03-11T13:06:35+00:00","og_image":[{"width":809,"height":607,"url":"https:\/\/hambapol.ee\/wp-content\/uploads\/2025\/01\/Tallinna-Hambakliiniku-teenused.jpg","type":"image\/jpeg"}],"twitter_card":"summary_large_image","twitter_misc":{"Est. reading time":"3 minutit"},"schema":{"@context":"https:\/\/schema.org","@graph":[{"@type":"WebPage","@id":"https:\/\/hambapol.ee\/vastuvotu-info\/parast-kirurgilist-protseduuri\/","url":"https:\/\/hambapol.ee\/vastuvotu-info\/parast-kirurgilist-protseduuri\/","name":"- Tallinna Hambakliinik","isPartOf":{"@id":"https:\/\/hambapol.ee\/#website"},"primaryImageOfPage":{"@id":"https:\/\/hambapol.ee\/vastuvotu-info\/parast-kirurgilist-protseduuri\/#primaryimage"},"image":{"@id":"https:\/\/hambapol.ee\/vastuvotu-info\/parast-kirurgilist-protseduuri\/#primaryimage"},"thumbnailUrl":"https:\/\/hambapol.ee\/wp-content\/uploads\/2025\/01\/Tallinna-Hambakliiniku-teenused.jpg","datePublished":"2025-02-05T14:12:49+00:00","dateModified":"2025-03-11T13:06:35+00:00","description":"P\u00e4rast kirurgilist protseduuri Esimesel p\u00e4eval p\u00e4rast kirurgilist protseduuri tuleb kindlasti v\u00e4ltida f\u00fc\u00fcsilist koormust, et mitte h\u00e4irida haava kaitsva","breadcrumb":{"@id":"https:\/\/hambapol.ee\/vastuvotu-info\/parast-kirurgilist-protseduuri\/#breadcrumb"},"inLanguage":"et","potentialAction":[{"@type":"ReadAction","target":["https:\/\/hambapol.ee\/vastuvotu-info\/parast-kirurgilist-protseduuri\/"]}]},{"@type":"ImageObject","inLanguage":"et","@id":"https:\/\/hambapol.ee\/vastuvotu-info\/parast-kirurgilist-protseduuri\/#primaryimage","url":"https:\/\/hambapol.ee\/wp-content\/uploads\/2025\/01\/Tallinna-Hambakliiniku-teenused.jpg","contentUrl":"https:\/\/hambapol.ee\/wp-content\/uploads\/2025\/01\/Tallinna-Hambakliiniku-teenused.jpg","width":809,"height":607,"caption":"Tallinna Hambakliinik Hambaravi Tallinna kesklinnas esmaabi"},{"@type":"BreadcrumbList","@id":"https:\/\/hambapol.ee\/vastuvotu-info\/parast-kirurgilist-protseduuri\/#breadcrumb","itemListElement":[{"@type":"ListItem","position":1,"name":"Home","item":"https:\/\/hambapol.ee\/"},{"@type":"ListItem","position":2,"name":"Vastuv\u00f5tu info","item":"https:\/\/hambapol.ee\/vastuvotu-info\/"},{"@type":"ListItem","position":3,"name":"P\u00e4rast kirurgilist protseduuri"}]},{"@type":"WebSite","@id":"https:\/\/hambapol.ee\/#website","url":"https:\/\/hambapol.ee\/","name":"Tallinna Hambakliinik","description":"Enesekindel naeratus","publisher":{"@id":"https:\/\/hambapol.ee\/#organization"},"alternateName":"THK","potentialAction":[{"@type":"SearchAction","target":{"@type":"EntryPoint","urlTemplate":"https:\/\/hambapol.ee\/?s={search_term_string}"},"query-input":{"@type":"PropertyValueSpecification","valueRequired":true,"valueName":"search_term_string"}}],"inLanguage":"et"},{"@type":"Organization","@id":"https:\/\/hambapol.ee\/#organization","name":"SA Tallinna Hambakliinik","url":"https:\/\/hambapol.ee\/","logo":{"@type":"ImageObject","inLanguage":"et","@id":"https:\/\/hambapol.ee\/#\/schema\/logo\/image\/","url":"https:\/\/hambapol.ee\/wp-content\/uploads\/2025\/01\/thk-logo-anno-taustata-e1737668889173.png","contentUrl":"https:\/\/hambapol.ee\/wp-content\/uploads\/2025\/01\/thk-logo-anno-taustata-e1737668889173.png","width":250,"height":254,"caption":"SA Tallinna Hambakliinik"},"image":{"@id":"https:\/\/hambapol.ee\/#\/schema\/logo\/image\/"},"sameAs":["https:\/\/www.facebook.com\/TallinnaHambakliinik\/"]}]}},"_links":{"self":[{"href":"https:\/\/hambapol.ee\/et\/wp-json\/wp\/v2\/pages\/1383","targetHints":{"allow":["GET"]}}],"collection":[{"href":"https:\/\/hambapol.ee\/et\/wp-json\/wp\/v2\/pages"}],"about":[{"href":"https:\/\/hambapol.ee\/et\/wp-json\/wp\/v2\/types\/page"}],"author":[{"embeddable":true,"href":"https:\/\/hambapol.ee\/et\/wp-json\/wp\/v2\/users\/1"}],"replies":[{"embeddable":true,"href":"https:\/\/hambapol.ee\/et\/wp-json\/wp\/v2\/comments?post=1383"}],"version-history":[{"count":11,"href":"https:\/\/hambapol.ee\/et\/wp-json\/wp\/v2\/pages\/1383\/revisions"}],"predecessor-version":[{"id":2276,"href":"https:\/\/hambapol.ee\/et\/wp-json\/wp\/v2\/pages\/1383\/revisions\/2276"}],"up":[{"embeddable":true,"href":"https:\/\/hambapol.ee\/et\/wp-json\/wp\/v2\/pages\/1363"}],"wp:featuredmedia":[{"embeddable":true,"href":"https:\/\/hambapol.ee\/et\/wp-json\/wp\/v2\/media\/602"}],"wp:attachment":[{"href":"https:\/\/hambapol.ee\/et\/wp-json\/wp\/v2\/media?parent=1383"}],"curies":[{"name":"wp","href":"https:\/\/api.w.org\/{rel}","templated":true}]}}