{"id":1363,"date":"2025-02-04T22:27:09","date_gmt":"2025-02-04T20:27:09","guid":{"rendered":"https:\/\/hambapol.ee\/?page_id=1363"},"modified":"2026-01-21T13:35:04","modified_gmt":"2026-01-21T11:35:04","slug":"vastuvotu-info","status":"publish","type":"page","link":"https:\/\/hambapol.ee\/et\/vastuvotu-info\/","title":{"rendered":"Vastuv\u00f5tu info"},"content":{"rendered":"\t\t<div data-elementor-type=\"wp-page\" data-elementor-id=\"1363\" class=\"elementor elementor-1363\" data-elementor-post-type=\"page\">\n\t\t\t\t<div class=\"elementor-element elementor-element-221f6dc e-flex e-con-boxed e-con e-parent\" data-id=\"221f6dc\" data-element_type=\"container\" data-e-type=\"container\">\n\t\t\t\t\t<div class=\"e-con-inner\">\n\t\t\t\t<div class=\"elementor-element elementor-element-4948dc8 elementor-widget elementor-widget-heading\" data-id=\"4948dc8\" data-element_type=\"widget\" data-e-type=\"widget\" data-widget_type=\"heading.default\">\n\t\t\t\t<div class=\"elementor-widget-container\">\n\t\t\t\t\t<h1 class=\"elementor-heading-title elementor-size-default\">K\u00f5ik, mida peate teadma, et hambaarsti k\u00fclastus m\u00f6\u00f6duks mugavalt<\/h1>\t\t\t\t<\/div>\n\t\t\t\t<\/div>\n\t\t\t\t<div class=\"elementor-element elementor-element-316a270 elementor-widget elementor-widget-heading\" data-id=\"316a270\" data-element_type=\"widget\" data-e-type=\"widget\" data-widget_type=\"heading.default\">\n\t\t\t\t<div class=\"elementor-widget-container\">\n\t\t\t\t\t<h2 class=\"elementor-heading-title elementor-size-default\">Kuidas broneerida, valmistuda hambaarsti visiidiks ja hoolitseda oma suutervise eest<\/h2>\t\t\t\t<\/div>\n\t\t\t\t<\/div>\n\t\t\t\t\t<\/div>\n\t\t\t\t<\/div>\n\t\t<div class=\"elementor-element elementor-element-f947f63 e-flex e-con-boxed e-con e-parent\" data-id=\"f947f63\" data-element_type=\"container\" data-e-type=\"container\">\n\t\t\t\t\t<div class=\"e-con-inner\">\n\t\t<div class=\"elementor-element elementor-element-630fff7 e-con-full e-flex e-con e-child\" data-id=\"630fff7\" data-element_type=\"container\" data-e-type=\"container\">\n\t\t\t\t<div class=\"elementor-element elementor-element-54b6e24 elementor-widget elementor-widget-heading\" data-id=\"54b6e24\" data-element_type=\"widget\" data-e-type=\"widget\" data-widget_type=\"heading.default\">\n\t\t\t\t<div class=\"elementor-widget-container\">\n\t\t\t\t\t<h3 class=\"elementor-heading-title elementor-size-default\">Aja broneerimine<\/h3>\t\t\t\t<\/div>\n\t\t\t\t<\/div>\n\t\t<div class=\"elementor-element elementor-element-52a3c92 e-con-full e-flex e-con e-child\" data-id=\"52a3c92\" data-element_type=\"container\" data-e-type=\"container\">\n\t\t\t\t<div class=\"elementor-element elementor-element-ee3e7be elementor-widget elementor-widget-text-editor\" data-id=\"ee3e7be\" data-element_type=\"widget\" data-e-type=\"widget\" data-widget_type=\"text-editor.default\">\n\t\t\t\t<div class=\"elementor-widget-container\">\n\t\t\t\t\t\t\t\t\t<p><span lang=\"ET\" xml:lang=\"ET\">Hambaarsti vastuv\u00f5tule aja saamiseks on erinevaid v\u00f5imalusi.<\/span><\/p><ul><li style=\"list-style-type: none;\"><ul><li><p><span lang=\"ET\" xml:lang=\"ET\">Helistage meie telefonil\u00a0<\/span><strong><span lang=\"EN-US\" xml:lang=\"EN-US\">+372\u00a0<\/span><\/strong><span lang=\"ET\" xml:lang=\"ET\"><strong>612 1200,<\/strong>\u00a0et broneerida, muuta v\u00f5i t\u00fchistada vastuv\u00f5tuaega v\u00f5i k\u00fcsida infot. Registreerimisel k\u00fcsitakse patsiendi isikukoodi.<\/span><\/p><\/li><li><p><span lang=\"ET\" xml:lang=\"ET\">T\u00e4itke meie kodulehel olev\u00a0<a href=\"https:\/\/hambapol.ee\/kontakt\/broneerige-visiidiaeg\">broneeringutaotluse vorm<\/a>\u00a0v\u00f5i saatke e-kiri klienditeeninduse meiliaadressil\u00a0<strong>info@hambapol.ee<\/strong>. Vormi t\u00e4itmine ei garanteeri soovitud vastuv\u00f5tuaega.<\/span><\/p><\/li><\/ul><\/li><\/ul><p><span lang=\"EN-US\" xml:lang=\"EN-US\">Broneeringusoovidele vastatakse meili teel\u00a0<\/span><span lang=\"EN-US\" xml:lang=\"EN-US\">24 tunni jooksul alates kirja saamisest.<\/span><\/p><ul><li style=\"list-style-type: none;\"><ul><li><p><span lang=\"ET\" xml:lang=\"ET\">Kohapeal olles saab vastuv\u00f5tule registreeruda meie klienditeeninduses.<\/span><\/p><\/li><\/ul><\/li><\/ul>\t\t\t\t\t\t\t\t<\/div>\n\t\t\t\t<\/div>\n\t\t\t\t<div class=\"elementor-element elementor-element-995062a elementor-alert-info elementor-widget elementor-widget-alert\" data-id=\"995062a\" data-element_type=\"widget\" data-e-type=\"widget\" data-widget_type=\"alert.default\">\n\t\t\t\t<div class=\"elementor-widget-container\">\n\t\t\t\t\t\t\t<div class=\"elementor-alert\" role=\"alert\">\n\n\t\t\t\t\t\t<span class=\"elementor-alert-title\">Pange t\u00e4hele!<\/span>\n\t\t\t\n\t\t\t\t\t\t<span class=\"elementor-alert-description\">Kui Te mingil p\u00f5hjusel ei saa broneeritud ajal vastuv\u00f5tule tulla, palume sellest esimesel v\u00f5imalusel teada anda.<\/span>\n\t\t\t\n\t\t\t\t\t\t<button type=\"button\" class=\"elementor-alert-dismiss\" aria-label=\"Dismiss this alert.\">\n\t\t\t\t\t\t\t\t\t<span aria-hidden=\"true\">&times;<\/span>\n\t\t\t\t\t\t\t<\/button>\n\t\t\t\n\t\t<\/div>\n\t\t\t\t\t\t<\/div>\n\t\t\t\t<\/div>\n\t\t\t\t<\/div>\n\t\t\t\t<\/div>\n\t\t<div class=\"elementor-element elementor-element-7d73bd6 e-con-full e-flex e-con e-child\" data-id=\"7d73bd6\" data-element_type=\"container\" data-e-type=\"container\">\n\t\t\t\t<div class=\"elementor-element elementor-element-adb1350 elementor-widget elementor-widget-heading\" data-id=\"adb1350\" data-element_type=\"widget\" data-e-type=\"widget\" data-widget_type=\"heading.default\">\n\t\t\t\t<div class=\"elementor-widget-container\">\n\t\t\t\t\t<h3 class=\"elementor-heading-title elementor-size-default\">Visiidist teavitamine<\/h3>\t\t\t\t<\/div>\n\t\t\t\t<\/div>\n\t\t<div class=\"elementor-element elementor-element-374bebc e-con-full e-flex e-con e-child\" data-id=\"374bebc\" data-element_type=\"container\" data-e-type=\"container\">\n\t\t\t\t<div class=\"elementor-element elementor-element-92393e0 elementor-widget elementor-widget-text-editor\" data-id=\"92393e0\" data-element_type=\"widget\" data-e-type=\"widget\" data-widget_type=\"text-editor.default\">\n\t\t\t\t<div class=\"elementor-widget-container\">\n\t\t\t\t\t\t\t\t\t<p class=\"p1\">Visiidile eelneval \u00f5htul <strong>saab patsient k\u00f5neroboti k\u00f5ne<\/strong>, mis tuletab visiiti meelde ja k\u00fcsib kas patsient plaanib visiidile tulla.<\/p><p class=\"p1\">Kui patsient on kliinikule andnud oma meiliaadressi, siis saadame teavitusi ka e-postile.<\/p><p class=\"p1\">Lisaks v\u00f5ib kliinik saata<strong> s\u00f5numeid linkidega<\/strong>, mis sisaldavad vastuv\u00f5tuga seotud praktilist teavet, n\u00e4iteks kabineti numbrit v\u00f5i muud korralduslikku infot.<\/p><p><strong>NB!<\/strong> K\u00f5ik teavitused on m\u00f5eldud kliiniku t\u00f6\u00f6korralduse parandamiseks ning <strong>kliinik ei k\u00fcsi kunagi<\/strong> delikaatseid isikuandmeid ega PIN-koode.<\/p>\t\t\t\t\t\t\t\t<\/div>\n\t\t\t\t<\/div>\n\t\t\t\t<\/div>\n\t\t\t\t<\/div>\n\t\t<div class=\"elementor-element elementor-element-1f30aa8 e-con-full e-flex e-con e-child\" data-id=\"1f30aa8\" data-element_type=\"container\" data-e-type=\"container\">\n\t\t\t\t<div class=\"elementor-element elementor-element-e23436a elementor-widget elementor-widget-heading\" data-id=\"e23436a\" data-element_type=\"widget\" data-e-type=\"widget\" data-widget_type=\"heading.default\">\n\t\t\t\t<div class=\"elementor-widget-container\">\n\t\t\t\t\t<h3 class=\"elementor-heading-title elementor-size-default\">Vastuv\u00f5tule tulek<\/h3>\t\t\t\t<\/div>\n\t\t\t\t<\/div>\n\t\t<div class=\"elementor-element elementor-element-6374f93 e-con-full e-flex e-con e-child\" data-id=\"6374f93\" data-element_type=\"container\" data-e-type=\"container\">\n\t\t\t\t<div class=\"elementor-element elementor-element-8cf0d81 elementor-widget elementor-widget-text-editor\" data-id=\"8cf0d81\" data-element_type=\"widget\" data-e-type=\"widget\" data-widget_type=\"text-editor.default\">\n\t\t\t\t<div class=\"elementor-widget-container\">\n\t\t\t\t\t\t\t\t\t<p><span lang=\"ET\" xml:lang=\"ET\">Hambaarsti vastuv\u00f5tule tulles palume kaasa v\u00f5tta isikut t\u00f5endava dokumendi (<strong>ID-kaart, pass v\u00f5i juhiluba<\/strong>). Visiidile tuleva lapse puhul on vaja tema isikukoodiga dokumenti (\u00f5pilaspilet, Euroopa ravikindlustuskaart).<\/span><\/p><p><span lang=\"ET\" xml:lang=\"ET\">Soovitatav on kohale tulla\u00a0<strong>10 minutit enne m\u00e4\u00e4ratud visiidiaega<\/strong>\u00a0ja p\u00f6\u00f6rduda klienditeenindusse.<\/span><\/p>\t\t\t\t\t\t\t\t<\/div>\n\t\t\t\t<\/div>\n\t\t\t\t<\/div>\n\t\t\t\t<\/div>\n\t\t<div class=\"elementor-element elementor-element-1efb938 e-con-full e-flex e-con e-child\" data-id=\"1efb938\" data-element_type=\"container\" data-e-type=\"container\">\n\t\t\t\t<div class=\"elementor-element elementor-element-187bb67 elementor-widget elementor-widget-heading\" data-id=\"187bb67\" data-element_type=\"widget\" data-e-type=\"widget\" data-widget_type=\"heading.default\">\n\t\t\t\t<div class=\"elementor-widget-container\">\n\t\t\t\t\t<h3 class=\"elementor-heading-title elementor-size-default\">Teenuste eest tasumine<\/h3>\t\t\t\t<\/div>\n\t\t\t\t<\/div>\n\t\t<div class=\"elementor-element elementor-element-e941c1d e-con-full e-flex e-con e-child\" data-id=\"e941c1d\" data-element_type=\"container\" data-e-type=\"container\">\n\t\t\t\t<div class=\"elementor-element elementor-element-734bd90 elementor-widget elementor-widget-text-editor\" data-id=\"734bd90\" data-element_type=\"widget\" data-e-type=\"widget\" data-widget_type=\"text-editor.default\">\n\t\t\t\t<div class=\"elementor-widget-container\">\n\t\t\t\t\t\t\t\t\t<p><span lang=\"EN-US\" xml:lang=\"EN-US\">Hambaraviteenuste eest tuleb klienditeeninduses tasuda kohe p\u00e4rast visiiti.<\/span><\/p><p><span lang=\"EN-US\" xml:lang=\"EN-US\">Teenuste eest on v\u00f5imalik maksta nii sularahas kui ka pangakaardiga.<\/span><\/p><p><span lang=\"EN-US\" xml:lang=\"EN-US\">\u00dclekandearveid v\u00e4ljastame \u00fcksnes kokkuleppel arstiga.<\/span><\/p><p><strong><span lang=\"EN-US\" xml:lang=\"EN-US\">Visiiditasu<\/span><\/strong><span lang=\"EN-US\" xml:lang=\"EN-US\">\u00a0tuleb maksta klienditeeninduses enne arstik\u00fclastust. T\u00e4psema info visiiditasu kohta leiate\u00a0<a href=\"https:\/\/hambapol.ee\/hinnakiri\/\">siit.<\/a><\/span><\/p><p><strong><span lang=\"EN-US\" xml:lang=\"EN-US\">Esmaabi vastuv\u00f5tu korral on ettemaks 50 eurot\u00a0<\/span><\/strong><span lang=\"EN-US\" xml:lang=\"EN-US\">patsientidele alates 19. eluaastast. Summa tasaarveldatakse ravikuludega samal p\u00e4eval p\u00e4rast visiiti. Juurdemaksmisele kuluv summa tasutakse registratuuris p\u00e4rast visiiti, enammakstud summa tagastatakse patsiendile.<\/span><\/p><p><span lang=\"ET\" xml:lang=\"ET\">T\u00e4itmata rahalised kohustused loovutab kliinik inkassofirmale. Kuni patsient on v\u00f5lgu, ei osuta kliinik talle plaanilist tervishoiuteenust.<\/span><\/p><p><span lang=\"ET\" xml:lang=\"ET\">J\u00e4relmaksuv\u00f5imaluse kohta (<a href=\"https:\/\/www.lhv.ee\/et\/jarelmaks\/taotlus?deor=EE-90008465\">LHV<\/a> v\u00f5i <a href=\"https:\/\/www.medicredit.ee\/laenu-taotlemine\/\">MediCredit<\/a>) saab t\u00e4psemalt lugeda <a href=\"https:\/\/hambapol.ee\/et\/hinnakiri\/\"><u>siit<\/u><\/a>.<\/span><\/p>\t\t\t\t\t\t\t\t<\/div>\n\t\t\t\t<\/div>\n\t\t\t\t<\/div>\n\t\t\t\t<\/div>\n\t\t<div class=\"elementor-element elementor-element-e155ad8 e-con-full e-flex e-con e-child\" data-id=\"e155ad8\" data-element_type=\"container\" data-e-type=\"container\">\n\t\t\t\t<div class=\"elementor-element elementor-element-69a80f1 elementor-widget elementor-widget-heading\" data-id=\"69a80f1\" data-element_type=\"widget\" data-e-type=\"widget\" data-widget_type=\"heading.default\">\n\t\t\t\t<div class=\"elementor-widget-container\">\n\t\t\t\t\t<h3 class=\"elementor-heading-title elementor-size-default\">Personali t\u00e4namine<\/h3>\t\t\t\t<\/div>\n\t\t\t\t<\/div>\n\t\t<div class=\"elementor-element elementor-element-555b13b e-con-full e-flex e-con e-child\" data-id=\"555b13b\" data-element_type=\"container\" data-e-type=\"container\">\n\t\t\t\t<div class=\"elementor-element elementor-element-bddd750 elementor-widget elementor-widget-text-editor\" data-id=\"bddd750\" data-element_type=\"widget\" data-e-type=\"widget\" data-widget_type=\"text-editor.default\">\n\t\t\t\t<div class=\"elementor-widget-container\">\n\t\t\t\t\t\t\t\t\t<p><span lang=\"EN-US\" xml:lang=\"EN-US\">Meie t\u00f6\u00f6tajate jaoks on suurim r\u00f5\u00f5m patsiendi siirad t\u00e4nus\u00f5nad. Kui Teil on soov t\u00e4nada kliiniku t\u00f6\u00f6tajat, saab t\u00e4nuavalduse esitada tagasisidevormil (klienditeeninduses) v\u00f5i meie\u00a0<a href=\"https:\/\/hambapol.ee\/kontakt\/tagasiside\">kodulehe kaudu<\/a>.<\/span><\/p><p><span lang=\"EN-US\" xml:lang=\"EN-US\">Kuna patsientide ravimine on meie t\u00f6\u00f6, ei pea me \u00f5igeks ega sobivaks v\u00f5tta vastu kingitusi.<\/span><\/p><p><span lang=\"EN-US\" xml:lang=\"EN-US\">Oleme v\u00e4ga t\u00e4nulikud iga tunnustuse ja soojade s\u00f5nade eest.\u00a0<\/span><\/p>\t\t\t\t\t\t\t\t<\/div>\n\t\t\t\t<\/div>\n\t\t\t\t<\/div>\n\t\t\t\t<\/div>\n\t\t\t\t\t<\/div>\n\t\t\t\t<\/div>\n\t\t\t\t<\/div>\n\t\t","protected":false},"excerpt":{"rendered":"<p>K\u00f5ik, mida peate teadma, et hambaarsti k\u00fclastus m\u00f6\u00f6duks mugavalt Kuidas broneerida, valmistuda hambaarsti visiidiks ja hoolitseda oma suutervise eest Aja broneerimine Hambaarsti vastuv\u00f5tule aja saamiseks on erinevaid v\u00f5imalusi. Helistage meie telefonil\u00a0+372\u00a0612 1200,\u00a0et broneerida, muuta v\u00f5i t\u00fchistada vastuv\u00f5tuaega v\u00f5i k\u00fcsida infot. Registreerimisel k\u00fcsitakse patsiendi isikukoodi. T\u00e4itke meie kodulehel olev\u00a0broneeringutaotluse vorm\u00a0v\u00f5i saatke e-kiri klienditeeninduse meiliaadressil\u00a0info@hambapol.ee. Vormi t\u00e4itmine [&hellip;]<\/p>\n","protected":false},"author":1,"featured_media":602,"parent":0,"menu_order":0,"comment_status":"closed","ping_status":"closed","template":"","meta":{"_acf_changed":false,"site-sidebar-layout":"no-sidebar","site-content-layout":"","ast-site-content-layout":"full-width-container","site-content-style":"default","site-sidebar-style":"default","ast-global-header-display":"","ast-banner-title-visibility":"","ast-main-header-display":"","ast-hfb-above-header-display":"","ast-hfb-below-header-display":"","ast-hfb-mobile-header-display":"","site-post-title":"","ast-breadcrumbs-content":"","ast-featured-img":"disabled","footer-sml-layout":"","ast-disable-related-posts":"","theme-transparent-header-meta":"","adv-header-id-meta":"","stick-header-meta":"","header-above-stick-meta":"","header-main-stick-meta":"","header-below-stick-meta":"","astra-migrate-meta-layouts":"default","ast-page-background-enabled":"default","ast-page-background-meta":{"desktop":{"background-color":"var(--ast-global-color-5)","background-image":"","background-repeat":"repeat","background-position":"center center","background-size":"auto","background-attachment":"scroll","background-type":"","background-media":"","overlay-type":"","overlay-color":"","overlay-opacity":"","overlay-gradient":""},"tablet":{"background-color":"","background-image":"","background-repeat":"repeat","background-position":"center center","background-size":"auto","background-attachment":"scroll","background-type":"","background-media":"","overlay-type":"","overlay-color":"","overlay-opacity":"","overlay-gradient":""},"mobile":{"background-color":"","background-image":"","background-repeat":"repeat","background-position":"center center","background-size":"auto","background-attachment":"scroll","background-type":"","background-media":"","overlay-type":"","overlay-color":"","overlay-opacity":"","overlay-gradient":""}},"ast-content-background-meta":{"desktop":{"background-color":"var(--ast-global-color-4)","background-image":"","background-repeat":"repeat","background-position":"center center","background-size":"auto","background-attachment":"scroll","background-type":"","background-media":"","overlay-type":"","overlay-color":"","overlay-opacity":"","overlay-gradient":""},"tablet":{"background-color":"var(--ast-global-color-4)","background-image":"","background-repeat":"repeat","background-position":"center center","background-size":"auto","background-attachment":"scroll","background-type":"","background-media":"","overlay-type":"","overlay-color":"","overlay-opacity":"","overlay-gradient":""},"mobile":{"background-color":"var(--ast-global-color-4)","background-image":"","background-repeat":"repeat","background-position":"center center","background-size":"auto","background-attachment":"scroll","background-type":"","background-media":"","overlay-type":"","overlay-color":"","overlay-opacity":"","overlay-gradient":""}},"footnotes":""},"class_list":["post-1363","page","type-page","status-publish","has-post-thumbnail","hentry"],"acf":[],"yoast_head":"<!-- This site is optimized with the Yoast SEO plugin v27.5 - https:\/\/yoast.com\/product\/yoast-seo-wordpress\/ -->\n<title>- Tallinna Hambakliinik<\/title>\n<meta name=\"description\" content=\"K\u00f5ik, mida peate teadma, et hambaarsti k\u00fclastus m\u00f6\u00f6duks mugavalt Kuidas broneerida, valmistuda hambaarsti visiidiks ja hoolitseda oma suutervise eest Aja\" \/>\n<meta name=\"robots\" content=\"index, follow, max-snippet:-1, max-image-preview:large, max-video-preview:-1\" \/>\n<link rel=\"canonical\" href=\"https:\/\/hambapol.ee\/et\/vastuvotu-info\/\" \/>\n<meta property=\"og:locale\" content=\"et_EE\" \/>\n<meta property=\"og:type\" content=\"article\" \/>\n<meta property=\"og:title\" content=\"- Tallinna Hambakliinik\" \/>\n<meta property=\"og:description\" content=\"K\u00f5ik, mida peate teadma, et hambaarsti k\u00fclastus m\u00f6\u00f6duks mugavalt Kuidas broneerida, valmistuda hambaarsti visiidiks ja hoolitseda oma suutervise eest Aja\" \/>\n<meta property=\"og:url\" content=\"https:\/\/hambapol.ee\/et\/vastuvotu-info\/\" \/>\n<meta property=\"og:site_name\" content=\"Tallinna Hambakliinik\" \/>\n<meta property=\"article:publisher\" content=\"https:\/\/www.facebook.com\/TallinnaHambakliinik\/\" \/>\n<meta property=\"article:modified_time\" content=\"2026-01-21T11:35:04+00:00\" \/>\n<meta property=\"og:image\" content=\"https:\/\/hambapol.ee\/wp-content\/uploads\/2025\/01\/Tallinna-Hambakliiniku-teenused.jpg\" \/>\n\t<meta property=\"og:image:width\" content=\"809\" \/>\n\t<meta property=\"og:image:height\" content=\"607\" \/>\n\t<meta property=\"og:image:type\" content=\"image\/jpeg\" \/>\n<meta name=\"twitter:card\" content=\"summary_large_image\" \/>\n<meta name=\"twitter:label1\" content=\"Est. reading time\" \/>\n\t<meta name=\"twitter:data1\" content=\"2 minutit\" \/>\n<script type=\"application\/ld+json\" class=\"yoast-schema-graph\">{\"@context\":\"https:\\\/\\\/schema.org\",\"@graph\":[{\"@type\":\"WebPage\",\"@id\":\"https:\\\/\\\/hambapol.ee\\\/vastuvotu-info\\\/\",\"url\":\"https:\\\/\\\/hambapol.ee\\\/vastuvotu-info\\\/\",\"name\":\"- Tallinna Hambakliinik\",\"isPartOf\":{\"@id\":\"https:\\\/\\\/hambapol.ee\\\/#website\"},\"primaryImageOfPage\":{\"@id\":\"https:\\\/\\\/hambapol.ee\\\/vastuvotu-info\\\/#primaryimage\"},\"image\":{\"@id\":\"https:\\\/\\\/hambapol.ee\\\/vastuvotu-info\\\/#primaryimage\"},\"thumbnailUrl\":\"https:\\\/\\\/hambapol.ee\\\/wp-content\\\/uploads\\\/2025\\\/01\\\/Tallinna-Hambakliiniku-teenused.jpg\",\"datePublished\":\"2025-02-04T20:27:09+00:00\",\"dateModified\":\"2026-01-21T11:35:04+00:00\",\"description\":\"K\u00f5ik, mida peate teadma, et hambaarsti k\u00fclastus m\u00f6\u00f6duks mugavalt Kuidas broneerida, valmistuda hambaarsti visiidiks ja hoolitseda oma suutervise eest Aja\",\"breadcrumb\":{\"@id\":\"https:\\\/\\\/hambapol.ee\\\/vastuvotu-info\\\/#breadcrumb\"},\"inLanguage\":\"et\",\"potentialAction\":[{\"@type\":\"ReadAction\",\"target\":[\"https:\\\/\\\/hambapol.ee\\\/vastuvotu-info\\\/\"]}]},{\"@type\":\"ImageObject\",\"inLanguage\":\"et\",\"@id\":\"https:\\\/\\\/hambapol.ee\\\/vastuvotu-info\\\/#primaryimage\",\"url\":\"https:\\\/\\\/hambapol.ee\\\/wp-content\\\/uploads\\\/2025\\\/01\\\/Tallinna-Hambakliiniku-teenused.jpg\",\"contentUrl\":\"https:\\\/\\\/hambapol.ee\\\/wp-content\\\/uploads\\\/2025\\\/01\\\/Tallinna-Hambakliiniku-teenused.jpg\",\"width\":809,\"height\":607,\"caption\":\"Tallinna Hambakliinik Hambaravi Tallinna kesklinnas esmaabi\"},{\"@type\":\"BreadcrumbList\",\"@id\":\"https:\\\/\\\/hambapol.ee\\\/vastuvotu-info\\\/#breadcrumb\",\"itemListElement\":[{\"@type\":\"ListItem\",\"position\":1,\"name\":\"Home\",\"item\":\"https:\\\/\\\/hambapol.ee\\\/\"},{\"@type\":\"ListItem\",\"position\":2,\"name\":\"Vastuv\u00f5tu info\"}]},{\"@type\":\"WebSite\",\"@id\":\"https:\\\/\\\/hambapol.ee\\\/#website\",\"url\":\"https:\\\/\\\/hambapol.ee\\\/\",\"name\":\"Tallinna Hambakliinik\",\"description\":\"Enesekindel naeratus\",\"publisher\":{\"@id\":\"https:\\\/\\\/hambapol.ee\\\/#organization\"},\"alternateName\":\"THK\",\"potentialAction\":[{\"@type\":\"SearchAction\",\"target\":{\"@type\":\"EntryPoint\",\"urlTemplate\":\"https:\\\/\\\/hambapol.ee\\\/?s={search_term_string}\"},\"query-input\":{\"@type\":\"PropertyValueSpecification\",\"valueRequired\":true,\"valueName\":\"search_term_string\"}}],\"inLanguage\":\"et\"},{\"@type\":\"Organization\",\"@id\":\"https:\\\/\\\/hambapol.ee\\\/#organization\",\"name\":\"SA Tallinna Hambakliinik\",\"url\":\"https:\\\/\\\/hambapol.ee\\\/\",\"logo\":{\"@type\":\"ImageObject\",\"inLanguage\":\"et\",\"@id\":\"https:\\\/\\\/hambapol.ee\\\/#\\\/schema\\\/logo\\\/image\\\/\",\"url\":\"https:\\\/\\\/hambapol.ee\\\/wp-content\\\/uploads\\\/2025\\\/01\\\/thk-logo-anno-taustata-e1737668889173.png\",\"contentUrl\":\"https:\\\/\\\/hambapol.ee\\\/wp-content\\\/uploads\\\/2025\\\/01\\\/thk-logo-anno-taustata-e1737668889173.png\",\"width\":250,\"height\":254,\"caption\":\"SA Tallinna Hambakliinik\"},\"image\":{\"@id\":\"https:\\\/\\\/hambapol.ee\\\/#\\\/schema\\\/logo\\\/image\\\/\"},\"sameAs\":[\"https:\\\/\\\/www.facebook.com\\\/TallinnaHambakliinik\\\/\"]}]}<\/script>\n<!-- \/ Yoast SEO plugin. -->","yoast_head_json":{"title":"- Tallinna Hambakliinik","description":"K\u00f5ik, mida peate teadma, et hambaarsti k\u00fclastus m\u00f6\u00f6duks mugavalt Kuidas broneerida, valmistuda hambaarsti visiidiks ja hoolitseda oma suutervise eest Aja","robots":{"index":"index","follow":"follow","max-snippet":"max-snippet:-1","max-image-preview":"max-image-preview:large","max-video-preview":"max-video-preview:-1"},"canonical":"https:\/\/hambapol.ee\/et\/vastuvotu-info\/","og_locale":"et_EE","og_type":"article","og_title":"- Tallinna Hambakliinik","og_description":"K\u00f5ik, mida peate teadma, et hambaarsti k\u00fclastus m\u00f6\u00f6duks mugavalt Kuidas broneerida, valmistuda hambaarsti visiidiks ja hoolitseda oma suutervise eest Aja","og_url":"https:\/\/hambapol.ee\/et\/vastuvotu-info\/","og_site_name":"Tallinna Hambakliinik","article_publisher":"https:\/\/www.facebook.com\/TallinnaHambakliinik\/","article_modified_time":"2026-01-21T11:35:04+00:00","og_image":[{"width":809,"height":607,"url":"https:\/\/hambapol.ee\/wp-content\/uploads\/2025\/01\/Tallinna-Hambakliiniku-teenused.jpg","type":"image\/jpeg"}],"twitter_card":"summary_large_image","twitter_misc":{"Est. reading time":"2 minutit"},"schema":{"@context":"https:\/\/schema.org","@graph":[{"@type":"WebPage","@id":"https:\/\/hambapol.ee\/vastuvotu-info\/","url":"https:\/\/hambapol.ee\/vastuvotu-info\/","name":"- Tallinna Hambakliinik","isPartOf":{"@id":"https:\/\/hambapol.ee\/#website"},"primaryImageOfPage":{"@id":"https:\/\/hambapol.ee\/vastuvotu-info\/#primaryimage"},"image":{"@id":"https:\/\/hambapol.ee\/vastuvotu-info\/#primaryimage"},"thumbnailUrl":"https:\/\/hambapol.ee\/wp-content\/uploads\/2025\/01\/Tallinna-Hambakliiniku-teenused.jpg","datePublished":"2025-02-04T20:27:09+00:00","dateModified":"2026-01-21T11:35:04+00:00","description":"K\u00f5ik, mida peate teadma, et hambaarsti k\u00fclastus m\u00f6\u00f6duks mugavalt Kuidas broneerida, valmistuda hambaarsti visiidiks ja hoolitseda oma suutervise eest Aja","breadcrumb":{"@id":"https:\/\/hambapol.ee\/vastuvotu-info\/#breadcrumb"},"inLanguage":"et","potentialAction":[{"@type":"ReadAction","target":["https:\/\/hambapol.ee\/vastuvotu-info\/"]}]},{"@type":"ImageObject","inLanguage":"et","@id":"https:\/\/hambapol.ee\/vastuvotu-info\/#primaryimage","url":"https:\/\/hambapol.ee\/wp-content\/uploads\/2025\/01\/Tallinna-Hambakliiniku-teenused.jpg","contentUrl":"https:\/\/hambapol.ee\/wp-content\/uploads\/2025\/01\/Tallinna-Hambakliiniku-teenused.jpg","width":809,"height":607,"caption":"Tallinna Hambakliinik Hambaravi Tallinna kesklinnas esmaabi"},{"@type":"BreadcrumbList","@id":"https:\/\/hambapol.ee\/vastuvotu-info\/#breadcrumb","itemListElement":[{"@type":"ListItem","position":1,"name":"Home","item":"https:\/\/hambapol.ee\/"},{"@type":"ListItem","position":2,"name":"Vastuv\u00f5tu info"}]},{"@type":"WebSite","@id":"https:\/\/hambapol.ee\/#website","url":"https:\/\/hambapol.ee\/","name":"Tallinna Hambakliinik","description":"Enesekindel naeratus","publisher":{"@id":"https:\/\/hambapol.ee\/#organization"},"alternateName":"THK","potentialAction":[{"@type":"SearchAction","target":{"@type":"EntryPoint","urlTemplate":"https:\/\/hambapol.ee\/?s={search_term_string}"},"query-input":{"@type":"PropertyValueSpecification","valueRequired":true,"valueName":"search_term_string"}}],"inLanguage":"et"},{"@type":"Organization","@id":"https:\/\/hambapol.ee\/#organization","name":"SA Tallinna Hambakliinik","url":"https:\/\/hambapol.ee\/","logo":{"@type":"ImageObject","inLanguage":"et","@id":"https:\/\/hambapol.ee\/#\/schema\/logo\/image\/","url":"https:\/\/hambapol.ee\/wp-content\/uploads\/2025\/01\/thk-logo-anno-taustata-e1737668889173.png","contentUrl":"https:\/\/hambapol.ee\/wp-content\/uploads\/2025\/01\/thk-logo-anno-taustata-e1737668889173.png","width":250,"height":254,"caption":"SA Tallinna Hambakliinik"},"image":{"@id":"https:\/\/hambapol.ee\/#\/schema\/logo\/image\/"},"sameAs":["https:\/\/www.facebook.com\/TallinnaHambakliinik\/"]}]}},"_links":{"self":[{"href":"https:\/\/hambapol.ee\/et\/wp-json\/wp\/v2\/pages\/1363","targetHints":{"allow":["GET"]}}],"collection":[{"href":"https:\/\/hambapol.ee\/et\/wp-json\/wp\/v2\/pages"}],"about":[{"href":"https:\/\/hambapol.ee\/et\/wp-json\/wp\/v2\/types\/page"}],"author":[{"embeddable":true,"href":"https:\/\/hambapol.ee\/et\/wp-json\/wp\/v2\/users\/1"}],"replies":[{"embeddable":true,"href":"https:\/\/hambapol.ee\/et\/wp-json\/wp\/v2\/comments?post=1363"}],"version-history":[{"count":22,"href":"https:\/\/hambapol.ee\/et\/wp-json\/wp\/v2\/pages\/1363\/revisions"}],"predecessor-version":[{"id":3204,"href":"https:\/\/hambapol.ee\/et\/wp-json\/wp\/v2\/pages\/1363\/revisions\/3204"}],"wp:featuredmedia":[{"embeddable":true,"href":"https:\/\/hambapol.ee\/et\/wp-json\/wp\/v2\/media\/602"}],"wp:attachment":[{"href":"https:\/\/hambapol.ee\/et\/wp-json\/wp\/v2\/media?parent=1363"}],"curies":[{"name":"wp","href":"https:\/\/api.w.org\/{rel}","templated":true}]}}