{"id":1876,"date":"2025-02-10T03:08:59","date_gmt":"2025-02-10T01:08:59","guid":{"rendered":"https:\/\/hambapol.ee\/?page_id=1876"},"modified":"2025-07-17T14:36:43","modified_gmt":"2025-07-17T11:36:43","slug":"broneerige-visiidiaeg","status":"publish","type":"page","link":"https:\/\/hambapol.ee\/en\/broneerige-visiidiaeg\/","title":{"rendered":"Book an Appointment"},"content":{"rendered":"\t\t<div data-elementor-type=\"wp-page\" data-elementor-id=\"1876\" class=\"elementor elementor-1876\" data-elementor-post-type=\"page\">\n\t\t\t\t<div class=\"elementor-element elementor-element-8339500 e-flex e-con-boxed e-con e-parent\" data-id=\"8339500\" data-element_type=\"container\" data-e-type=\"container\" data-settings=\"{&quot;background_background&quot;:&quot;classic&quot;}\">\n\t\t\t\t\t<div class=\"e-con-inner\">\n\t\t\t\t<div class=\"elementor-element elementor-element-2efbcb9 elementor-widget elementor-widget-heading\" data-id=\"2efbcb9\" data-element_type=\"widget\" data-e-type=\"widget\" data-widget_type=\"heading.default\">\n\t\t\t\t<div class=\"elementor-widget-container\">\n\t\t\t\t\t<h1 class=\"elementor-heading-title elementor-size-default\">Broneerige visiidiaeg<\/h1>\t\t\t\t<\/div>\n\t\t\t\t<\/div>\n\t\t\t\t<div class=\"elementor-element elementor-element-f39254b elementor-widget elementor-widget-heading\" data-id=\"f39254b\" data-element_type=\"widget\" data-e-type=\"widget\" data-widget_type=\"heading.default\">\n\t\t\t\t<div class=\"elementor-widget-container\">\n\t\t\t\t\t<h2 class=\"elementor-heading-title elementor-size-default\">Vali endale sobiv viis hambaarsti aja broneerimiseks<\/h2>\t\t\t\t<\/div>\n\t\t\t\t<\/div>\n\t\t\t\t\t<\/div>\n\t\t\t\t<\/div>\n\t\t<div class=\"elementor-element elementor-element-21bd295 e-flex e-con-boxed e-con e-parent\" data-id=\"21bd295\" data-element_type=\"container\" data-e-type=\"container\" data-settings=\"{&quot;background_background&quot;:&quot;classic&quot;}\">\n\t\t\t\t\t<div class=\"e-con-inner\">\n\t\t\t\t<div class=\"elementor-element elementor-element-d5531eb elementor-widget elementor-widget-text-editor\" data-id=\"d5531eb\" data-element_type=\"widget\" data-e-type=\"widget\" data-widget_type=\"text-editor.default\">\n\t\t\t\t<div class=\"elementor-widget-container\">\n\t\t\t\t\t\t\t\t\t<p><span lang=\"EN-US\" xml:lang=\"EN-US\">Aja broneerimiseks helistage\u00a0<strong>612 1200<\/strong>, kirjutage\u00a0<\/span><a href=\"mailto:info@hambapol.ee\"><span lang=\"EN-US\" xml:lang=\"EN-US\">info@hambapol.ee<\/span><\/a><span lang=\"EN-US\" xml:lang=\"EN-US\">, t\u00e4itke broneeringu vorm allpool v\u00f5i logige sisse iseteenindusse.<\/span><\/p>\t\t\t\t\t\t\t\t<\/div>\n\t\t\t\t<\/div>\n\t\t\t\t\t<\/div>\n\t\t\t\t<\/div>\n\t\t<div class=\"elementor-element elementor-element-8257d1e e-flex e-con-boxed e-con e-parent\" data-id=\"8257d1e\" data-element_type=\"container\" data-e-type=\"container\" data-settings=\"{&quot;background_background&quot;:&quot;classic&quot;}\">\n\t\t\t\t\t<div class=\"e-con-inner\">\n\t\t\t\t<div class=\"elementor-element elementor-element-7df4feb elementor-widget elementor-widget-heading\" data-id=\"7df4feb\" data-element_type=\"widget\" data-e-type=\"widget\" data-widget_type=\"heading.default\">\n\t\t\t\t<div class=\"elementor-widget-container\">\n\t\t\t\t\t<h3 class=\"elementor-heading-title elementor-size-default\">Broneeringu taotlus<\/h3>\t\t\t\t<\/div>\n\t\t\t\t<\/div>\n\t\t\t\t<div class=\"elementor-element elementor-element-e54933e elementor-button-align-center elementor-widget elementor-widget-form\" data-id=\"e54933e\" data-element_type=\"widget\" data-e-type=\"widget\" data-settings=\"{&quot;step_next_label&quot;:&quot;J\\u00e4rgmine&quot;,&quot;step_previous_label&quot;:&quot;Eelmine&quot;,&quot;button_width&quot;:&quot;100&quot;,&quot;step_type&quot;:&quot;number_text&quot;,&quot;step_icon_shape&quot;:&quot;circle&quot;}\" data-widget_type=\"form.default\">\n\t\t\t\t<div class=\"elementor-widget-container\">\n\t\t\t\t\t\t\t<form class=\"elementor-form\" method=\"post\" name=\"Broneeringu taotlus\" aria-label=\"Broneeringu taotlus\">\n\t\t\t<input type=\"hidden\" name=\"post_id\" value=\"1876\"\/>\n\t\t\t<input type=\"hidden\" name=\"form_id\" value=\"e54933e\"\/>\n\t\t\t<input type=\"hidden\" name=\"referer_title\" value=\"- Tallinna Hambakliinik\" \/>\n\n\t\t\t\t\t\t\t<input type=\"hidden\" name=\"queried_id\" value=\"1876\"\/>\n\t\t\t\n\t\t\t<div class=\"elementor-form-fields-wrapper elementor-labels-above\">\n\t\t\t\t\t\t\t\t<div class=\"elementor-field-type-text elementor-field-group elementor-column elementor-field-group-name elementor-col-30 elementor-field-required elementor-mark-required\">\n\t\t\t\t\t\t\t\t\t\t\t\t<label for=\"form-field-name\" class=\"elementor-field-label\">\n\t\t\t\t\t\t\t\tEesnimi\t\t\t\t\t\t\t<\/label>\n\t\t\t\t\t\t\t\t\t\t\t\t\t\t<input size=\"1\" type=\"text\" name=\"form_fields[name]\" id=\"form-field-name\" class=\"elementor-field elementor-size-sm  elementor-field-textual\" placeholder=\"Eesnimi\" required=\"required\">\n\t\t\t\t\t\t\t\t\t\t\t<\/div>\n\t\t\t\t\t\t\t\t<div class=\"elementor-field-type-text elementor-field-group elementor-column elementor-field-group-field_bf07056 elementor-col-30 elementor-field-required elementor-mark-required\">\n\t\t\t\t\t\t\t\t\t\t\t\t<label for=\"form-field-field_bf07056\" class=\"elementor-field-label\">\n\t\t\t\t\t\t\t\tPerenimi\t\t\t\t\t\t\t<\/label>\n\t\t\t\t\t\t\t\t\t\t\t\t\t\t<input size=\"1\" type=\"text\" name=\"form_fields[field_bf07056]\" id=\"form-field-field_bf07056\" class=\"elementor-field elementor-size-sm  elementor-field-textual\" placeholder=\"Perenimi\" required=\"required\">\n\t\t\t\t\t\t\t\t\t\t\t<\/div>\n\t\t\t\t\t\t\t\t<div class=\"elementor-field-type-text elementor-field-group elementor-column elementor-field-group-field_b626da6 elementor-col-30 elementor-field-required elementor-mark-required\">\n\t\t\t\t\t\t\t\t\t\t\t\t<label for=\"form-field-field_b626da6\" class=\"elementor-field-label\">\n\t\t\t\t\t\t\t\tIsikukood\t\t\t\t\t\t\t<\/label>\n\t\t\t\t\t\t\t\t\t\t\t\t\t\t<input size=\"1\" type=\"text\" name=\"form_fields[field_b626da6]\" id=\"form-field-field_b626da6\" class=\"elementor-field elementor-size-sm  elementor-field-textual\" placeholder=\"Isikukood\" required=\"required\">\n\t\t\t\t\t\t\t\t\t\t\t<\/div>\n\t\t\t\t\t\t\t\t<div class=\"elementor-field-type-email elementor-field-group elementor-column elementor-field-group-field_b18d18d elementor-col-40 elementor-field-required elementor-mark-required\">\n\t\t\t\t\t\t\t\t\t\t\t\t<label for=\"form-field-field_b18d18d\" class=\"elementor-field-label\">\n\t\t\t\t\t\t\t\tE-post\t\t\t\t\t\t\t<\/label>\n\t\t\t\t\t\t\t\t\t\t\t\t\t\t<input size=\"1\" type=\"email\" name=\"form_fields[field_b18d18d]\" id=\"form-field-field_b18d18d\" class=\"elementor-field elementor-size-sm  elementor-field-textual\" placeholder=\"E-post\" required=\"required\">\n\t\t\t\t\t\t\t\t\t\t\t<\/div>\n\t\t\t\t\t\t\t\t<div class=\"elementor-field-type-tel elementor-field-group elementor-column elementor-field-group-field_3cebe3f elementor-col-40\">\n\t\t\t\t\t\t\t\t\t\t\t\t<label for=\"form-field-field_3cebe3f\" class=\"elementor-field-label\">\n\t\t\t\t\t\t\t\tTelefoninumber\t\t\t\t\t\t\t<\/label>\n\t\t\t\t\t\t\t\t<input size=\"1\" type=\"tel\" name=\"form_fields[field_3cebe3f]\" id=\"form-field-field_3cebe3f\" class=\"elementor-field elementor-size-sm  elementor-field-textual\" placeholder=\"Telefoninumber\" pattern=\"[0-9()#&amp;+*-=.]+\" title=\"Only numbers and phone characters (#, -, *, etc) are accepted.\">\n\n\t\t\t\t\t\t<\/div>\n\t\t\t\t\t\t\t\t<div class=\"elementor-field-type-date elementor-field-group elementor-column elementor-field-group-field_a52c525 elementor-col-40\">\n\t\t\t\t\t\t\t\t\t\t\t\t<label for=\"form-field-field_a52c525\" class=\"elementor-field-label\">\n\t\t\t\t\t\t\t\tEelistatud kuup\u00e4ev\t\t\t\t\t\t\t<\/label>\n\t\t\t\t\t\t\n\t\t<input type=\"date\" name=\"form_fields[field_a52c525]\" id=\"form-field-field_a52c525\" class=\"elementor-field elementor-size-sm  elementor-field-textual elementor-date-field\" placeholder=\"Vali eelistatud kuup\u00e4ev\" pattern=\"[0-9]{4}-[0-9]{2}-[0-9]{2}\">\n\t\t\t\t\t\t<\/div>\n\t\t\t\t\t\t\t\t<div class=\"elementor-field-type-checkbox elementor-field-group elementor-column elementor-field-group-field_30e4be4 elementor-col-40\">\n\t\t\t\t\t\t\t\t\t\t\t\t<label for=\"form-field-field_30e4be4\" class=\"elementor-field-label\">\n\t\t\t\t\t\t\t\tEelistatud ajavahemik\t\t\t\t\t\t\t<\/label>\n\t\t\t\t\t\t<div class=\"elementor-field-subgroup  \"><span class=\"elementor-field-option\"><input type=\"checkbox\" value=\"8:00-14:00\" id=\"form-field-field_30e4be4-0\" name=\"form_fields[field_30e4be4][]\"> <label for=\"form-field-field_30e4be4-0\">8:00-14:00<\/label><\/span><span class=\"elementor-field-option\"><input type=\"checkbox\" value=\"14:00-20:00\" id=\"form-field-field_30e4be4-1\" name=\"form_fields[field_30e4be4][]\"> <label for=\"form-field-field_30e4be4-1\">14:00-20:00<\/label><\/span><\/div>\t\t\t\t<\/div>\n\t\t\t\t\t\t\t\t<div class=\"elementor-field-type-textarea elementor-field-group elementor-column elementor-field-group-message elementor-col-100 elementor-field-required elementor-mark-required\">\n\t\t\t\t\t\t\t\t\t\t\t\t<label for=\"form-field-message\" class=\"elementor-field-label\">\n\t\t\t\t\t\t\t\tM\u00e4rkused (siia palume m\u00e4rkida teenuse nimetus v\u00f5i arsti nimi)\t\t\t\t\t\t\t<\/label>\n\t\t\t\t\t\t<textarea class=\"elementor-field-textual elementor-field  elementor-size-sm\" name=\"form_fields[message]\" id=\"form-field-message\" rows=\"4\" placeholder=\"Teade\" required=\"required\"><\/textarea>\t\t\t\t<\/div>\n\t\t\t\t\t\t\t\t<div class=\"elementor-field-type-upload elementor-field-group elementor-column elementor-field-group-field_a9065c7 elementor-col-100\">\n\t\t\t\t\t\t\t\t\t\t\t\t<label for=\"form-field-field_a9065c7\" class=\"elementor-field-label\">\n\t\t\t\t\t\t\t\tSoovi korral saad lisada r\u00f6ngenpilti v\u00f5i foto oma arvutist\t\t\t\t\t\t\t<\/label>\n\t\t\t\t\t\t\t\t<input type=\"file\" name=\"form_fields[field_a9065c7][]\" id=\"form-field-field_a9065c7\" class=\"elementor-field elementor-size-sm  elementor-upload-field\" multiple=\"multiple\">\n\n\t\t\t\t\t\t<\/div>\n\t\t\t\t\t\t\t\t<div class=\"elementor-field-group elementor-column elementor-field-type-submit elementor-col-100 e-form__buttons\">\n\t\t\t\t\t<button class=\"elementor-button elementor-size-sm elementor-animation-grow\" type=\"submit\">\n\t\t\t\t\t\t<span class=\"elementor-button-content-wrapper\">\n\t\t\t\t\t\t\t\t\t\t\t\t\t\t\t\t\t\t\t\t\t\t<span class=\"elementor-button-text\">Saada<\/span>\n\t\t\t\t\t\t\t\t\t\t\t\t\t<\/span>\n\t\t\t\t\t<\/button>\n\t\t\t\t<\/div>\n\t\t\t<\/div>\n\t\t<\/form>\n\t\t\t\t\t\t<\/div>\n\t\t\t\t<\/div>\n\t\t\t\t\t<\/div>\n\t\t\t\t<\/div>\n\t\t\t\t<\/div>\n\t\t","protected":false},"excerpt":{"rendered":"<p>Broneerige visiidiaeg Vali endale sobiv viis hambaarsti aja broneerimiseks Aja broneerimiseks helistage\u00a0612 1200, kirjutage\u00a0info@hambapol.ee, t\u00e4itke broneeringu vorm allpool v\u00f5i logige sisse iseteenindusse. Broneeringu taotlus<\/p>","protected":false},"author":1,"featured_media":602,"parent":0,"menu_order":0,"comment_status":"closed","ping_status":"closed","template":"","meta":{"_acf_changed":false,"site-sidebar-layout":"no-sidebar","site-content-layout":"","ast-site-content-layout":"full-width-container","site-content-style":"default","site-sidebar-style":"default","ast-global-header-display":"","ast-banner-title-visibility":"","ast-main-header-display":"","ast-hfb-above-header-display":"","ast-hfb-below-header-display":"","ast-hfb-mobile-header-display":"","site-post-title":"disabled","ast-breadcrumbs-content":"","ast-featured-img":"disabled","footer-sml-layout":"","ast-disable-related-posts":"","theme-transparent-header-meta":"","adv-header-id-meta":"","stick-header-meta":"","header-above-stick-meta":"","header-main-stick-meta":"","header-below-stick-meta":"","astra-migrate-meta-layouts":"default","ast-page-background-enabled":"default","ast-page-background-meta":{"desktop":{"background-color":"var(--ast-global-color-5)","background-image":"","background-repeat":"repeat","background-position":"center center","background-size":"auto","background-attachment":"scroll","background-type":"","background-media":"","overlay-type":"","overlay-color":"","overlay-opacity":"","overlay-gradient":""},"tablet":{"background-color":"","background-image":"","background-repeat":"repeat","background-position":"center center","background-size":"auto","background-attachment":"scroll","background-type":"","background-media":"","overlay-type":"","overlay-color":"","overlay-opacity":"","overlay-gradient":""},"mobile":{"background-color":"","background-image":"","background-repeat":"repeat","background-position":"center center","background-size":"auto","background-attachment":"scroll","background-type":"","background-media":"","overlay-type":"","overlay-color":"","overlay-opacity":"","overlay-gradient":""}},"ast-content-background-meta":{"desktop":{"background-color":"var(--ast-global-color-4)","background-image":"","background-repeat":"repeat","background-position":"center center","background-size":"auto","background-attachment":"scroll","background-type":"","background-media":"","overlay-type":"","overlay-color":"","overlay-opacity":"","overlay-gradient":""},"tablet":{"background-color":"var(--ast-global-color-4)","background-image":"","background-repeat":"repeat","background-position":"center center","background-size":"auto","background-attachment":"scroll","background-type":"","background-media":"","overlay-type":"","overlay-color":"","overlay-opacity":"","overlay-gradient":""},"mobile":{"background-color":"var(--ast-global-color-4)","background-image":"","background-repeat":"repeat","background-position":"center center","background-size":"auto","background-attachment":"scroll","background-type":"","background-media":"","overlay-type":"","overlay-color":"","overlay-opacity":"","overlay-gradient":""}},"footnotes":""},"class_list":["post-1876","page","type-page","status-publish","has-post-thumbnail","hentry"],"acf":[],"yoast_head":"<!-- This site is optimized with the Yoast SEO plugin v27.3 - https:\/\/yoast.com\/product\/yoast-seo-wordpress\/ -->\n<title>- Tallinna Hambakliinik<\/title>\n<meta name=\"description\" content=\"Broneerige visiidiaeg Vali endale sobiv viis hambaarsti aja broneerimiseks Aja broneerimiseks helistage\u00a0612 1200, kirjutage\u00a0info@hambapol.ee, t\u00e4itke\" \/>\n<meta name=\"robots\" content=\"index, follow, max-snippet:-1, max-image-preview:large, max-video-preview:-1\" \/>\n<link rel=\"canonical\" href=\"https:\/\/hambapol.ee\/en\/broneerige-visiidiaeg\/\" \/>\n<meta property=\"og:locale\" content=\"en_GB\" \/>\n<meta property=\"og:type\" content=\"article\" \/>\n<meta property=\"og:title\" content=\"- Tallinna Hambakliinik\" \/>\n<meta property=\"og:description\" content=\"Broneerige visiidiaeg Vali endale sobiv viis hambaarsti aja broneerimiseks Aja broneerimiseks helistage\u00a0612 1200, kirjutage\u00a0info@hambapol.ee, t\u00e4itke\" \/>\n<meta property=\"og:url\" content=\"https:\/\/hambapol.ee\/en\/broneerige-visiidiaeg\/\" \/>\n<meta property=\"og:site_name\" content=\"Tallinna Hambakliinik\" \/>\n<meta property=\"article:publisher\" content=\"https:\/\/www.facebook.com\/TallinnaHambakliinik\/\" \/>\n<meta property=\"article:modified_time\" content=\"2025-07-17T11:36:43+00:00\" \/>\n<meta property=\"og:image\" content=\"https:\/\/hambapol.ee\/wp-content\/uploads\/2025\/01\/Tallinna-Hambakliiniku-teenused.jpg\" \/>\n\t<meta property=\"og:image:width\" content=\"809\" \/>\n\t<meta property=\"og:image:height\" content=\"607\" \/>\n\t<meta property=\"og:image:type\" content=\"image\/jpeg\" \/>\n<meta name=\"twitter:card\" content=\"summary_large_image\" \/>\n<meta name=\"twitter:label1\" content=\"Estimated reading time\" \/>\n\t<meta name=\"twitter:data1\" content=\"1 minute\" \/>\n<script type=\"application\/ld+json\" class=\"yoast-schema-graph\">{\"@context\":\"https:\\\/\\\/schema.org\",\"@graph\":[{\"@type\":\"WebPage\",\"@id\":\"https:\\\/\\\/hambapol.ee\\\/broneerige-visiidiaeg\\\/\",\"url\":\"https:\\\/\\\/hambapol.ee\\\/broneerige-visiidiaeg\\\/\",\"name\":\"- Tallinna Hambakliinik\",\"isPartOf\":{\"@id\":\"https:\\\/\\\/hambapol.ee\\\/#website\"},\"primaryImageOfPage\":{\"@id\":\"https:\\\/\\\/hambapol.ee\\\/broneerige-visiidiaeg\\\/#primaryimage\"},\"image\":{\"@id\":\"https:\\\/\\\/hambapol.ee\\\/broneerige-visiidiaeg\\\/#primaryimage\"},\"thumbnailUrl\":\"https:\\\/\\\/hambapol.ee\\\/wp-content\\\/uploads\\\/2025\\\/01\\\/Tallinna-Hambakliiniku-teenused.jpg\",\"datePublished\":\"2025-02-10T01:08:59+00:00\",\"dateModified\":\"2025-07-17T11:36:43+00:00\",\"description\":\"Broneerige visiidiaeg Vali endale sobiv viis hambaarsti aja broneerimiseks Aja broneerimiseks helistage\u00a0612 1200, kirjutage\u00a0info@hambapol.ee, t\u00e4itke\",\"breadcrumb\":{\"@id\":\"https:\\\/\\\/hambapol.ee\\\/broneerige-visiidiaeg\\\/#breadcrumb\"},\"inLanguage\":\"en-GB\",\"potentialAction\":[{\"@type\":\"ReadAction\",\"target\":[\"https:\\\/\\\/hambapol.ee\\\/broneerige-visiidiaeg\\\/\"]}]},{\"@type\":\"ImageObject\",\"inLanguage\":\"en-GB\",\"@id\":\"https:\\\/\\\/hambapol.ee\\\/broneerige-visiidiaeg\\\/#primaryimage\",\"url\":\"https:\\\/\\\/hambapol.ee\\\/wp-content\\\/uploads\\\/2025\\\/01\\\/Tallinna-Hambakliiniku-teenused.jpg\",\"contentUrl\":\"https:\\\/\\\/hambapol.ee\\\/wp-content\\\/uploads\\\/2025\\\/01\\\/Tallinna-Hambakliiniku-teenused.jpg\",\"width\":809,\"height\":607,\"caption\":\"Tallinna Hambakliinik Hambaravi Tallinna kesklinnas esmaabi\"},{\"@type\":\"BreadcrumbList\",\"@id\":\"https:\\\/\\\/hambapol.ee\\\/broneerige-visiidiaeg\\\/#breadcrumb\",\"itemListElement\":[{\"@type\":\"ListItem\",\"position\":1,\"name\":\"Home\",\"item\":\"https:\\\/\\\/hambapol.ee\\\/\"},{\"@type\":\"ListItem\",\"position\":2,\"name\":\"Broneerige visiidiaeg\"}]},{\"@type\":\"WebSite\",\"@id\":\"https:\\\/\\\/hambapol.ee\\\/#website\",\"url\":\"https:\\\/\\\/hambapol.ee\\\/\",\"name\":\"Tallinna Hambakliinik\",\"description\":\"Enesekindel naeratus\",\"publisher\":{\"@id\":\"https:\\\/\\\/hambapol.ee\\\/#organization\"},\"alternateName\":\"THK\",\"potentialAction\":[{\"@type\":\"SearchAction\",\"target\":{\"@type\":\"EntryPoint\",\"urlTemplate\":\"https:\\\/\\\/hambapol.ee\\\/?s={search_term_string}\"},\"query-input\":{\"@type\":\"PropertyValueSpecification\",\"valueRequired\":true,\"valueName\":\"search_term_string\"}}],\"inLanguage\":\"en-GB\"},{\"@type\":\"Organization\",\"@id\":\"https:\\\/\\\/hambapol.ee\\\/#organization\",\"name\":\"SA Tallinna Hambakliinik\",\"url\":\"https:\\\/\\\/hambapol.ee\\\/\",\"logo\":{\"@type\":\"ImageObject\",\"inLanguage\":\"en-GB\",\"@id\":\"https:\\\/\\\/hambapol.ee\\\/#\\\/schema\\\/logo\\\/image\\\/\",\"url\":\"https:\\\/\\\/hambapol.ee\\\/wp-content\\\/uploads\\\/2025\\\/01\\\/thk-logo-anno-taustata-e1737668889173.png\",\"contentUrl\":\"https:\\\/\\\/hambapol.ee\\\/wp-content\\\/uploads\\\/2025\\\/01\\\/thk-logo-anno-taustata-e1737668889173.png\",\"width\":250,\"height\":254,\"caption\":\"SA Tallinna Hambakliinik\"},\"image\":{\"@id\":\"https:\\\/\\\/hambapol.ee\\\/#\\\/schema\\\/logo\\\/image\\\/\"},\"sameAs\":[\"https:\\\/\\\/www.facebook.com\\\/TallinnaHambakliinik\\\/\"]}]}<\/script>\n<!-- \/ Yoast SEO plugin. -->","yoast_head_json":{"title":"- Tallinna Hambakliinik","description":"Broneerige visiidiaeg Vali endale sobiv viis hambaarsti aja broneerimiseks Aja broneerimiseks helistage\u00a0612 1200, kirjutage\u00a0info@hambapol.ee, t\u00e4itke","robots":{"index":"index","follow":"follow","max-snippet":"max-snippet:-1","max-image-preview":"max-image-preview:large","max-video-preview":"max-video-preview:-1"},"canonical":"https:\/\/hambapol.ee\/en\/broneerige-visiidiaeg\/","og_locale":"en_GB","og_type":"article","og_title":"- Tallinna Hambakliinik","og_description":"Broneerige visiidiaeg Vali endale sobiv viis hambaarsti aja broneerimiseks Aja broneerimiseks helistage\u00a0612 1200, kirjutage\u00a0info@hambapol.ee, t\u00e4itke","og_url":"https:\/\/hambapol.ee\/en\/broneerige-visiidiaeg\/","og_site_name":"Tallinna Hambakliinik","article_publisher":"https:\/\/www.facebook.com\/TallinnaHambakliinik\/","article_modified_time":"2025-07-17T11:36:43+00:00","og_image":[{"width":809,"height":607,"url":"https:\/\/hambapol.ee\/wp-content\/uploads\/2025\/01\/Tallinna-Hambakliiniku-teenused.jpg","type":"image\/jpeg"}],"twitter_card":"summary_large_image","twitter_misc":{"Estimated reading time":"1 minute"},"schema":{"@context":"https:\/\/schema.org","@graph":[{"@type":"WebPage","@id":"https:\/\/hambapol.ee\/broneerige-visiidiaeg\/","url":"https:\/\/hambapol.ee\/broneerige-visiidiaeg\/","name":"- Tallinna Hambakliinik","isPartOf":{"@id":"https:\/\/hambapol.ee\/#website"},"primaryImageOfPage":{"@id":"https:\/\/hambapol.ee\/broneerige-visiidiaeg\/#primaryimage"},"image":{"@id":"https:\/\/hambapol.ee\/broneerige-visiidiaeg\/#primaryimage"},"thumbnailUrl":"https:\/\/hambapol.ee\/wp-content\/uploads\/2025\/01\/Tallinna-Hambakliiniku-teenused.jpg","datePublished":"2025-02-10T01:08:59+00:00","dateModified":"2025-07-17T11:36:43+00:00","description":"Broneerige visiidiaeg Vali endale sobiv viis hambaarsti aja broneerimiseks Aja broneerimiseks helistage\u00a0612 1200, kirjutage\u00a0info@hambapol.ee, t\u00e4itke","breadcrumb":{"@id":"https:\/\/hambapol.ee\/broneerige-visiidiaeg\/#breadcrumb"},"inLanguage":"en-GB","potentialAction":[{"@type":"ReadAction","target":["https:\/\/hambapol.ee\/broneerige-visiidiaeg\/"]}]},{"@type":"ImageObject","inLanguage":"en-GB","@id":"https:\/\/hambapol.ee\/broneerige-visiidiaeg\/#primaryimage","url":"https:\/\/hambapol.ee\/wp-content\/uploads\/2025\/01\/Tallinna-Hambakliiniku-teenused.jpg","contentUrl":"https:\/\/hambapol.ee\/wp-content\/uploads\/2025\/01\/Tallinna-Hambakliiniku-teenused.jpg","width":809,"height":607,"caption":"Tallinna Hambakliinik Hambaravi Tallinna kesklinnas esmaabi"},{"@type":"BreadcrumbList","@id":"https:\/\/hambapol.ee\/broneerige-visiidiaeg\/#breadcrumb","itemListElement":[{"@type":"ListItem","position":1,"name":"Home","item":"https:\/\/hambapol.ee\/"},{"@type":"ListItem","position":2,"name":"Broneerige visiidiaeg"}]},{"@type":"WebSite","@id":"https:\/\/hambapol.ee\/#website","url":"https:\/\/hambapol.ee\/","name":"Tallinna Hambakliinik","description":"Enesekindel naeratus","publisher":{"@id":"https:\/\/hambapol.ee\/#organization"},"alternateName":"THK","potentialAction":[{"@type":"SearchAction","target":{"@type":"EntryPoint","urlTemplate":"https:\/\/hambapol.ee\/?s={search_term_string}"},"query-input":{"@type":"PropertyValueSpecification","valueRequired":true,"valueName":"search_term_string"}}],"inLanguage":"en-GB"},{"@type":"Organization","@id":"https:\/\/hambapol.ee\/#organization","name":"SA Tallinna Hambakliinik","url":"https:\/\/hambapol.ee\/","logo":{"@type":"ImageObject","inLanguage":"en-GB","@id":"https:\/\/hambapol.ee\/#\/schema\/logo\/image\/","url":"https:\/\/hambapol.ee\/wp-content\/uploads\/2025\/01\/thk-logo-anno-taustata-e1737668889173.png","contentUrl":"https:\/\/hambapol.ee\/wp-content\/uploads\/2025\/01\/thk-logo-anno-taustata-e1737668889173.png","width":250,"height":254,"caption":"SA Tallinna Hambakliinik"},"image":{"@id":"https:\/\/hambapol.ee\/#\/schema\/logo\/image\/"},"sameAs":["https:\/\/www.facebook.com\/TallinnaHambakliinik\/"]}]}},"_links":{"self":[{"href":"https:\/\/hambapol.ee\/en\/wp-json\/wp\/v2\/pages\/1876","targetHints":{"allow":["GET"]}}],"collection":[{"href":"https:\/\/hambapol.ee\/en\/wp-json\/wp\/v2\/pages"}],"about":[{"href":"https:\/\/hambapol.ee\/en\/wp-json\/wp\/v2\/types\/page"}],"author":[{"embeddable":true,"href":"https:\/\/hambapol.ee\/en\/wp-json\/wp\/v2\/users\/1"}],"replies":[{"embeddable":true,"href":"https:\/\/hambapol.ee\/en\/wp-json\/wp\/v2\/comments?post=1876"}],"version-history":[{"count":37,"href":"https:\/\/hambapol.ee\/en\/wp-json\/wp\/v2\/pages\/1876\/revisions"}],"predecessor-version":[{"id":2720,"href":"https:\/\/hambapol.ee\/en\/wp-json\/wp\/v2\/pages\/1876\/revisions\/2720"}],"wp:featuredmedia":[{"embeddable":true,"href":"https:\/\/hambapol.ee\/en\/wp-json\/wp\/v2\/media\/602"}],"wp:attachment":[{"href":"https:\/\/hambapol.ee\/en\/wp-json\/wp\/v2\/media?parent=1876"}],"curies":[{"name":"wp","href":"https:\/\/api.w.org\/{rel}","templated":true}]}}