{"id":1778,"date":"2025-02-09T16:42:49","date_gmt":"2025-02-09T14:42:49","guid":{"rendered":"https:\/\/hambapol.ee\/?page_id=1778"},"modified":"2026-03-13T13:46:28","modified_gmt":"2026-03-13T11:46:28","slug":"hanked","status":"publish","type":"page","link":"https:\/\/hambapol.ee\/en\/hanked\/","title":{"rendered":"Procurement"},"content":{"rendered":"<div data-elementor-type=\"wp-page\" data-elementor-id=\"1778\" class=\"elementor elementor-1778\" data-elementor-post-type=\"page\">\n\t\t\t\t<div class=\"elementor-element elementor-element-613ba5c e-flex e-con-boxed e-con e-parent\" data-id=\"613ba5c\" data-element_type=\"container\" data-e-type=\"container\" data-settings=\"{&quot;background_background&quot;:&quot;classic&quot;}\">\n\t\t\t\t\t<div class=\"e-con-inner\">\n\t\t\t\t<div class=\"elementor-element elementor-element-d2b2d2a elementor-widget elementor-widget-heading\" data-id=\"d2b2d2a\" data-element_type=\"widget\" data-e-type=\"widget\" data-widget_type=\"heading.default\">\n\t\t\t\t<div class=\"elementor-widget-container\">\n\t\t\t\t\t<h1 class=\"elementor-heading-title elementor-size-default\">Procurement plan of the dental clinic<\/h1>\t\t\t\t<\/div>\n\t\t\t\t<\/div>\n\t\t\t\t<div class=\"elementor-element elementor-element-f5eb248 elementor-widget elementor-widget-heading\" data-id=\"f5eb248\" data-element_type=\"widget\" data-e-type=\"widget\" data-widget_type=\"heading.default\">\n\t\t\t\t<div class=\"elementor-widget-container\">\n\t\t\t\t\t<h2 class=\"elementor-heading-title elementor-size-default\">AS Tallinna Hambakliinik hankekord ja hankeplaan<\/h2>\t\t\t\t<\/div>\n\t\t\t\t<\/div>\n\t\t\t\t\t<\/div>\n\t\t\t\t<\/div>\n\t\t<div class=\"elementor-element elementor-element-add1751 e-con-full e-flex e-con e-parent\" data-id=\"add1751\" data-element_type=\"container\" data-e-type=\"container\" data-settings=\"{&quot;background_background&quot;:&quot;classic&quot;}\">\n\t\t\t\t<div class=\"elementor-element elementor-element-16b83ed elementor-widget elementor-widget-heading\" data-id=\"16b83ed\" data-element_type=\"widget\" data-e-type=\"widget\" data-widget_type=\"heading.default\">\n\t\t\t\t<div class=\"elementor-widget-container\">\n\t\t\t\t\t<h3 class=\"elementor-heading-title elementor-size-default\">Tallinna Hambakliiniku hankeplaan 2026<\/h3>\t\t\t\t<\/div>\n\t\t\t\t<\/div>\n\t\t\t\t<div class=\"elementor-element elementor-element-b4fffa1 elementor-widget-mobile__width-inherit elementor-widget elementor-widget-text-editor\" data-id=\"b4fffa1\" data-element_type=\"widget\" data-e-type=\"widget\" data-widget_type=\"text-editor.default\">\n\t\t\t\t<div class=\"elementor-widget-container\">\n\t\t\t\t\t\t\t\t\t<p style=\"text-align: left;\"><em><span lang=\"ET\" xml:lang=\"ET\">Kinnitatud 27.01.2026.a juhatuse otsusega nr 2<\/span><\/em><\/p><table style=\"width: 80%;\" cellspacing=\"0\" cellpadding=\"0\"><tbody><tr><td style=\"width: 10%;\"><strong>Jrk nr<\/strong><\/td><td style=\"width: 40%;\"><strong>Riigihange nimetus<\/strong><\/td><td style=\"width: 20%;\"><strong>L\u00e4biviimise aeg<\/strong><\/td><td style=\"width: 30%;\"><strong>Hankemenetluse liik\u00a0<\/strong><\/td><\/tr><tr><td>1<\/td><td><span lang=\"ET\" xml:lang=\"ET\">T\u00f6\u00f6andja tervisekindlustus 2025-2026<\/span><\/td><td>I\u00a0kvartal<\/td><td>Lihthange<\/td><\/tr><tr><td>2<\/td><td><span lang=\"ET\" xml:lang=\"ET\">Sideteenuste hankimine<\/span><\/td><td>I\u00a0kvartal<\/td><td>Lihthange<\/td><\/tr><tr><td>3<\/td><td><span lang=\"ET\" xml:lang=\"ET\">Eriliigiliste j\u00e4\u00e4tmete vedu ja k\u00e4itlemine<\/span><\/td><td>I\u00a0kvartal<\/td><td>Avatud hankemenetlus<\/td><\/tr><tr><td>4<\/td><td><span lang=\"ET\" xml:lang=\"ET\">Sterilisatsiooniruumide remont<\/span><\/td><td>I kvartal<\/td><td>Avatud hankemenetlus<\/td><\/tr><tr><td>5<\/td><td><span lang=\"ET\" xml:lang=\"ET\">Aurusterilisaatori HS-33 Getinge hankimine<\/span><\/td><td>I kvartal<\/td><td>Lihthange<\/td><\/tr><tr><td>6<\/td><td><span lang=\"ET\" xml:lang=\"ET\">Getinge pesur-desinfektori 46-5 hankimine<\/span><\/td><td>I kvartal<\/td><td>Lihthange<\/td><\/tr><tr><td>7<\/td><td><span lang=\"ET\" xml:lang=\"ET\">V\u00f5rguarendust\u00f6\u00f6de tellimine<\/span><\/td><td>I kvartal<\/td><td>Lihthange<\/td><\/tr><tr><td>8<\/td><td><span lang=\"ET\" xml:lang=\"ET\">Digij\u00e4ljendite tegemiseks sk\u00e4nneri hankimine <\/span><\/td><td>II kvartal<\/td><td>Lihthange<\/td><\/tr><tr><td>9<\/td><td>Mikroskoopi hankimine<\/td><td>III kvartal<\/td><td>Riigihange<\/td><\/tr><tr><td>10<\/td><td><span lang=\"ET\" xml:lang=\"ET\">Hambaravitoolide hankimine<\/span><\/td><td>III kvartal<\/td><td>Avatud hankemenetlus<\/td><\/tr><tr><td>11<\/td><td><span lang=\"ET\" xml:lang=\"ET\">Turvaserverite hankimine<\/span><\/td><td>III kvartal<\/td><td>Avatud hankemenetlus<\/td><\/tr><tr><td>12<\/td><td>Meditsiiniliste t\u00f6\u00f6riiete hankimine\/vormiriiete valmistamine<\/td><td>III kvartal<\/td><td>Avatud hankemenetlus<\/td><\/tr><tr><td>13<\/td><td><span lang=\"ET\" xml:lang=\"ET\">Audiitorteenuse osutamine 2026 &#8211; 2028<\/span><\/td><td>III kvartal<\/td><td>Avatud hankemenetlus<\/td><\/tr><tr><td>14<\/td><td>Hambahaiguste prof\u00fclaktika tarvikud<\/td><td>II kvartal<\/td><td>Avatud hankemenetlus<\/td><\/tr><tr><td>15<\/td><td>Ortodontiliste vahendite ostmine<\/td><td>IV kvartal<\/td><td>Riigihange<\/td><\/tr><tr><td>16<\/td><td>Anesteetikumide ostmine<\/td><td>IV kvartal<\/td><td>Riigihange<\/td><\/tr><\/tbody><\/table>\t\t\t\t\t\t\t\t<\/div>\n\t\t\t\t<\/div>\n\t\t\t\t<\/div>\n\t\t<div class=\"elementor-element elementor-element-fb88d34 e-flex e-con-boxed e-con e-parent\" data-id=\"fb88d34\" data-element_type=\"container\" data-e-type=\"container\" data-settings=\"{&quot;background_background&quot;:&quot;classic&quot;}\">\n\t\t\t\t\t<div class=\"e-con-inner\">\n\t\t\t\t<div class=\"elementor-element elementor-element-67afed4 elementor-widget elementor-widget-heading\" data-id=\"67afed4\" data-element_type=\"widget\" data-e-type=\"widget\" data-widget_type=\"heading.default\">\n\t\t\t\t<div class=\"elementor-widget-container\">\n\t\t\t\t\t<h3 class=\"elementor-heading-title elementor-size-default\">AS Tallinna Hambakliinik hankekord<\/h3>\t\t\t\t<\/div>\n\t\t\t\t<\/div>\n\t\t\t\t<div class=\"elementor-element elementor-element-85c9be3 elementor-widget elementor-widget-text-editor\" data-id=\"85c9be3\" data-element_type=\"widget\" data-e-type=\"widget\" data-widget_type=\"text-editor.default\">\n\t\t\t\t<div class=\"elementor-widget-container\">\n\t\t\t\t\t\t\t\t\t<p><em>Kinnitatud 13.01.2026 AS Tallinna Hambakliiniku juhatuse koosoleku otsusega nr 2<\/em><\/p>\t\t\t\t\t\t\t\t<\/div>\n\t\t\t\t<\/div>\n\t\t\t\t<div class=\"elementor-element elementor-element-779e2b7 elementor-position-inline-start elementor-view-default elementor-mobile-position-block-start elementor-widget elementor-widget-icon-box\" data-id=\"779e2b7\" data-element_type=\"widget\" data-e-type=\"widget\" data-widget_type=\"icon-box.default\">\n\t\t\t\t<div class=\"elementor-widget-container\">\n\t\t\t\t\t\t\t<div class=\"elementor-icon-box-wrapper\">\n\n\t\t\t\t\t\t<div class=\"elementor-icon-box-icon\">\n\t\t\t\t<a href=\"https:\/\/hambapol.ee\/wp-content\/uploads\/2026\/03\/AS-Tallinna-Hambakliinik-Hankekord-2026.pdf\" class=\"elementor-icon\" tabindex=\"-1\" aria-label=\"Tallinna Hambakliiniku hankekord\">\n\t\t\t\t<svg aria-hidden=\"true\" class=\"e-font-icon-svg e-far-file-pdf\" viewbox=\"0 0 384 512\" xmlns=\"http:\/\/www.w3.org\/2000\/svg\"><path d=\"M369.9 97.9L286 14C277 5 264.8-.1 252.1-.1H48C21.5 0 0 21.5 0 48v416c0 26.5 21.5 48 48 48h288c26.5 0 48-21.5 48-48V131.9c0-12.7-5.1-25-14.1-34zM332.1 128H256V51.9l76.1 76.1zM48 464V48h160v104c0 13.3 10.7 24 24 24h104v288H48zm250.2-143.7c-12.2-12-47-8.7-64.4-6.5-17.2-10.5-28.7-25-36.8-46.3 3.9-16.1 10.1-40.6 5.4-56-4.2-26.2-37.8-23.6-42.6-5.9-4.4 16.1-.4 38.5 7 67.1-10 23.9-24.9 56-35.4 74.4-20 10.3-47 26.2-51 46.2-3.3 15.8 26 55.2 76.1-31.2 22.4-7.4 46.8-16.5 68.4-20.1 18.9 10.2 41 17 55.8 17 25.5 0 28-28.2 17.5-38.7zm-198.1 77.8c5.1-13.7 24.5-29.5 30.4-35-19 30.3-30.4 35.7-30.4 35zm81.6-190.6c7.4 0 6.7 32.1 1.8 40.8-4.4-13.9-4.3-40.8-1.8-40.8zm-24.4 136.6c9.7-16.9 18-37 24.7-54.7 8.3 15.1 18.9 27.2 30.1 35.5-20.8 4.3-38.9 13.1-54.8 19.2zm131.6-5s-5 6-37.3-7.8c35.1-2.6 40.9 5.4 37.3 7.8z\"><\/path><\/svg>\t\t\t\t<\/a>\n\t\t\t<\/div>\n\t\t\t\n\t\t\t\t\t\t<div class=\"elementor-icon-box-content\">\n\n\t\t\t\t\t\t\t\t\t<div class=\"elementor-icon-box-title\">\n\t\t\t\t\t\t<a href=\"https:\/\/hambapol.ee\/wp-content\/uploads\/2026\/03\/AS-Tallinna-Hambakliinik-Hankekord-2026.pdf\" >\n\t\t\t\t\t\t\tTallinna Hambakliiniku hankekord\t\t\t\t\t\t<\/a>\n\t\t\t\t\t<\/div>\n\t\t\t\t\n\t\t\t\t\t\t\t\t\t<p class=\"elementor-icon-box-description\">\n\t\t\t\t\t\tpdf, 356kb\t\t\t\t\t<\/p>\n\t\t\t\t\n\t\t\t<\/div>\n\t\t\t\n\t\t<\/div>\n\t\t\t\t\t\t<\/div>\n\t\t\t\t<\/div>\n\t\t\t\t\t<\/div>\n\t\t\t\t<\/div>\n\t\t\t\t<\/div>","protected":false},"excerpt":{"rendered":"<p>Hambakliiniku hankeplaan AS Tallinna Hambakliinik hankekord ja hankeplaan Tallinna Hambakliiniku hankeplaan 2026 Kinnitatud 27.01.2026.a juhatuse otsusega nr 2 Jrk nr Riigihange nimetus L\u00e4biviimise aeg Hankemenetluse liik\u00a0 1 T\u00f6\u00f6andja tervisekindlustus 2025-2026 I\u00a0kvartal Lihthange 2 Sideteenuste hankimine I\u00a0kvartal Lihthange 3 Eriliigiliste j\u00e4\u00e4tmete vedu ja k\u00e4itlemine I\u00a0kvartal Avatud hankemenetlus 4 Sterilisatsiooniruumide remont I kvartal Avatud hankemenetlus 5 Aurusterilisaatori [&hellip;]<\/p>\n","protected":false},"author":1,"featured_media":602,"parent":0,"menu_order":0,"comment_status":"closed","ping_status":"closed","template":"","meta":{"_acf_changed":false,"site-sidebar-layout":"no-sidebar","site-content-layout":"","ast-site-content-layout":"full-width-container","site-content-style":"default","site-sidebar-style":"default","ast-global-header-display":"","ast-banner-title-visibility":"","ast-main-header-display":"","ast-hfb-above-header-display":"","ast-hfb-below-header-display":"","ast-hfb-mobile-header-display":"","site-post-title":"disabled","ast-breadcrumbs-content":"","ast-featured-img":"disabled","footer-sml-layout":"","ast-disable-related-posts":"","theme-transparent-header-meta":"","adv-header-id-meta":"","stick-header-meta":"","header-above-stick-meta":"","header-main-stick-meta":"","header-below-stick-meta":"","astra-migrate-meta-layouts":"default","ast-page-background-enabled":"default","ast-page-background-meta":{"desktop":{"background-color":"var(--ast-global-color-5)","background-image":"","background-repeat":"repeat","background-position":"center center","background-size":"auto","background-attachment":"scroll","background-type":"","background-media":"","overlay-type":"","overlay-color":"","overlay-opacity":"","overlay-gradient":""},"tablet":{"background-color":"","background-image":"","background-repeat":"repeat","background-position":"center center","background-size":"auto","background-attachment":"scroll","background-type":"","background-media":"","overlay-type":"","overlay-color":"","overlay-opacity":"","overlay-gradient":""},"mobile":{"background-color":"","background-image":"","background-repeat":"repeat","background-position":"center center","background-size":"auto","background-attachment":"scroll","background-type":"","background-media":"","overlay-type":"","overlay-color":"","overlay-opacity":"","overlay-gradient":""}},"ast-content-background-meta":{"desktop":{"background-color":"var(--ast-global-color-4)","background-image":"","background-repeat":"repeat","background-position":"center center","background-size":"auto","background-attachment":"scroll","background-type":"","background-media":"","overlay-type":"","overlay-color":"","overlay-opacity":"","overlay-gradient":""},"tablet":{"background-color":"var(--ast-global-color-4)","background-image":"","background-repeat":"repeat","background-position":"center center","background-size":"auto","background-attachment":"scroll","background-type":"","background-media":"","overlay-type":"","overlay-color":"","overlay-opacity":"","overlay-gradient":""},"mobile":{"background-color":"var(--ast-global-color-4)","background-image":"","background-repeat":"repeat","background-position":"center center","background-size":"auto","background-attachment":"scroll","background-type":"","background-media":"","overlay-type":"","overlay-color":"","overlay-opacity":"","overlay-gradient":""}},"footnotes":""},"class_list":["post-1778","page","type-page","status-publish","has-post-thumbnail","hentry"],"acf":[],"yoast_head":"<!-- This site is optimized with the Yoast SEO plugin v27.3 - https:\/\/yoast.com\/product\/yoast-seo-wordpress\/ -->\n<title>- Tallinna Hambakliinik<\/title>\n<meta name=\"description\" content=\"Hambakliiniku hankeplaan AS Tallinna Hambakliinik hankekord ja hankeplaan Tallinna Hambakliiniku hankeplaan 2026 Kinnitatud 27.01.2026.a juhatuse otsusega\" \/>\n<meta name=\"robots\" content=\"index, follow, max-snippet:-1, max-image-preview:large, max-video-preview:-1\" \/>\n<link rel=\"canonical\" href=\"https:\/\/hambapol.ee\/en\/hanked\/\" \/>\n<meta property=\"og:locale\" content=\"en_GB\" \/>\n<meta property=\"og:type\" content=\"article\" \/>\n<meta property=\"og:title\" content=\"- Tallinna Hambakliinik\" \/>\n<meta property=\"og:description\" content=\"Hambakliiniku hankeplaan AS Tallinna Hambakliinik hankekord ja hankeplaan Tallinna Hambakliiniku hankeplaan 2026 Kinnitatud 27.01.2026.a juhatuse otsusega\" \/>\n<meta property=\"og:url\" content=\"https:\/\/hambapol.ee\/en\/hanked\/\" \/>\n<meta property=\"og:site_name\" content=\"Tallinna Hambakliinik\" \/>\n<meta property=\"article:publisher\" content=\"https:\/\/www.facebook.com\/TallinnaHambakliinik\/\" \/>\n<meta property=\"article:modified_time\" content=\"2026-03-13T11:46:28+00:00\" \/>\n<meta property=\"og:image\" content=\"https:\/\/hambapol.ee\/wp-content\/uploads\/2025\/01\/Tallinna-Hambakliiniku-teenused.jpg\" \/>\n\t<meta property=\"og:image:width\" content=\"809\" \/>\n\t<meta property=\"og:image:height\" content=\"607\" \/>\n\t<meta property=\"og:image:type\" content=\"image\/jpeg\" \/>\n<meta name=\"twitter:card\" content=\"summary_large_image\" \/>\n<meta name=\"twitter:label1\" content=\"Estimated reading time\" \/>\n\t<meta name=\"twitter:data1\" content=\"1 minute\" \/>\n<script type=\"application\/ld+json\" class=\"yoast-schema-graph\">{\"@context\":\"https:\\\/\\\/schema.org\",\"@graph\":[{\"@type\":\"WebPage\",\"@id\":\"https:\\\/\\\/hambapol.ee\\\/hanked\\\/\",\"url\":\"https:\\\/\\\/hambapol.ee\\\/hanked\\\/\",\"name\":\"- Tallinna Hambakliinik\",\"isPartOf\":{\"@id\":\"https:\\\/\\\/hambapol.ee\\\/#website\"},\"primaryImageOfPage\":{\"@id\":\"https:\\\/\\\/hambapol.ee\\\/hanked\\\/#primaryimage\"},\"image\":{\"@id\":\"https:\\\/\\\/hambapol.ee\\\/hanked\\\/#primaryimage\"},\"thumbnailUrl\":\"https:\\\/\\\/hambapol.ee\\\/wp-content\\\/uploads\\\/2025\\\/01\\\/Tallinna-Hambakliiniku-teenused.jpg\",\"datePublished\":\"2025-02-09T14:42:49+00:00\",\"dateModified\":\"2026-03-13T11:46:28+00:00\",\"description\":\"Hambakliiniku hankeplaan AS Tallinna Hambakliinik hankekord ja hankeplaan Tallinna Hambakliiniku hankeplaan 2026 Kinnitatud 27.01.2026.a juhatuse otsusega\",\"breadcrumb\":{\"@id\":\"https:\\\/\\\/hambapol.ee\\\/hanked\\\/#breadcrumb\"},\"inLanguage\":\"en-GB\",\"potentialAction\":[{\"@type\":\"ReadAction\",\"target\":[\"https:\\\/\\\/hambapol.ee\\\/hanked\\\/\"]}]},{\"@type\":\"ImageObject\",\"inLanguage\":\"en-GB\",\"@id\":\"https:\\\/\\\/hambapol.ee\\\/hanked\\\/#primaryimage\",\"url\":\"https:\\\/\\\/hambapol.ee\\\/wp-content\\\/uploads\\\/2025\\\/01\\\/Tallinna-Hambakliiniku-teenused.jpg\",\"contentUrl\":\"https:\\\/\\\/hambapol.ee\\\/wp-content\\\/uploads\\\/2025\\\/01\\\/Tallinna-Hambakliiniku-teenused.jpg\",\"width\":809,\"height\":607,\"caption\":\"Tallinna Hambakliinik Hambaravi Tallinna kesklinnas esmaabi\"},{\"@type\":\"BreadcrumbList\",\"@id\":\"https:\\\/\\\/hambapol.ee\\\/hanked\\\/#breadcrumb\",\"itemListElement\":[{\"@type\":\"ListItem\",\"position\":1,\"name\":\"Home\",\"item\":\"https:\\\/\\\/hambapol.ee\\\/\"},{\"@type\":\"ListItem\",\"position\":2,\"name\":\"Hanked\"}]},{\"@type\":\"WebSite\",\"@id\":\"https:\\\/\\\/hambapol.ee\\\/#website\",\"url\":\"https:\\\/\\\/hambapol.ee\\\/\",\"name\":\"Tallinna Hambakliinik\",\"description\":\"Enesekindel naeratus\",\"publisher\":{\"@id\":\"https:\\\/\\\/hambapol.ee\\\/#organization\"},\"alternateName\":\"THK\",\"potentialAction\":[{\"@type\":\"SearchAction\",\"target\":{\"@type\":\"EntryPoint\",\"urlTemplate\":\"https:\\\/\\\/hambapol.ee\\\/?s={search_term_string}\"},\"query-input\":{\"@type\":\"PropertyValueSpecification\",\"valueRequired\":true,\"valueName\":\"search_term_string\"}}],\"inLanguage\":\"en-GB\"},{\"@type\":\"Organization\",\"@id\":\"https:\\\/\\\/hambapol.ee\\\/#organization\",\"name\":\"SA Tallinna Hambakliinik\",\"url\":\"https:\\\/\\\/hambapol.ee\\\/\",\"logo\":{\"@type\":\"ImageObject\",\"inLanguage\":\"en-GB\",\"@id\":\"https:\\\/\\\/hambapol.ee\\\/#\\\/schema\\\/logo\\\/image\\\/\",\"url\":\"https:\\\/\\\/hambapol.ee\\\/wp-content\\\/uploads\\\/2025\\\/01\\\/thk-logo-anno-taustata-e1737668889173.png\",\"contentUrl\":\"https:\\\/\\\/hambapol.ee\\\/wp-content\\\/uploads\\\/2025\\\/01\\\/thk-logo-anno-taustata-e1737668889173.png\",\"width\":250,\"height\":254,\"caption\":\"SA Tallinna Hambakliinik\"},\"image\":{\"@id\":\"https:\\\/\\\/hambapol.ee\\\/#\\\/schema\\\/logo\\\/image\\\/\"},\"sameAs\":[\"https:\\\/\\\/www.facebook.com\\\/TallinnaHambakliinik\\\/\"]}]}<\/script>\n<!-- \/ Yoast SEO plugin. -->","yoast_head_json":{"title":"- Tallinna Hambakliinik","description":"Hambakliiniku hankeplaan AS Tallinna Hambakliinik hankekord ja hankeplaan Tallinna Hambakliiniku hankeplaan 2026 Kinnitatud 27.01.2026.a juhatuse otsusega","robots":{"index":"index","follow":"follow","max-snippet":"max-snippet:-1","max-image-preview":"max-image-preview:large","max-video-preview":"max-video-preview:-1"},"canonical":"https:\/\/hambapol.ee\/en\/hanked\/","og_locale":"en_GB","og_type":"article","og_title":"- Tallinna Hambakliinik","og_description":"Hambakliiniku hankeplaan AS Tallinna Hambakliinik hankekord ja hankeplaan Tallinna Hambakliiniku hankeplaan 2026 Kinnitatud 27.01.2026.a juhatuse otsusega","og_url":"https:\/\/hambapol.ee\/en\/hanked\/","og_site_name":"Tallinna Hambakliinik","article_publisher":"https:\/\/www.facebook.com\/TallinnaHambakliinik\/","article_modified_time":"2026-03-13T11:46:28+00:00","og_image":[{"width":809,"height":607,"url":"https:\/\/hambapol.ee\/wp-content\/uploads\/2025\/01\/Tallinna-Hambakliiniku-teenused.jpg","type":"image\/jpeg"}],"twitter_card":"summary_large_image","twitter_misc":{"Estimated reading time":"1 minute"},"schema":{"@context":"https:\/\/schema.org","@graph":[{"@type":"WebPage","@id":"https:\/\/hambapol.ee\/hanked\/","url":"https:\/\/hambapol.ee\/hanked\/","name":"- Tallinna Hambakliinik","isPartOf":{"@id":"https:\/\/hambapol.ee\/#website"},"primaryImageOfPage":{"@id":"https:\/\/hambapol.ee\/hanked\/#primaryimage"},"image":{"@id":"https:\/\/hambapol.ee\/hanked\/#primaryimage"},"thumbnailUrl":"https:\/\/hambapol.ee\/wp-content\/uploads\/2025\/01\/Tallinna-Hambakliiniku-teenused.jpg","datePublished":"2025-02-09T14:42:49+00:00","dateModified":"2026-03-13T11:46:28+00:00","description":"Hambakliiniku hankeplaan AS Tallinna Hambakliinik hankekord ja hankeplaan Tallinna Hambakliiniku hankeplaan 2026 Kinnitatud 27.01.2026.a juhatuse otsusega","breadcrumb":{"@id":"https:\/\/hambapol.ee\/hanked\/#breadcrumb"},"inLanguage":"en-GB","potentialAction":[{"@type":"ReadAction","target":["https:\/\/hambapol.ee\/hanked\/"]}]},{"@type":"ImageObject","inLanguage":"en-GB","@id":"https:\/\/hambapol.ee\/hanked\/#primaryimage","url":"https:\/\/hambapol.ee\/wp-content\/uploads\/2025\/01\/Tallinna-Hambakliiniku-teenused.jpg","contentUrl":"https:\/\/hambapol.ee\/wp-content\/uploads\/2025\/01\/Tallinna-Hambakliiniku-teenused.jpg","width":809,"height":607,"caption":"Tallinna Hambakliinik Hambaravi Tallinna kesklinnas esmaabi"},{"@type":"BreadcrumbList","@id":"https:\/\/hambapol.ee\/hanked\/#breadcrumb","itemListElement":[{"@type":"ListItem","position":1,"name":"Home","item":"https:\/\/hambapol.ee\/"},{"@type":"ListItem","position":2,"name":"Hanked"}]},{"@type":"WebSite","@id":"https:\/\/hambapol.ee\/#website","url":"https:\/\/hambapol.ee\/","name":"Tallinna Hambakliinik","description":"Enesekindel naeratus","publisher":{"@id":"https:\/\/hambapol.ee\/#organization"},"alternateName":"THK","potentialAction":[{"@type":"SearchAction","target":{"@type":"EntryPoint","urlTemplate":"https:\/\/hambapol.ee\/?s={search_term_string}"},"query-input":{"@type":"PropertyValueSpecification","valueRequired":true,"valueName":"search_term_string"}}],"inLanguage":"en-GB"},{"@type":"Organization","@id":"https:\/\/hambapol.ee\/#organization","name":"SA Tallinna Hambakliinik","url":"https:\/\/hambapol.ee\/","logo":{"@type":"ImageObject","inLanguage":"en-GB","@id":"https:\/\/hambapol.ee\/#\/schema\/logo\/image\/","url":"https:\/\/hambapol.ee\/wp-content\/uploads\/2025\/01\/thk-logo-anno-taustata-e1737668889173.png","contentUrl":"https:\/\/hambapol.ee\/wp-content\/uploads\/2025\/01\/thk-logo-anno-taustata-e1737668889173.png","width":250,"height":254,"caption":"SA Tallinna Hambakliinik"},"image":{"@id":"https:\/\/hambapol.ee\/#\/schema\/logo\/image\/"},"sameAs":["https:\/\/www.facebook.com\/TallinnaHambakliinik\/"]}]}},"_links":{"self":[{"href":"https:\/\/hambapol.ee\/en\/wp-json\/wp\/v2\/pages\/1778","targetHints":{"allow":["GET"]}}],"collection":[{"href":"https:\/\/hambapol.ee\/en\/wp-json\/wp\/v2\/pages"}],"about":[{"href":"https:\/\/hambapol.ee\/en\/wp-json\/wp\/v2\/types\/page"}],"author":[{"embeddable":true,"href":"https:\/\/hambapol.ee\/en\/wp-json\/wp\/v2\/users\/1"}],"replies":[{"embeddable":true,"href":"https:\/\/hambapol.ee\/en\/wp-json\/wp\/v2\/comments?post=1778"}],"version-history":[{"count":65,"href":"https:\/\/hambapol.ee\/en\/wp-json\/wp\/v2\/pages\/1778\/revisions"}],"predecessor-version":[{"id":3344,"href":"https:\/\/hambapol.ee\/en\/wp-json\/wp\/v2\/pages\/1778\/revisions\/3344"}],"wp:featuredmedia":[{"embeddable":true,"href":"https:\/\/hambapol.ee\/en\/wp-json\/wp\/v2\/media\/602"}],"wp:attachment":[{"href":"https:\/\/hambapol.ee\/en\/wp-json\/wp\/v2\/media?parent=1778"}],"curies":[{"name":"wp","href":"https:\/\/api.w.org\/{rel}","templated":true}]}}