{"id":1768,"date":"2025-02-09T16:15:19","date_gmt":"2025-02-09T14:15:19","guid":{"rendered":"https:\/\/hambapol.ee\/?page_id=1768"},"modified":"2026-03-12T17:39:15","modified_gmt":"2026-03-12T15:39:15","slug":"tervisekassa","status":"publish","type":"page","link":"https:\/\/hambapol.ee\/en\/tervisekassa\/","title":{"rendered":"The Health Insurance Fund"},"content":{"rendered":"<div data-elementor-type=\"wp-page\" data-elementor-id=\"1768\" class=\"elementor elementor-1768\" data-elementor-post-type=\"page\">\n\t\t\t\t<div class=\"elementor-element elementor-element-1853dc3 e-flex e-con-boxed e-con e-parent\" data-id=\"1853dc3\" data-element_type=\"container\" data-e-type=\"container\" data-settings=\"{&quot;background_background&quot;:&quot;classic&quot;}\">\n\t\t\t\t\t<div class=\"e-con-inner\">\n\t\t\t\t<div class=\"elementor-element elementor-element-6e90d96 elementor-widget elementor-widget-heading\" data-id=\"6e90d96\" data-element_type=\"widget\" data-e-type=\"widget\" data-widget_type=\"heading.default\">\n\t\t\t\t<div class=\"elementor-widget-container\">\n\t\t\t\t\t<h1 class=\"elementor-heading-title elementor-size-default\">The Health Insurance Fund<\/h1>\t\t\t\t<\/div>\n\t\t\t\t<\/div>\n\t\t\t\t<div class=\"elementor-element elementor-element-8d135ff elementor-widget elementor-widget-heading\" data-id=\"8d135ff\" data-element_type=\"widget\" data-e-type=\"widget\" data-widget_type=\"heading.default\">\n\t\t\t\t<div class=\"elementor-widget-container\">\n\t\t\t\t\t<h2 class=\"elementor-heading-title elementor-size-default\">AS Tallinna Hambakliinik on Tervisekassa pikaajaline lepingupartner.<\/h2>\t\t\t\t<\/div>\n\t\t\t\t<\/div>\n\t\t\t\t\t<\/div>\n\t\t\t\t<\/div>\n\t\t<div class=\"elementor-element elementor-element-ec03823 e-flex e-con-boxed e-con e-parent\" data-id=\"ec03823\" data-element_type=\"container\" data-e-type=\"container\" data-settings=\"{&quot;background_background&quot;:&quot;classic&quot;}\">\n\t\t\t\t\t<div class=\"e-con-inner\">\n\t\t\t\t<div class=\"elementor-element elementor-element-47a559a elementor-widget elementor-widget-heading\" data-id=\"47a559a\" data-element_type=\"widget\" data-e-type=\"widget\" data-widget_type=\"heading.default\">\n\t\t\t\t<div class=\"elementor-widget-container\">\n\t\t\t\t\t<h3 class=\"elementor-heading-title elementor-size-default\">Cooperation with the Health Insurance Fund<\/h3>\t\t\t\t<\/div>\n\t\t\t\t<\/div>\n\t\t\t\t<div class=\"elementor-element elementor-element-9d84866 elementor-widget elementor-widget-text-editor\" data-id=\"9d84866\" data-element_type=\"widget\" data-e-type=\"widget\" data-widget_type=\"text-editor.default\">\n\t\t\t\t<div class=\"elementor-widget-container\">\n\t\t\t\t\t\t\t\t\t<p><span lang=\"ET\" xml:lang=\"ET\">Cooperation includes:<\/span><\/p><ul><li style=\"list-style-type: none;\"><ul><li><span lang=\"ET\" xml:lang=\"ET\">dental care for health insured children under 19 years of age, prevention of dental diseases and orthodontic treatment in case of more difficult diagnoses;<\/span><\/li><li><span lang=\"ET\" xml:lang=\"ET\">provision of emergency care to insured persons from 19 years of age;<\/span><\/li><li><a href=\"https:\/\/www.tervisekassa.ee\/inimesele\/hambaravi\/taiskasvanute-hambaravi\/hambaravihuvitis\"><span lang=\"ET\" xml:lang=\"ET\">dental care for adults with the Health Insurance Fund\u2019s non-monetary dental care benefit;<\/span><\/a><\/li><li><a href=\"https:\/\/www.tervisekassa.ee\/inimesele\/hambaravi\/taiskasvanute-hambaravi\/hambaproteeside-huvitis\"><span lang=\"ET\" xml:lang=\"ET\">dentures benefit for health insured pensioners and persons with partial or no capacity for work<\/span><\/a><\/li><\/ul><\/li><\/ul><p><span lang=\"ET\" xml:lang=\"ET\">The Health Insurance Fund pays the medical institution for the health services of a person insured by the Health Insurance Fund on the basis of a contract and according to the list of health services of the Health Insurance Fund, provided that the service is medically indicated for the person.<\/span><\/p><p><span lang=\"ET\" xml:lang=\"ET\">Detailed information about the dental care benefit is available on the\u00a0<a href=\"https:\/\/www.tervisekassa.ee\/inimesele\/hambaravi\">website of the Health Insurance Fund.<\/a>.<\/span><\/p>\t\t\t\t\t\t\t\t<\/div>\n\t\t\t\t<\/div>\n\t\t\t\t\t<\/div>\n\t\t\t\t<\/div>\n\t\t<div class=\"elementor-element elementor-element-983721c e-flex e-con-boxed e-con e-parent\" data-id=\"983721c\" data-element_type=\"container\" data-e-type=\"container\" data-settings=\"{&quot;background_background&quot;:&quot;classic&quot;}\">\n\t\t\t\t\t<div class=\"e-con-inner\">\n\t\t\t\t<div class=\"elementor-element elementor-element-6d16a08 elementor-widget elementor-widget-heading\" data-id=\"6d16a08\" data-element_type=\"widget\" data-e-type=\"widget\" data-widget_type=\"heading.default\">\n\t\t\t\t<div class=\"elementor-widget-container\">\n\t\t\t\t\t<h3 class=\"elementor-heading-title elementor-size-default\">Adult dental care with the Health Insurance Fund's non-financial dental care reimbursement.<\/h3>\t\t\t\t<\/div>\n\t\t\t\t<\/div>\n\t\t\t\t<div class=\"elementor-element elementor-element-cef46a7 elementor-widget elementor-widget-text-editor\" data-id=\"cef46a7\" data-element_type=\"widget\" data-e-type=\"widget\" data-widget_type=\"text-editor.default\">\n\t\t\t\t<div class=\"elementor-widget-container\">\n\t\t\t\t\t\t\t\t\t<p><span lang=\"ET\" xml:lang=\"ET\">At Tallinn Dental Clinic, health insured patients who are at least 19 years old can use a non-monetary dental care benefit for essential dental services determined by the Health Insurance Fund.<\/span><\/p><p><span lang=\"ET\" xml:lang=\"ET\">All information about the size of dental benefits for different target groups, patient co-payments, along with explanations and examples, as well as a list of essential dental services, can be found\u00a0<\/span>\u00a0<a href=\"https:\/\/www.tervisekassa.ee\/inimesele\/hambaravi\">on the website of the Health Insurance Fund.<\/a><\/p><p><a href=\"https:\/\/www.tervisekassa.ee\/inimesele\/hambaravi\/taiskasvanute-hambaravi\/hambaravihuvitis\"><span lang=\"ET\" xml:lang=\"ET\">Health Insurance Fund\u2019s dental care benefit for adults<\/span><\/a><\/p>\t\t\t\t\t\t\t\t<\/div>\n\t\t\t\t<\/div>\n\t\t\t\t\t<\/div>\n\t\t\t\t<\/div>\n\t\t<div class=\"elementor-element elementor-element-6a341e7 e-flex e-con-boxed e-con e-parent\" data-id=\"6a341e7\" data-element_type=\"container\" data-e-type=\"container\" data-settings=\"{&quot;background_background&quot;:&quot;classic&quot;}\">\n\t\t\t\t\t<div class=\"e-con-inner\">\n\t\t\t\t<div class=\"elementor-element elementor-element-3eaf9f9 elementor-widget elementor-widget-heading\" data-id=\"3eaf9f9\" data-element_type=\"widget\" data-e-type=\"widget\" data-widget_type=\"heading.default\">\n\t\t\t\t<div class=\"elementor-widget-container\">\n\t\t\t\t\t<h3 class=\"elementor-heading-title elementor-size-default\">Pay attention!<\/h3>\t\t\t\t<\/div>\n\t\t\t\t<\/div>\n\t\t\t\t<div class=\"elementor-element elementor-element-f826575 elementor-widget elementor-widget-text-editor\" data-id=\"f826575\" data-element_type=\"widget\" data-e-type=\"widget\" data-widget_type=\"text-editor.default\">\n\t\t\t\t<div class=\"elementor-widget-container\">\n\t\t\t\t\t\t\t\t\t<p><strong><span lang=\"ET\" xml:lang=\"ET\">If you wish to use the benefit, please let us know when booking the appointment and inform the dentist at the start of the appointment.<\/span><\/strong><span lang=\"ET\" xml:lang=\"ET\">At the time of payment for the service, it is not possible to deduct the Health Insurance Fund's reimbursement from the paid service, as the doctor uses a separate price list from the clinic's price list when providing services eligible for reimbursement by the Health Insurance Fund.The customer service representative cannot change an invoice prepared by the dentist.<\/span><\/p><p><strong><a href=\"https:\/\/hambapol.ee\/en\/hinnakiri\/\">An appointment fee of 5 euros applies.<\/a><\/strong><\/p>\t\t\t\t\t\t\t\t<\/div>\n\t\t\t\t<\/div>\n\t\t\t\t\t<\/div>\n\t\t\t\t<\/div>\n\t\t\t\t<\/div>","protected":false},"excerpt":{"rendered":"<p>Tervisekassa AS Tallinna Hambakliinik on Tervisekassa pikaajaline lepingupartner. Koost\u00f6\u00f6 Tervisekassaga Koost\u00f6\u00f6 h\u00f5lmab: alla 19-aastaste ravikindlustatud laste hambaravi, hambahaiguste prof\u00fclaktikat ja ortodontilist ravi raskemate diagnooside korral v\u00e4ltimatu abi osutamist v\u00e4hemalt 19-aastastele kindlustatutele t\u00e4iskasvanute hambaravi Tervisekassa mitterahalise hambaravih\u00fcvitisega hambaproteeside h\u00fcvitist ravikindlustatud pension\u00e4ridele ning osalise v\u00f5i puuduva t\u00f6\u00f6v\u00f5imega inimestele Tervisekassas kindlustatud inimese raviteenuste eest tasub Tervisekassa raviasutusele lepingu [&hellip;]<\/p>\n","protected":false},"author":1,"featured_media":602,"parent":0,"menu_order":0,"comment_status":"closed","ping_status":"closed","template":"","meta":{"_acf_changed":false,"site-sidebar-layout":"no-sidebar","site-content-layout":"","ast-site-content-layout":"full-width-container","site-content-style":"default","site-sidebar-style":"default","ast-global-header-display":"","ast-banner-title-visibility":"","ast-main-header-display":"","ast-hfb-above-header-display":"","ast-hfb-below-header-display":"","ast-hfb-mobile-header-display":"","site-post-title":"disabled","ast-breadcrumbs-content":"","ast-featured-img":"disabled","footer-sml-layout":"","ast-disable-related-posts":"","theme-transparent-header-meta":"","adv-header-id-meta":"","stick-header-meta":"","header-above-stick-meta":"","header-main-stick-meta":"","header-below-stick-meta":"","astra-migrate-meta-layouts":"default","ast-page-background-enabled":"default","ast-page-background-meta":{"desktop":{"background-color":"var(--ast-global-color-5)","background-image":"","background-repeat":"repeat","background-position":"center center","background-size":"auto","background-attachment":"scroll","background-type":"","background-media":"","overlay-type":"","overlay-color":"","overlay-opacity":"","overlay-gradient":""},"tablet":{"background-color":"","background-image":"","background-repeat":"repeat","background-position":"center center","background-size":"auto","background-attachment":"scroll","background-type":"","background-media":"","overlay-type":"","overlay-color":"","overlay-opacity":"","overlay-gradient":""},"mobile":{"background-color":"","background-image":"","background-repeat":"repeat","background-position":"center center","background-size":"auto","background-attachment":"scroll","background-type":"","background-media":"","overlay-type":"","overlay-color":"","overlay-opacity":"","overlay-gradient":""}},"ast-content-background-meta":{"desktop":{"background-color":"var(--ast-global-color-4)","background-image":"","background-repeat":"repeat","background-position":"center center","background-size":"auto","background-attachment":"scroll","background-type":"","background-media":"","overlay-type":"","overlay-color":"","overlay-opacity":"","overlay-gradient":""},"tablet":{"background-color":"var(--ast-global-color-4)","background-image":"","background-repeat":"repeat","background-position":"center center","background-size":"auto","background-attachment":"scroll","background-type":"","background-media":"","overlay-type":"","overlay-color":"","overlay-opacity":"","overlay-gradient":""},"mobile":{"background-color":"var(--ast-global-color-4)","background-image":"","background-repeat":"repeat","background-position":"center center","background-size":"auto","background-attachment":"scroll","background-type":"","background-media":"","overlay-type":"","overlay-color":"","overlay-opacity":"","overlay-gradient":""}},"footnotes":""},"class_list":["post-1768","page","type-page","status-publish","has-post-thumbnail","hentry"],"acf":[],"yoast_head":"<!-- This site is optimized with the Yoast SEO plugin v27.4 - https:\/\/yoast.com\/product\/yoast-seo-wordpress\/ -->\n<title>- Tallinna Hambakliinik<\/title>\n<meta name=\"description\" content=\"Tervisekassa AS Tallinna Hambakliinik on Tervisekassa pikaajaline lepingupartner. Koost\u00f6\u00f6 Tervisekassaga Koost\u00f6\u00f6 h\u00f5lmab:alla 19-aastaste ravikindlustatud\" \/>\n<meta name=\"robots\" content=\"index, follow, max-snippet:-1, max-image-preview:large, max-video-preview:-1\" \/>\n<link rel=\"canonical\" href=\"https:\/\/hambapol.ee\/en\/tervisekassa\/\" \/>\n<meta property=\"og:locale\" content=\"en_GB\" \/>\n<meta property=\"og:type\" content=\"article\" \/>\n<meta property=\"og:title\" content=\"- Tallinna Hambakliinik\" \/>\n<meta property=\"og:description\" content=\"Tervisekassa AS Tallinna Hambakliinik on Tervisekassa pikaajaline lepingupartner. Koost\u00f6\u00f6 Tervisekassaga Koost\u00f6\u00f6 h\u00f5lmab:alla 19-aastaste ravikindlustatud\" \/>\n<meta property=\"og:url\" content=\"https:\/\/hambapol.ee\/en\/tervisekassa\/\" \/>\n<meta property=\"og:site_name\" content=\"Tallinna Hambakliinik\" \/>\n<meta property=\"article:publisher\" content=\"https:\/\/www.facebook.com\/TallinnaHambakliinik\/\" \/>\n<meta property=\"article:modified_time\" content=\"2026-03-12T15:39:15+00:00\" \/>\n<meta property=\"og:image\" content=\"https:\/\/hambapol.ee\/wp-content\/uploads\/2025\/01\/Tallinna-Hambakliiniku-teenused.jpg\" \/>\n\t<meta property=\"og:image:width\" content=\"809\" \/>\n\t<meta property=\"og:image:height\" content=\"607\" \/>\n\t<meta property=\"og:image:type\" content=\"image\/jpeg\" \/>\n<meta name=\"twitter:card\" content=\"summary_large_image\" \/>\n<meta name=\"twitter:label1\" content=\"Estimated reading time\" \/>\n\t<meta name=\"twitter:data1\" content=\"1 minute\" \/>\n<script type=\"application\/ld+json\" class=\"yoast-schema-graph\">{\"@context\":\"https:\\\/\\\/schema.org\",\"@graph\":[{\"@type\":\"WebPage\",\"@id\":\"https:\\\/\\\/hambapol.ee\\\/et\\\/tervisekassa\\\/\",\"url\":\"https:\\\/\\\/hambapol.ee\\\/et\\\/tervisekassa\\\/\",\"name\":\"- Tallinna Hambakliinik\",\"isPartOf\":{\"@id\":\"https:\\\/\\\/hambapol.ee\\\/#website\"},\"primaryImageOfPage\":{\"@id\":\"https:\\\/\\\/hambapol.ee\\\/et\\\/tervisekassa\\\/#primaryimage\"},\"image\":{\"@id\":\"https:\\\/\\\/hambapol.ee\\\/et\\\/tervisekassa\\\/#primaryimage\"},\"thumbnailUrl\":\"https:\\\/\\\/hambapol.ee\\\/wp-content\\\/uploads\\\/2025\\\/01\\\/Tallinna-Hambakliiniku-teenused.jpg\",\"datePublished\":\"2025-02-09T14:15:19+00:00\",\"dateModified\":\"2026-03-12T15:39:15+00:00\",\"description\":\"Tervisekassa AS Tallinna Hambakliinik on Tervisekassa pikaajaline lepingupartner. Koost\u00f6\u00f6 Tervisekassaga Koost\u00f6\u00f6 h\u00f5lmab:alla 19-aastaste ravikindlustatud\",\"breadcrumb\":{\"@id\":\"https:\\\/\\\/hambapol.ee\\\/et\\\/tervisekassa\\\/#breadcrumb\"},\"inLanguage\":\"en-GB\",\"potentialAction\":[{\"@type\":\"ReadAction\",\"target\":[\"https:\\\/\\\/hambapol.ee\\\/et\\\/tervisekassa\\\/\"]}]},{\"@type\":\"ImageObject\",\"inLanguage\":\"en-GB\",\"@id\":\"https:\\\/\\\/hambapol.ee\\\/et\\\/tervisekassa\\\/#primaryimage\",\"url\":\"https:\\\/\\\/hambapol.ee\\\/wp-content\\\/uploads\\\/2025\\\/01\\\/Tallinna-Hambakliiniku-teenused.jpg\",\"contentUrl\":\"https:\\\/\\\/hambapol.ee\\\/wp-content\\\/uploads\\\/2025\\\/01\\\/Tallinna-Hambakliiniku-teenused.jpg\",\"width\":809,\"height\":607,\"caption\":\"Tallinna Hambakliinik Hambaravi Tallinna kesklinnas esmaabi\"},{\"@type\":\"BreadcrumbList\",\"@id\":\"https:\\\/\\\/hambapol.ee\\\/et\\\/tervisekassa\\\/#breadcrumb\",\"itemListElement\":[{\"@type\":\"ListItem\",\"position\":1,\"name\":\"Home\",\"item\":\"https:\\\/\\\/hambapol.ee\\\/\"},{\"@type\":\"ListItem\",\"position\":2,\"name\":\"Tervisekassa\"}]},{\"@type\":\"WebSite\",\"@id\":\"https:\\\/\\\/hambapol.ee\\\/#website\",\"url\":\"https:\\\/\\\/hambapol.ee\\\/\",\"name\":\"Tallinna Hambakliinik\",\"description\":\"Enesekindel naeratus\",\"publisher\":{\"@id\":\"https:\\\/\\\/hambapol.ee\\\/#organization\"},\"alternateName\":\"THK\",\"potentialAction\":[{\"@type\":\"SearchAction\",\"target\":{\"@type\":\"EntryPoint\",\"urlTemplate\":\"https:\\\/\\\/hambapol.ee\\\/?s={search_term_string}\"},\"query-input\":{\"@type\":\"PropertyValueSpecification\",\"valueRequired\":true,\"valueName\":\"search_term_string\"}}],\"inLanguage\":\"en-GB\"},{\"@type\":\"Organization\",\"@id\":\"https:\\\/\\\/hambapol.ee\\\/#organization\",\"name\":\"SA Tallinna Hambakliinik\",\"url\":\"https:\\\/\\\/hambapol.ee\\\/\",\"logo\":{\"@type\":\"ImageObject\",\"inLanguage\":\"en-GB\",\"@id\":\"https:\\\/\\\/hambapol.ee\\\/#\\\/schema\\\/logo\\\/image\\\/\",\"url\":\"https:\\\/\\\/hambapol.ee\\\/wp-content\\\/uploads\\\/2025\\\/01\\\/thk-logo-anno-taustata-e1737668889173.png\",\"contentUrl\":\"https:\\\/\\\/hambapol.ee\\\/wp-content\\\/uploads\\\/2025\\\/01\\\/thk-logo-anno-taustata-e1737668889173.png\",\"width\":250,\"height\":254,\"caption\":\"SA Tallinna Hambakliinik\"},\"image\":{\"@id\":\"https:\\\/\\\/hambapol.ee\\\/#\\\/schema\\\/logo\\\/image\\\/\"},\"sameAs\":[\"https:\\\/\\\/www.facebook.com\\\/TallinnaHambakliinik\\\/\"]}]}<\/script>\n<!-- \/ Yoast SEO plugin. -->","yoast_head_json":{"title":"- Tallinna Hambakliinik","description":"Tervisekassa AS Tallinna Hambakliinik on Tervisekassa pikaajaline lepingupartner. Koost\u00f6\u00f6 Tervisekassaga Koost\u00f6\u00f6 h\u00f5lmab:alla 19-aastaste ravikindlustatud","robots":{"index":"index","follow":"follow","max-snippet":"max-snippet:-1","max-image-preview":"max-image-preview:large","max-video-preview":"max-video-preview:-1"},"canonical":"https:\/\/hambapol.ee\/en\/tervisekassa\/","og_locale":"en_GB","og_type":"article","og_title":"- Tallinna Hambakliinik","og_description":"Tervisekassa AS Tallinna Hambakliinik on Tervisekassa pikaajaline lepingupartner. Koost\u00f6\u00f6 Tervisekassaga Koost\u00f6\u00f6 h\u00f5lmab:alla 19-aastaste ravikindlustatud","og_url":"https:\/\/hambapol.ee\/en\/tervisekassa\/","og_site_name":"Tallinna Hambakliinik","article_publisher":"https:\/\/www.facebook.com\/TallinnaHambakliinik\/","article_modified_time":"2026-03-12T15:39:15+00:00","og_image":[{"width":809,"height":607,"url":"https:\/\/hambapol.ee\/wp-content\/uploads\/2025\/01\/Tallinna-Hambakliiniku-teenused.jpg","type":"image\/jpeg"}],"twitter_card":"summary_large_image","twitter_misc":{"Estimated reading time":"1 minute"},"schema":{"@context":"https:\/\/schema.org","@graph":[{"@type":"WebPage","@id":"https:\/\/hambapol.ee\/et\/tervisekassa\/","url":"https:\/\/hambapol.ee\/et\/tervisekassa\/","name":"- Tallinna Hambakliinik","isPartOf":{"@id":"https:\/\/hambapol.ee\/#website"},"primaryImageOfPage":{"@id":"https:\/\/hambapol.ee\/et\/tervisekassa\/#primaryimage"},"image":{"@id":"https:\/\/hambapol.ee\/et\/tervisekassa\/#primaryimage"},"thumbnailUrl":"https:\/\/hambapol.ee\/wp-content\/uploads\/2025\/01\/Tallinna-Hambakliiniku-teenused.jpg","datePublished":"2025-02-09T14:15:19+00:00","dateModified":"2026-03-12T15:39:15+00:00","description":"Tervisekassa AS Tallinna Hambakliinik on Tervisekassa pikaajaline lepingupartner. Koost\u00f6\u00f6 Tervisekassaga Koost\u00f6\u00f6 h\u00f5lmab:alla 19-aastaste ravikindlustatud","breadcrumb":{"@id":"https:\/\/hambapol.ee\/et\/tervisekassa\/#breadcrumb"},"inLanguage":"en-GB","potentialAction":[{"@type":"ReadAction","target":["https:\/\/hambapol.ee\/et\/tervisekassa\/"]}]},{"@type":"ImageObject","inLanguage":"en-GB","@id":"https:\/\/hambapol.ee\/et\/tervisekassa\/#primaryimage","url":"https:\/\/hambapol.ee\/wp-content\/uploads\/2025\/01\/Tallinna-Hambakliiniku-teenused.jpg","contentUrl":"https:\/\/hambapol.ee\/wp-content\/uploads\/2025\/01\/Tallinna-Hambakliiniku-teenused.jpg","width":809,"height":607,"caption":"Tallinna Hambakliinik Hambaravi Tallinna kesklinnas esmaabi"},{"@type":"BreadcrumbList","@id":"https:\/\/hambapol.ee\/et\/tervisekassa\/#breadcrumb","itemListElement":[{"@type":"ListItem","position":1,"name":"Home","item":"https:\/\/hambapol.ee\/"},{"@type":"ListItem","position":2,"name":"Tervisekassa"}]},{"@type":"WebSite","@id":"https:\/\/hambapol.ee\/#website","url":"https:\/\/hambapol.ee\/","name":"Tallinna Hambakliinik","description":"Enesekindel naeratus","publisher":{"@id":"https:\/\/hambapol.ee\/#organization"},"alternateName":"THK","potentialAction":[{"@type":"SearchAction","target":{"@type":"EntryPoint","urlTemplate":"https:\/\/hambapol.ee\/?s={search_term_string}"},"query-input":{"@type":"PropertyValueSpecification","valueRequired":true,"valueName":"search_term_string"}}],"inLanguage":"en-GB"},{"@type":"Organization","@id":"https:\/\/hambapol.ee\/#organization","name":"SA Tallinna Hambakliinik","url":"https:\/\/hambapol.ee\/","logo":{"@type":"ImageObject","inLanguage":"en-GB","@id":"https:\/\/hambapol.ee\/#\/schema\/logo\/image\/","url":"https:\/\/hambapol.ee\/wp-content\/uploads\/2025\/01\/thk-logo-anno-taustata-e1737668889173.png","contentUrl":"https:\/\/hambapol.ee\/wp-content\/uploads\/2025\/01\/thk-logo-anno-taustata-e1737668889173.png","width":250,"height":254,"caption":"SA Tallinna Hambakliinik"},"image":{"@id":"https:\/\/hambapol.ee\/#\/schema\/logo\/image\/"},"sameAs":["https:\/\/www.facebook.com\/TallinnaHambakliinik\/"]}]}},"_links":{"self":[{"href":"https:\/\/hambapol.ee\/en\/wp-json\/wp\/v2\/pages\/1768","targetHints":{"allow":["GET"]}}],"collection":[{"href":"https:\/\/hambapol.ee\/en\/wp-json\/wp\/v2\/pages"}],"about":[{"href":"https:\/\/hambapol.ee\/en\/wp-json\/wp\/v2\/types\/page"}],"author":[{"embeddable":true,"href":"https:\/\/hambapol.ee\/en\/wp-json\/wp\/v2\/users\/1"}],"replies":[{"embeddable":true,"href":"https:\/\/hambapol.ee\/en\/wp-json\/wp\/v2\/comments?post=1768"}],"version-history":[{"count":10,"href":"https:\/\/hambapol.ee\/en\/wp-json\/wp\/v2\/pages\/1768\/revisions"}],"predecessor-version":[{"id":3322,"href":"https:\/\/hambapol.ee\/en\/wp-json\/wp\/v2\/pages\/1768\/revisions\/3322"}],"wp:featuredmedia":[{"embeddable":true,"href":"https:\/\/hambapol.ee\/en\/wp-json\/wp\/v2\/media\/602"}],"wp:attachment":[{"href":"https:\/\/hambapol.ee\/en\/wp-json\/wp\/v2\/media?parent=1768"}],"curies":[{"name":"wp","href":"https:\/\/api.w.org\/{rel}","templated":true}]}}