{"id":1756,"date":"2025-02-09T16:07:34","date_gmt":"2025-02-09T14:07:34","guid":{"rendered":"https:\/\/hambapol.ee\/?page_id=1756"},"modified":"2026-03-13T15:04:20","modified_gmt":"2026-03-13T13:04:20","slug":"ravijarjekorra-pidamise-reeglid","status":"publish","type":"page","link":"https:\/\/hambapol.ee\/en\/ravijarjekorra-pidamise-reeglid\/","title":{"rendered":"Rules for maintaining a waiting list"},"content":{"rendered":"<div data-elementor-type=\"wp-page\" data-elementor-id=\"1756\" class=\"elementor elementor-1756\" data-elementor-post-type=\"page\">\n\t\t\t\t<div class=\"elementor-element elementor-element-73185b8 e-flex e-con-boxed e-con e-parent\" data-id=\"73185b8\" data-element_type=\"container\" data-e-type=\"container\" data-settings=\"{&quot;background_background&quot;:&quot;classic&quot;}\">\n\t\t\t\t\t<div class=\"e-con-inner\">\n\t\t\t\t<div class=\"elementor-element elementor-element-bd4ba72 elementor-widget elementor-widget-heading\" data-id=\"bd4ba72\" data-element_type=\"widget\" data-e-type=\"widget\" data-widget_type=\"heading.default\">\n\t\t\t\t<div class=\"elementor-widget-container\">\n\t\t\t\t\t<h1 class=\"elementor-heading-title elementor-size-default\">Rules for maintaining a waiting list<\/h1>\t\t\t\t<\/div>\n\t\t\t\t<\/div>\n\t\t\t\t\t<\/div>\n\t\t\t\t<\/div>\n\t\t<div class=\"elementor-element elementor-element-6499a15 e-con-full e-flex e-con e-parent\" data-id=\"6499a15\" data-element_type=\"container\" data-e-type=\"container\" data-settings=\"{&quot;background_background&quot;:&quot;classic&quot;}\">\n\t\t\t\t<div class=\"elementor-element elementor-element-a90eb57 elementor-widget elementor-widget-text-editor\" data-id=\"a90eb57\" data-element_type=\"widget\" data-e-type=\"widget\" data-widget_type=\"text-editor.default\">\n\t\t\t\t<div class=\"elementor-widget-container\">\n\t\t\t\t\t\t\t\t\t<p><strong>AS TALLINNA HAMBAKLIINK RAVIJ\u00c4RJEKORRA PIDAMISE KORD <\/strong><\/p><p><strong>1.<\/strong> Aktsiaseltsi Tallinna Hambakliinik ravij\u00e4rjekorra pidamise kord kehtestab reeglid hambaraviteenuste k\u00e4ttesaadavusele ja ravij\u00e4rjekorra pidamisele koosk\u00f5las tervishoiuteenuste korraldamise seadusega, sotsiaalministri kehtestatud n\u00f5uetega tervishoiuteenuste k\u00e4ttesaadavuse ja ravij\u00e4rjekorra pidamise kohta ning Tervisekassaga s\u00f5lmitud ravi rahastamise lepinguga.<\/p><p><strong>2.<\/strong> AS Tallinna Hambakliinik peab ravij\u00e4rjekorda, s.o raviteenuse saamist ootavate isikute j\u00e4rjekord, elektrooniliselt.<\/p><p><strong>3.<\/strong>\u00a0 A customer service representative, a physician or an employee with access rights registers the patient in the information system.<\/p><p><strong>4.<\/strong> Patients are registered in the waiting list based on their requests on site and over the phone during the clinic\u2019s opening hours.<br \/><strong>4.1<\/strong> Lisaks on patsiendil v\u00f5imalik aegu broneerida ka elektrooniliste kanalite kaudu. E-posti v\u00f5i kodulehe iseteeninduse broneeringu taotluse vormi kaudu.<\/p><p><strong>5.<\/strong> When a patient registers for a visit, they are informed of the date and time of the appointment and the name of the physician. Where necessary, the location of the clinic and the customer service phone number are included.<\/p><p><strong>6.<\/strong> In order to provide scheduled dental services, the patient is registered at the first available appointment that is suitable for them.<\/p><p><strong>7.<\/strong> Tervisekassa poolt rahastatavat tervishoiuteenust osutatakse alla 19-aastastele kindlustatud isikutele plaanilise ravij\u00e4rjekorra alusel, v\u00f5ttes arvesse perioodiks kokkulepitud tervisekassa ravijuhtude arvu ja rahaliste vahendite mahu.<\/p><p><strong>8.<\/strong> Tervisekassa n\u00f5ukogu otsusega kinnitatud alla 19-aastaste kindlustatud isikute plaanilise hambaravi ravij\u00e4rjekorra lubatud maksimumpikkused on:<\/p><ul><li>kroonilise pulpiidi korral 1 n\u00e4dal;<\/li><li>lihtkaariese ja kroonilise periodontiidi korral 2 kuud<\/li><li>ortodontiliste teenuste korral 9 kuud.<\/li><\/ul><p><strong>9.<\/strong> Hambaravi esmaabi (sh v\u00e4ltimatu abi) osutatakse kliiniku lahtioleku aegadel.<br \/><strong>9.1<\/strong> In case of pain or any other problem requiring urgent intervention, the patient is registered for an appointment of first aid immediately or as soon as possible, but no later than within 24 hours.<br \/><strong>9.2<\/strong> N\u00e4dalavahetustel ja riiklikel p\u00fchadel osutatakse hambaravi esmaabiteenust saabunud patsientide j\u00e4rjekorra alusel, erandjuhtudel reageeritakse vastavalt vajadusele.<\/p><p><strong>10.<\/strong> Plaanilise ravi j\u00e4rjekorra pidamise kord ortodontilise teenuse korral toimub \u00fcksnes hambaarsti saatekirja alusel, mille v\u00e4ljastab kliinikusse suunav hambaarst.<\/p><p><strong>11.<\/strong> Kliiniku patsientidele v\u00e4ljastavad ortodontilise teenuse osutamiseks saatekirja kliiniku eraldi v\u00e4lja\u00f5pet saanud hambaarstid, kes viivad l\u00e4bi lisaks l\u00e4bivaatusele ka vajalikud diagnostilised uuringud, mille tulemused on k\u00e4ttesaadavad kliiniku ortodontidele.<\/p><p><strong>12.<\/strong> Teistest kliinikutest suunatud patsientide korral on ravij\u00e4rjekorda registreerimise eelduseks digitaalse saatekirja ja diagnostiliste uuringute tulemuste olemasolu.<\/p><p><strong>13.<\/strong> Ravij\u00e4rjekorra registreerimiseks peab saatekiri sisaldama j\u00e4rgmisi andmed:<\/p><ul><li style=\"list-style-type: none;\"><ul><li>patsiendi nimi;<\/li><li>isikukood;<\/li><li>informatsioon suu hetkeolukorra kohta;<\/li><li>kinnitus suu\u00f5\u00f5ne saneerituse kohta;<\/li><li>oletatav diagnoos;<\/li><li>suunava arsti nimi;<\/li><li>kroonilised ja akuutsed haigused, traumad, ravimid.<\/li><\/ul><\/li><\/ul><p>In addition to the referral, the following examination results must be available digitally:<\/p><ul><li>patsiendi panoraam\u00fclesv\u00f5te;<\/li><li>frontvaade minimaalselt avatud suuga, kus on n\u00e4ha esihammaste intsisaalseid servasid;<\/li><li>lateraalne foto paremalt;<\/li><li>lateraalne foto vasakult;<\/li><li>foto peegliga \u00fclakaarest;<\/li><li>foto peegliga alakaarest.<\/li><\/ul><p>Kolm suu-v\u00e4list fotot:<\/p><ul><li>otsevaade;<\/li><li>otsevaade naeratusega;<\/li><li>foto n\u00e4oprofiilist, kus on n\u00e4ha ka patsiendi r\u00fcht.<\/li><\/ul><p><strong>14.<\/strong> Kui oletatav diagnoos kuulub Tervisekassa kodulehel v\u00e4lja toodud tasustavate diagnooside hulka, siis registreeritakse patsient ortodontilise teenuse ravij\u00e4rjekorda.<\/p><p><strong>15.<\/strong> When registering a patient in the waiting list, the following information is entered in the information system regarding the patient:<\/p><ul><li style=\"list-style-type: none;\"><ul><li>ees- ja perekonnanimi;<\/li><li>isikukood v\u00f5i selle puudumisel s\u00fcnniaeg;<\/li><li>kontaktandmed;<\/li><li>vajadusel lisam\u00e4rkused ja kommentaarid.<\/li><\/ul><\/li><\/ul><p><strong>16<\/strong>. Ravij\u00e4rjekorras tohib muudatusi teha vaid koosk\u00f5lastatult patsiendiga. Tehtud muudatuste logiandmed j\u00e4\u00e4dvustab infos\u00fcsteem automaatselt.<\/p><p><strong>17.<\/strong> Patsient, kes on t\u00fchistanud oma soovi tulla vastuv\u00f5tule kustutatakse ravij\u00e4rjekorrast.<\/p><p><strong>18.<\/strong> Kui ravij\u00e4rjekord muutub arsti ootamatu \u00e4raoleku t\u00f5ttu visiidip\u00e4eval, helistatakse patsiendile esimesel v\u00f5imalusel v\u00f5i saadetakse SMS.<br \/><strong>18.1<\/strong> Kui ravij\u00e4rjekord muutub vastuv\u00f5tuaegade (arsti graafik) muutumisel v\u00f5i muul p\u00f5hjusel, teavitab kliinik patsienti esimesel v\u00f5imalusel.<\/p>\t\t\t\t\t\t\t\t<\/div>\n\t\t\t\t<\/div>\n\t\t\t\t<\/div>\n\t\t\t\t<\/div>","protected":false},"excerpt":{"rendered":"<p>Ravij\u00e4rjekorra pidamise reeglid AS TALLINNA HAMBAKLIINK RAVIJ\u00c4RJEKORRA PIDAMISE KORD 1. Aktsiaseltsi Tallinna Hambakliinik ravij\u00e4rjekorra pidamise kord kehtestab reeglid hambaraviteenuste k\u00e4ttesaadavusele ja ravij\u00e4rjekorra pidamisele koosk\u00f5las tervishoiuteenuste korraldamise seadusega, sotsiaalministri kehtestatud n\u00f5uetega tervishoiuteenuste k\u00e4ttesaadavuse ja ravij\u00e4rjekorra pidamise kohta ning Tervisekassaga s\u00f5lmitud ravi rahastamise lepinguga. 2. AS Tallinna Hambakliinik peab ravij\u00e4rjekorda, s.o raviteenuse saamist ootavate isikute j\u00e4rjekord, elektrooniliselt. [&hellip;]<\/p>\n","protected":false},"author":1,"featured_media":615,"parent":0,"menu_order":0,"comment_status":"closed","ping_status":"closed","template":"","meta":{"_acf_changed":false,"site-sidebar-layout":"no-sidebar","site-content-layout":"","ast-site-content-layout":"full-width-container","site-content-style":"default","site-sidebar-style":"default","ast-global-header-display":"","ast-banner-title-visibility":"","ast-main-header-display":"","ast-hfb-above-header-display":"","ast-hfb-below-header-display":"","ast-hfb-mobile-header-display":"","site-post-title":"disabled","ast-breadcrumbs-content":"","ast-featured-img":"disabled","footer-sml-layout":"","ast-disable-related-posts":"","theme-transparent-header-meta":"","adv-header-id-meta":"","stick-header-meta":"","header-above-stick-meta":"","header-main-stick-meta":"","header-below-stick-meta":"","astra-migrate-meta-layouts":"default","ast-page-background-enabled":"default","ast-page-background-meta":{"desktop":{"background-color":"var(--ast-global-color-5)","background-image":"","background-repeat":"repeat","background-position":"center center","background-size":"auto","background-attachment":"scroll","background-type":"","background-media":"","overlay-type":"","overlay-color":"","overlay-opacity":"","overlay-gradient":""},"tablet":{"background-color":"","background-image":"","background-repeat":"repeat","background-position":"center center","background-size":"auto","background-attachment":"scroll","background-type":"","background-media":"","overlay-type":"","overlay-color":"","overlay-opacity":"","overlay-gradient":""},"mobile":{"background-color":"","background-image":"","background-repeat":"repeat","background-position":"center center","background-size":"auto","background-attachment":"scroll","background-type":"","background-media":"","overlay-type":"","overlay-color":"","overlay-opacity":"","overlay-gradient":""}},"ast-content-background-meta":{"desktop":{"background-color":"var(--ast-global-color-4)","background-image":"","background-repeat":"repeat","background-position":"center center","background-size":"auto","background-attachment":"scroll","background-type":"","background-media":"","overlay-type":"","overlay-color":"","overlay-opacity":"","overlay-gradient":""},"tablet":{"background-color":"var(--ast-global-color-4)","background-image":"","background-repeat":"repeat","background-position":"center center","background-size":"auto","background-attachment":"scroll","background-type":"","background-media":"","overlay-type":"","overlay-color":"","overlay-opacity":"","overlay-gradient":""},"mobile":{"background-color":"var(--ast-global-color-4)","background-image":"","background-repeat":"repeat","background-position":"center center","background-size":"auto","background-attachment":"scroll","background-type":"","background-media":"","overlay-type":"","overlay-color":"","overlay-opacity":"","overlay-gradient":""}},"footnotes":""},"class_list":["post-1756","page","type-page","status-publish","has-post-thumbnail","hentry"],"acf":[],"yoast_head":"<!-- This site is optimized with the Yoast SEO plugin v27.3 - https:\/\/yoast.com\/product\/yoast-seo-wordpress\/ -->\n<title>- Tallinna Hambakliinik<\/title>\n<meta name=\"description\" content=\"Ravij\u00e4rjekorra pidamise reeglid AS TALLINNA HAMBAKLIINK RAVIJ\u00c4RJEKORRA PIDAMISE KORD 1. Aktsiaseltsi Tallinna Hambakliinik ravij\u00e4rjekorra pidamise kord\" \/>\n<meta name=\"robots\" content=\"index, follow, max-snippet:-1, max-image-preview:large, max-video-preview:-1\" \/>\n<link rel=\"canonical\" href=\"https:\/\/hambapol.ee\/en\/ravijarjekorra-pidamise-reeglid\/\" \/>\n<meta property=\"og:locale\" content=\"en_GB\" \/>\n<meta property=\"og:type\" content=\"article\" \/>\n<meta property=\"og:title\" content=\"- Tallinna Hambakliinik\" \/>\n<meta property=\"og:description\" content=\"Ravij\u00e4rjekorra pidamise reeglid AS TALLINNA HAMBAKLIINK RAVIJ\u00c4RJEKORRA PIDAMISE KORD 1. Aktsiaseltsi Tallinna Hambakliinik ravij\u00e4rjekorra pidamise kord\" \/>\n<meta property=\"og:url\" content=\"https:\/\/hambapol.ee\/en\/ravijarjekorra-pidamise-reeglid\/\" \/>\n<meta property=\"og:site_name\" content=\"Tallinna Hambakliinik\" \/>\n<meta property=\"article:publisher\" content=\"https:\/\/www.facebook.com\/TallinnaHambakliinik\/\" \/>\n<meta property=\"article:modified_time\" content=\"2026-03-13T13:04:20+00:00\" \/>\n<meta property=\"og:image\" content=\"https:\/\/hambapol.ee\/wp-content\/uploads\/2025\/01\/Tallinna-Hambakliinik-pakub-kvaliteetset-hambaravi-Tallinnas-2.jpg\" \/>\n\t<meta property=\"og:image:width\" content=\"1202\" \/>\n\t<meta property=\"og:image:height\" content=\"676\" \/>\n\t<meta property=\"og:image:type\" content=\"image\/jpeg\" \/>\n<meta name=\"twitter:card\" content=\"summary_large_image\" \/>\n<meta name=\"twitter:label1\" content=\"Estimated reading time\" \/>\n\t<meta name=\"twitter:data1\" content=\"3 minutes\" \/>\n<script type=\"application\/ld+json\" class=\"yoast-schema-graph\">{\"@context\":\"https:\\\/\\\/schema.org\",\"@graph\":[{\"@type\":\"WebPage\",\"@id\":\"https:\\\/\\\/hambapol.ee\\\/ravijarjekorra-pidamise-reeglid\\\/\",\"url\":\"https:\\\/\\\/hambapol.ee\\\/ravijarjekorra-pidamise-reeglid\\\/\",\"name\":\"- Tallinna Hambakliinik\",\"isPartOf\":{\"@id\":\"https:\\\/\\\/hambapol.ee\\\/#website\"},\"primaryImageOfPage\":{\"@id\":\"https:\\\/\\\/hambapol.ee\\\/ravijarjekorra-pidamise-reeglid\\\/#primaryimage\"},\"image\":{\"@id\":\"https:\\\/\\\/hambapol.ee\\\/ravijarjekorra-pidamise-reeglid\\\/#primaryimage\"},\"thumbnailUrl\":\"https:\\\/\\\/hambapol.ee\\\/wp-content\\\/uploads\\\/2025\\\/01\\\/Tallinna-Hambakliinik-pakub-kvaliteetset-hambaravi-Tallinnas-2.jpg\",\"datePublished\":\"2025-02-09T14:07:34+00:00\",\"dateModified\":\"2026-03-13T13:04:20+00:00\",\"description\":\"Ravij\u00e4rjekorra pidamise reeglid AS TALLINNA HAMBAKLIINK RAVIJ\u00c4RJEKORRA PIDAMISE KORD 1. Aktsiaseltsi Tallinna Hambakliinik ravij\u00e4rjekorra pidamise kord\",\"breadcrumb\":{\"@id\":\"https:\\\/\\\/hambapol.ee\\\/ravijarjekorra-pidamise-reeglid\\\/#breadcrumb\"},\"inLanguage\":\"en-GB\",\"potentialAction\":[{\"@type\":\"ReadAction\",\"target\":[\"https:\\\/\\\/hambapol.ee\\\/ravijarjekorra-pidamise-reeglid\\\/\"]}]},{\"@type\":\"ImageObject\",\"inLanguage\":\"en-GB\",\"@id\":\"https:\\\/\\\/hambapol.ee\\\/ravijarjekorra-pidamise-reeglid\\\/#primaryimage\",\"url\":\"https:\\\/\\\/hambapol.ee\\\/wp-content\\\/uploads\\\/2025\\\/01\\\/Tallinna-Hambakliinik-pakub-kvaliteetset-hambaravi-Tallinnas-2.jpg\",\"contentUrl\":\"https:\\\/\\\/hambapol.ee\\\/wp-content\\\/uploads\\\/2025\\\/01\\\/Tallinna-Hambakliinik-pakub-kvaliteetset-hambaravi-Tallinnas-2.jpg\",\"width\":1202,\"height\":676,\"caption\":\"Tallinna Hambakliinik pakub kvaliteetset hambaravi Tallinnas\"},{\"@type\":\"BreadcrumbList\",\"@id\":\"https:\\\/\\\/hambapol.ee\\\/ravijarjekorra-pidamise-reeglid\\\/#breadcrumb\",\"itemListElement\":[{\"@type\":\"ListItem\",\"position\":1,\"name\":\"Home\",\"item\":\"https:\\\/\\\/hambapol.ee\\\/\"},{\"@type\":\"ListItem\",\"position\":2,\"name\":\"Ravij\u00e4rjekorra pidamise reeglid\"}]},{\"@type\":\"WebSite\",\"@id\":\"https:\\\/\\\/hambapol.ee\\\/#website\",\"url\":\"https:\\\/\\\/hambapol.ee\\\/\",\"name\":\"Tallinna Hambakliinik\",\"description\":\"Enesekindel naeratus\",\"publisher\":{\"@id\":\"https:\\\/\\\/hambapol.ee\\\/#organization\"},\"alternateName\":\"THK\",\"potentialAction\":[{\"@type\":\"SearchAction\",\"target\":{\"@type\":\"EntryPoint\",\"urlTemplate\":\"https:\\\/\\\/hambapol.ee\\\/?s={search_term_string}\"},\"query-input\":{\"@type\":\"PropertyValueSpecification\",\"valueRequired\":true,\"valueName\":\"search_term_string\"}}],\"inLanguage\":\"en-GB\"},{\"@type\":\"Organization\",\"@id\":\"https:\\\/\\\/hambapol.ee\\\/#organization\",\"name\":\"SA Tallinna Hambakliinik\",\"url\":\"https:\\\/\\\/hambapol.ee\\\/\",\"logo\":{\"@type\":\"ImageObject\",\"inLanguage\":\"en-GB\",\"@id\":\"https:\\\/\\\/hambapol.ee\\\/#\\\/schema\\\/logo\\\/image\\\/\",\"url\":\"https:\\\/\\\/hambapol.ee\\\/wp-content\\\/uploads\\\/2025\\\/01\\\/thk-logo-anno-taustata-e1737668889173.png\",\"contentUrl\":\"https:\\\/\\\/hambapol.ee\\\/wp-content\\\/uploads\\\/2025\\\/01\\\/thk-logo-anno-taustata-e1737668889173.png\",\"width\":250,\"height\":254,\"caption\":\"SA Tallinna Hambakliinik\"},\"image\":{\"@id\":\"https:\\\/\\\/hambapol.ee\\\/#\\\/schema\\\/logo\\\/image\\\/\"},\"sameAs\":[\"https:\\\/\\\/www.facebook.com\\\/TallinnaHambakliinik\\\/\"]}]}<\/script>\n<!-- \/ Yoast SEO plugin. -->","yoast_head_json":{"title":"- Tallinna Hambakliinik","description":"Ravij\u00e4rjekorra pidamise reeglid AS TALLINNA HAMBAKLIINK RAVIJ\u00c4RJEKORRA PIDAMISE KORD 1. Aktsiaseltsi Tallinna Hambakliinik ravij\u00e4rjekorra pidamise kord","robots":{"index":"index","follow":"follow","max-snippet":"max-snippet:-1","max-image-preview":"max-image-preview:large","max-video-preview":"max-video-preview:-1"},"canonical":"https:\/\/hambapol.ee\/en\/ravijarjekorra-pidamise-reeglid\/","og_locale":"en_GB","og_type":"article","og_title":"- Tallinna Hambakliinik","og_description":"Ravij\u00e4rjekorra pidamise reeglid AS TALLINNA HAMBAKLIINK RAVIJ\u00c4RJEKORRA PIDAMISE KORD 1. Aktsiaseltsi Tallinna Hambakliinik ravij\u00e4rjekorra pidamise kord","og_url":"https:\/\/hambapol.ee\/en\/ravijarjekorra-pidamise-reeglid\/","og_site_name":"Tallinna Hambakliinik","article_publisher":"https:\/\/www.facebook.com\/TallinnaHambakliinik\/","article_modified_time":"2026-03-13T13:04:20+00:00","og_image":[{"width":1202,"height":676,"url":"https:\/\/hambapol.ee\/wp-content\/uploads\/2025\/01\/Tallinna-Hambakliinik-pakub-kvaliteetset-hambaravi-Tallinnas-2.jpg","type":"image\/jpeg"}],"twitter_card":"summary_large_image","twitter_misc":{"Estimated reading time":"3 minutes"},"schema":{"@context":"https:\/\/schema.org","@graph":[{"@type":"WebPage","@id":"https:\/\/hambapol.ee\/ravijarjekorra-pidamise-reeglid\/","url":"https:\/\/hambapol.ee\/ravijarjekorra-pidamise-reeglid\/","name":"- Tallinna Hambakliinik","isPartOf":{"@id":"https:\/\/hambapol.ee\/#website"},"primaryImageOfPage":{"@id":"https:\/\/hambapol.ee\/ravijarjekorra-pidamise-reeglid\/#primaryimage"},"image":{"@id":"https:\/\/hambapol.ee\/ravijarjekorra-pidamise-reeglid\/#primaryimage"},"thumbnailUrl":"https:\/\/hambapol.ee\/wp-content\/uploads\/2025\/01\/Tallinna-Hambakliinik-pakub-kvaliteetset-hambaravi-Tallinnas-2.jpg","datePublished":"2025-02-09T14:07:34+00:00","dateModified":"2026-03-13T13:04:20+00:00","description":"Ravij\u00e4rjekorra pidamise reeglid AS TALLINNA HAMBAKLIINK RAVIJ\u00c4RJEKORRA PIDAMISE KORD 1. Aktsiaseltsi Tallinna Hambakliinik ravij\u00e4rjekorra pidamise kord","breadcrumb":{"@id":"https:\/\/hambapol.ee\/ravijarjekorra-pidamise-reeglid\/#breadcrumb"},"inLanguage":"en-GB","potentialAction":[{"@type":"ReadAction","target":["https:\/\/hambapol.ee\/ravijarjekorra-pidamise-reeglid\/"]}]},{"@type":"ImageObject","inLanguage":"en-GB","@id":"https:\/\/hambapol.ee\/ravijarjekorra-pidamise-reeglid\/#primaryimage","url":"https:\/\/hambapol.ee\/wp-content\/uploads\/2025\/01\/Tallinna-Hambakliinik-pakub-kvaliteetset-hambaravi-Tallinnas-2.jpg","contentUrl":"https:\/\/hambapol.ee\/wp-content\/uploads\/2025\/01\/Tallinna-Hambakliinik-pakub-kvaliteetset-hambaravi-Tallinnas-2.jpg","width":1202,"height":676,"caption":"Tallinna Hambakliinik pakub kvaliteetset hambaravi Tallinnas"},{"@type":"BreadcrumbList","@id":"https:\/\/hambapol.ee\/ravijarjekorra-pidamise-reeglid\/#breadcrumb","itemListElement":[{"@type":"ListItem","position":1,"name":"Home","item":"https:\/\/hambapol.ee\/"},{"@type":"ListItem","position":2,"name":"Ravij\u00e4rjekorra pidamise reeglid"}]},{"@type":"WebSite","@id":"https:\/\/hambapol.ee\/#website","url":"https:\/\/hambapol.ee\/","name":"Tallinna Hambakliinik","description":"Enesekindel naeratus","publisher":{"@id":"https:\/\/hambapol.ee\/#organization"},"alternateName":"THK","potentialAction":[{"@type":"SearchAction","target":{"@type":"EntryPoint","urlTemplate":"https:\/\/hambapol.ee\/?s={search_term_string}"},"query-input":{"@type":"PropertyValueSpecification","valueRequired":true,"valueName":"search_term_string"}}],"inLanguage":"en-GB"},{"@type":"Organization","@id":"https:\/\/hambapol.ee\/#organization","name":"SA Tallinna Hambakliinik","url":"https:\/\/hambapol.ee\/","logo":{"@type":"ImageObject","inLanguage":"en-GB","@id":"https:\/\/hambapol.ee\/#\/schema\/logo\/image\/","url":"https:\/\/hambapol.ee\/wp-content\/uploads\/2025\/01\/thk-logo-anno-taustata-e1737668889173.png","contentUrl":"https:\/\/hambapol.ee\/wp-content\/uploads\/2025\/01\/thk-logo-anno-taustata-e1737668889173.png","width":250,"height":254,"caption":"SA Tallinna Hambakliinik"},"image":{"@id":"https:\/\/hambapol.ee\/#\/schema\/logo\/image\/"},"sameAs":["https:\/\/www.facebook.com\/TallinnaHambakliinik\/"]}]}},"_links":{"self":[{"href":"https:\/\/hambapol.ee\/en\/wp-json\/wp\/v2\/pages\/1756","targetHints":{"allow":["GET"]}}],"collection":[{"href":"https:\/\/hambapol.ee\/en\/wp-json\/wp\/v2\/pages"}],"about":[{"href":"https:\/\/hambapol.ee\/en\/wp-json\/wp\/v2\/types\/page"}],"author":[{"embeddable":true,"href":"https:\/\/hambapol.ee\/en\/wp-json\/wp\/v2\/users\/1"}],"replies":[{"embeddable":true,"href":"https:\/\/hambapol.ee\/en\/wp-json\/wp\/v2\/comments?post=1756"}],"version-history":[{"count":13,"href":"https:\/\/hambapol.ee\/en\/wp-json\/wp\/v2\/pages\/1756\/revisions"}],"predecessor-version":[{"id":3351,"href":"https:\/\/hambapol.ee\/en\/wp-json\/wp\/v2\/pages\/1756\/revisions\/3351"}],"wp:featuredmedia":[{"embeddable":true,"href":"https:\/\/hambapol.ee\/en\/wp-json\/wp\/v2\/media\/615"}],"wp:attachment":[{"href":"https:\/\/hambapol.ee\/en\/wp-json\/wp\/v2\/media?parent=1756"}],"curies":[{"name":"wp","href":"https:\/\/api.w.org\/{rel}","templated":true}]}}