{"id":1396,"date":"2025-02-06T15:49:05","date_gmt":"2025-02-06T13:49:05","guid":{"rendered":"https:\/\/hambapol.ee\/?page_id=1396"},"modified":"2025-02-27T13:10:30","modified_gmt":"2025-02-27T11:10:30","slug":"suuhooldus-kodus","status":"publish","type":"page","link":"https:\/\/hambapol.ee\/en\/vastuvotu-info\/suuhooldus-kodus\/","title":{"rendered":"Oral care at home"},"content":{"rendered":"<div data-elementor-type=\"wp-page\" data-elementor-id=\"1396\" class=\"elementor elementor-1396\" data-elementor-post-type=\"page\">\n\t\t\t\t<div class=\"elementor-element elementor-element-9d276fb e-flex e-con-boxed e-con e-parent\" data-id=\"9d276fb\" data-element_type=\"container\" data-e-type=\"container\" data-settings=\"{&quot;background_background&quot;:&quot;classic&quot;}\">\n\t\t\t\t\t<div class=\"e-con-inner\">\n\t\t\t\t<div class=\"elementor-element elementor-element-53ff1a5 elementor-widget elementor-widget-heading\" data-id=\"53ff1a5\" data-element_type=\"widget\" data-e-type=\"widget\" data-widget_type=\"heading.default\">\n\t\t\t\t<div class=\"elementor-widget-container\">\n\t\t\t\t\t<h1 class=\"elementor-heading-title elementor-size-default\">Oral care at home<\/h1>\t\t\t\t<\/div>\n\t\t\t\t<\/div>\n\t\t\t\t<div class=\"elementor-element elementor-element-7825436 elementor-widget elementor-widget-heading\" data-id=\"7825436\" data-element_type=\"widget\" data-e-type=\"widget\" data-widget_type=\"heading.default\">\n\t\t\t\t<div class=\"elementor-widget-container\">\n\t\t\t\t\t<h2 class=\"elementor-heading-title elementor-size-default\">Simple yet effective habits to keep your smile bright.<\/h2>\t\t\t\t<\/div>\n\t\t\t\t<\/div>\n\t\t\t\t\t<\/div>\n\t\t\t\t<\/div>\n\t\t<div class=\"elementor-element elementor-element-5da7f18 e-flex e-con-boxed e-con e-parent\" data-id=\"5da7f18\" data-element_type=\"container\" data-e-type=\"container\" data-settings=\"{&quot;background_background&quot;:&quot;classic&quot;}\">\n\t\t\t\t\t<div class=\"e-con-inner\">\n\t\t\t\t<div class=\"elementor-element elementor-element-5f4543e elementor-widget elementor-widget-text-editor\" data-id=\"5f4543e\" data-element_type=\"widget\" data-e-type=\"widget\" data-widget_type=\"text-editor.default\">\n\t\t\t\t<div class=\"elementor-widget-container\">\n\t\t\t\t\t\t\t\t\t<p>In the human body, the most microbes live in the oral cavity, where they nestle in crevices and roofs of teeth, on the tongue and elsewhere. We can reduce the amount of microbes and plaque in the mouth by brushing our teeth.\u00a0<\/p><p><strong>Proper oral hygiene requires:\u00a0<\/strong><\/p><ul><li style=\"list-style-type: none;\"><ul><li><p>a soft toothbrush;\u00a0<\/p><\/li><li><p>toothpaste;\u00a0<\/p><\/li><li><p>dental floss;\u00a0<\/p><\/li><li><p>interdental brushes.\u00a0<\/p><\/li><\/ul><\/li><\/ul>\t\t\t\t\t\t\t\t<\/div>\n\t\t\t\t<\/div>\n\t\t\t\t\t<\/div>\n\t\t\t\t<\/div>\n\t\t<div class=\"elementor-element elementor-element-72e1920 e-flex e-con-boxed e-con e-parent\" data-id=\"72e1920\" data-element_type=\"container\" data-e-type=\"container\" data-settings=\"{&quot;background_background&quot;:&quot;classic&quot;}\">\n\t\t\t\t\t<div class=\"e-con-inner\">\n\t\t\t\t<div class=\"elementor-element elementor-element-7ba4ddc elementor-widget elementor-widget-heading\" data-id=\"7ba4ddc\" data-element_type=\"widget\" data-e-type=\"widget\" data-widget_type=\"heading.default\">\n\t\t\t\t<div class=\"elementor-widget-container\">\n\t\t\t\t\t<h3 class=\"elementor-heading-title elementor-size-default\">Toothbrush <\/h3>\t\t\t\t<\/div>\n\t\t\t\t<\/div>\n\t\t\t\t<div class=\"elementor-element elementor-element-e4d523a elementor-widget elementor-widget-text-editor\" data-id=\"e4d523a\" data-element_type=\"widget\" data-e-type=\"widget\" data-widget_type=\"text-editor.default\">\n\t\t\t\t<div class=\"elementor-widget-container\">\n\t\t\t\t\t\t\t\t\t<p>The best toothbrush has a short head and soft bristles. The short head allows accessing tooth surfaces behind the back molars that are difficult to access.<\/p><p>A hard toothbrush is not good because it can injure both the teeth and the gums and damage the exposed tooth neck. The toothbrush must be replaced with a new one when the bristles are worn. The toothbrush should be replaced every three months.<\/p><p>Everyone should have their own personal toothbrush.\u00a0<\/p>\t\t\t\t\t\t\t\t<\/div>\n\t\t\t\t<\/div>\n\t\t\t\t\t<\/div>\n\t\t\t\t<\/div>\n\t\t<div class=\"elementor-element elementor-element-a33844f e-flex e-con-boxed e-con e-parent\" data-id=\"a33844f\" data-element_type=\"container\" data-e-type=\"container\" data-settings=\"{&quot;background_background&quot;:&quot;classic&quot;}\">\n\t\t\t\t\t<div class=\"e-con-inner\">\n\t\t\t\t<div class=\"elementor-element elementor-element-bc52711 elementor-widget elementor-widget-heading\" data-id=\"bc52711\" data-element_type=\"widget\" data-e-type=\"widget\" data-widget_type=\"heading.default\">\n\t\t\t\t<div class=\"elementor-widget-container\">\n\t\t\t\t\t<h3 class=\"elementor-heading-title elementor-size-default\">Toothpaste <\/h3>\t\t\t\t<\/div>\n\t\t\t\t<\/div>\n\t\t\t\t<div class=\"elementor-element elementor-element-9012d31 elementor-widget elementor-widget-text-editor\" data-id=\"9012d31\" data-element_type=\"widget\" data-e-type=\"widget\" data-widget_type=\"text-editor.default\">\n\t\t\t\t<div class=\"elementor-widget-container\">\n\t\t\t\t\t\t\t\t\t<p>Toothpaste is an important cleaner of tooth surfaces and the ingredients in it provide additional minerals to dental tissues.<\/p><p>The essential oils in toothpaste have a refreshing effect on the mouth and make the mouth feel good. The cavity-preventive effect of toothpaste is based on its fluoride content. Xylitol added to toothpaste together with fluoride increases the effectiveness of toothpaste.<\/p><p>An important feature of toothpaste is its granularity, or abrasiveness. The degree of abrasiveness is determined by the nature and diameter of the substances in its composition. Toothpastes with low abrasiveness (sensitive) are more suitable for people with sensitive teeth and children.<\/p><p>Strongly grainy toothpaste can damage tooth enamel with long-term use.\u00a0<\/p>\t\t\t\t\t\t\t\t<\/div>\n\t\t\t\t<\/div>\n\t\t\t\t\t<\/div>\n\t\t\t\t<\/div>\n\t\t<div class=\"elementor-element elementor-element-d8ac70f e-flex e-con-boxed e-con e-parent\" data-id=\"d8ac70f\" data-element_type=\"container\" data-e-type=\"container\" data-settings=\"{&quot;background_background&quot;:&quot;classic&quot;}\">\n\t\t\t\t\t<div class=\"e-con-inner\">\n\t\t\t\t<div class=\"elementor-element elementor-element-d3a9d27 elementor-widget elementor-widget-heading\" data-id=\"d3a9d27\" data-element_type=\"widget\" data-e-type=\"widget\" data-widget_type=\"heading.default\">\n\t\t\t\t<div class=\"elementor-widget-container\">\n\t\t\t\t\t<h3 class=\"elementor-heading-title elementor-size-default\">Dental floss <\/h3>\t\t\t\t<\/div>\n\t\t\t\t<\/div>\n\t\t\t\t<div class=\"elementor-element elementor-element-1e05b42 elementor-widget elementor-widget-text-editor\" data-id=\"1e05b42\" data-element_type=\"widget\" data-e-type=\"widget\" data-widget_type=\"text-editor.default\">\n\t\t\t\t<div class=\"elementor-widget-container\">\n\t\t\t\t\t\t\t\t\t<p>Before brushing teeth, use dental floss to clean between teeth to remove food particles and plaque from interdental spaces.<\/p><p>ently move the floss back and forth between the teeth. When cleaning, follow the curve of the teeth and avoid rubbing against the gums.<\/p><p>For larger gaps between teeth, use interdental brushes to remove food and plaque.<\/p>\t\t\t\t\t\t\t\t<\/div>\n\t\t\t\t<\/div>\n\t\t\t\t\t<\/div>\n\t\t\t\t<\/div>\n\t\t<div class=\"elementor-element elementor-element-94e0342 e-flex e-con-boxed e-con e-parent\" data-id=\"94e0342\" data-element_type=\"container\" data-e-type=\"container\" data-settings=\"{&quot;background_background&quot;:&quot;classic&quot;}\">\n\t\t\t\t\t<div class=\"e-con-inner\">\n\t\t\t\t<div class=\"elementor-element elementor-element-d22841b elementor-widget elementor-widget-heading\" data-id=\"d22841b\" data-element_type=\"widget\" data-e-type=\"widget\" data-widget_type=\"heading.default\">\n\t\t\t\t<div class=\"elementor-widget-container\">\n\t\t\t\t\t<h3 class=\"elementor-heading-title elementor-size-default\">Brushing teeth <\/h3>\t\t\t\t<\/div>\n\t\t\t\t<\/div>\n\t\t\t\t<div class=\"elementor-element elementor-element-57dedc2 elementor-widget elementor-widget-text-editor\" data-id=\"57dedc2\" data-element_type=\"widget\" data-e-type=\"widget\" data-widget_type=\"text-editor.default\">\n\t\t\t\t<div class=\"elementor-widget-container\">\n\t\t\t\t\t\t\t\t\t<p>Thorough tooth brushing lasts 2\u20135 minutes. During brushing, bristles must clean the surfaces of the teeth and massage the gums. The bristles must be directed at a 45-degree angle, semi-slanted, against the gum line and the crown of the tooth. Brush the outer and inner surfaces and chewing surfaces of all teeth with short back and forth movements.<\/p><p>Teeth should be brushed at least twice a day, in the morning and in the evening. Brushing in the morning should be done before meals, and in evening before going to bed.<\/p><p>It is not recommended to brush your teeth immediately after eating, because the tooth enamel is soft and brushing can damage the tooth surface. After daily meals, teeth should be rinsed with either clean water or mouthwash \u2013 this removes food particles still on the teeth. After brushing your teeth in the evening, you can drink water, but not juice, milk, etc. You should also stop eating or snacking. If you do so, however, brush your teeth again.<\/p><p>After proper brushing, tooth surfaces feel smooth to the touch with the tongue. This indicates that we have removed plaque and food debris from the surface of the teeth. To check the effectiveness of tooth brushing, you can also use plaque-staining tablets, which indicate areas that should be carefully cleaned again.<\/p><p>The tongue also needs to be cleaned, because after proper brushing, the microbes on the tongue get on the surface of the teeth. A tongue scraper or a toothbrush with a special tongue scraper can be used to clean the tongue.<\/p><p>The more bacteria accumulate in the oral cavity, the more we are at risk of bad breath and tooth and gum diseases. Proper daily oral hygiene helps reduce problems in the mouth, keeps your teeth healthy and your breath fresh.<\/p>\t\t\t\t\t\t\t\t<\/div>\n\t\t\t\t<\/div>\n\t\t\t\t\t<\/div>\n\t\t\t\t<\/div>\n\t\t<div class=\"elementor-element elementor-element-2d3716a e-flex e-con-boxed e-con e-parent\" data-id=\"2d3716a\" data-element_type=\"container\" data-e-type=\"container\">\n\t\t\t\t\t<div class=\"e-con-inner\">\n\t\t\t\t<div class=\"elementor-element elementor-element-bd88187 elementor-widget elementor-widget-image\" data-id=\"bd88187\" data-element_type=\"widget\" data-e-type=\"widget\" data-widget_type=\"image.default\">\n\t\t\t\t<div class=\"elementor-widget-container\">\n\t\t\t\t\t\t\t\t\t\t\t\t\t\t\t<img fetchpriority=\"high\" decoding=\"async\" width=\"768\" height=\"512\" src=\"https:\/\/hambapol.ee\/wp-content\/uploads\/2025\/01\/hambaraviteenused-3-768x512.jpg\" class=\"attachment-medium_large size-medium_large wp-image-490\" alt=\"Tallinna Hambakliinik Hambaravi Tallinna kesklinnas esmaabi\" srcset=\"https:\/\/hambapol.ee\/wp-content\/uploads\/2025\/01\/hambaraviteenused-3-768x512.jpg 768w, https:\/\/hambapol.ee\/wp-content\/uploads\/2025\/01\/hambaraviteenused-3-300x200.jpg 300w, https:\/\/hambapol.ee\/wp-content\/uploads\/2025\/01\/hambaraviteenused-3-18x12.jpg 18w, https:\/\/hambapol.ee\/wp-content\/uploads\/2025\/01\/hambaraviteenused-3.jpg 800w\" sizes=\"(max-width: 768px) 100vw, 768px\" \/>\t\t\t\t\t\t\t\t\t\t\t\t\t\t\t<\/div>\n\t\t\t\t<\/div>\n\t\t\t\t\t<\/div>\n\t\t\t\t<\/div>\n\t\t\t\t<\/div>","protected":false},"excerpt":{"rendered":"<p>Suuhooldus kodus Lihtsad, kuid t\u00f5husad harjumused, mis hoiavad Sinu naeratuse s\u00e4ravana. Inimese organismis on k\u00f5ige rohkem mikroobe just suu\u00f5\u00f5nes, kus nad pesitsevad hambapragudes ja -katus, keelel ja mujal. Mikroobide ja katu hulka saame v\u00e4hendada hammaste pesemisega.\u00a0 Korralikuks suuh\u00fcgieeniks on tarvis:\u00a0 pehmet hambaharja\u00a0 hambapastat\u00a0 hambaniiti\u00a0 hambavaheharju\u00a0 Hambahari Parim hambahari on l\u00fchikese pea ja pehmete harjastega. L\u00fchike [&hellip;]<\/p>\n","protected":false},"author":1,"featured_media":599,"parent":1363,"menu_order":2,"comment_status":"closed","ping_status":"closed","template":"","meta":{"_acf_changed":false,"site-sidebar-layout":"no-sidebar","site-content-layout":"","ast-site-content-layout":"full-width-container","site-content-style":"default","site-sidebar-style":"default","ast-global-header-display":"","ast-banner-title-visibility":"","ast-main-header-display":"","ast-hfb-above-header-display":"","ast-hfb-below-header-display":"","ast-hfb-mobile-header-display":"","site-post-title":"disabled","ast-breadcrumbs-content":"","ast-featured-img":"disabled","footer-sml-layout":"","ast-disable-related-posts":"","theme-transparent-header-meta":"","adv-header-id-meta":"","stick-header-meta":"","header-above-stick-meta":"","header-main-stick-meta":"","header-below-stick-meta":"","astra-migrate-meta-layouts":"default","ast-page-background-enabled":"default","ast-page-background-meta":{"desktop":{"background-color":"var(--ast-global-color-5)","background-image":"","background-repeat":"repeat","background-position":"center center","background-size":"auto","background-attachment":"scroll","background-type":"","background-media":"","overlay-type":"","overlay-color":"","overlay-opacity":"","overlay-gradient":""},"tablet":{"background-color":"","background-image":"","background-repeat":"repeat","background-position":"center center","background-size":"auto","background-attachment":"scroll","background-type":"","background-media":"","overlay-type":"","overlay-color":"","overlay-opacity":"","overlay-gradient":""},"mobile":{"background-color":"","background-image":"","background-repeat":"repeat","background-position":"center center","background-size":"auto","background-attachment":"scroll","background-type":"","background-media":"","overlay-type":"","overlay-color":"","overlay-opacity":"","overlay-gradient":""}},"ast-content-background-meta":{"desktop":{"background-color":"var(--ast-global-color-4)","background-image":"","background-repeat":"repeat","background-position":"center center","background-size":"auto","background-attachment":"scroll","background-type":"","background-media":"","overlay-type":"","overlay-color":"","overlay-opacity":"","overlay-gradient":""},"tablet":{"background-color":"var(--ast-global-color-4)","background-image":"","background-repeat":"repeat","background-position":"center center","background-size":"auto","background-attachment":"scroll","background-type":"","background-media":"","overlay-type":"","overlay-color":"","overlay-opacity":"","overlay-gradient":""},"mobile":{"background-color":"var(--ast-global-color-4)","background-image":"","background-repeat":"repeat","background-position":"center center","background-size":"auto","background-attachment":"scroll","background-type":"","background-media":"","overlay-type":"","overlay-color":"","overlay-opacity":"","overlay-gradient":""}},"footnotes":""},"class_list":["post-1396","page","type-page","status-publish","has-post-thumbnail","hentry"],"acf":[],"yoast_head":"<!-- This site is optimized with the Yoast SEO plugin v27.3 - https:\/\/yoast.com\/product\/yoast-seo-wordpress\/ -->\n<title>- Tallinna Hambakliinik<\/title>\n<meta name=\"description\" content=\"Suuhooldus kodus Lihtsad, kuid t\u00f5husad harjumused, mis hoiavad Sinu naeratuse s\u00e4ravana. Inimese organismis on k\u00f5ige rohkem mikroobe just suu\u00f5\u00f5nes, kus nad\" \/>\n<meta name=\"robots\" content=\"index, follow, max-snippet:-1, max-image-preview:large, max-video-preview:-1\" \/>\n<link rel=\"canonical\" href=\"https:\/\/hambapol.ee\/en\/vastuvotu-info\/suuhooldus-kodus\/\" \/>\n<meta property=\"og:locale\" content=\"en_GB\" \/>\n<meta property=\"og:type\" content=\"article\" \/>\n<meta property=\"og:title\" content=\"- Tallinna Hambakliinik\" \/>\n<meta property=\"og:description\" content=\"Suuhooldus kodus Lihtsad, kuid t\u00f5husad harjumused, mis hoiavad Sinu naeratuse s\u00e4ravana. Inimese organismis on k\u00f5ige rohkem mikroobe just suu\u00f5\u00f5nes, kus nad\" \/>\n<meta property=\"og:url\" content=\"https:\/\/hambapol.ee\/en\/vastuvotu-info\/suuhooldus-kodus\/\" \/>\n<meta property=\"og:site_name\" content=\"Tallinna Hambakliinik\" \/>\n<meta property=\"article:publisher\" content=\"https:\/\/www.facebook.com\/TallinnaHambakliinik\/\" \/>\n<meta property=\"article:modified_time\" content=\"2025-02-27T11:10:30+00:00\" \/>\n<meta property=\"og:image\" content=\"https:\/\/hambapol.ee\/wp-content\/uploads\/2025\/01\/Tallinna-Hambakliinik-pakub-kvaliteetset-hambaravi-Tallinnas.jpg\" \/>\n\t<meta property=\"og:image:width\" content=\"800\" \/>\n\t<meta property=\"og:image:height\" content=\"450\" \/>\n\t<meta property=\"og:image:type\" content=\"image\/jpeg\" \/>\n<meta name=\"twitter:card\" content=\"summary_large_image\" \/>\n<meta name=\"twitter:label1\" content=\"Estimated reading time\" \/>\n\t<meta name=\"twitter:data1\" content=\"3 minutes\" \/>\n<script type=\"application\/ld+json\" class=\"yoast-schema-graph\">{\"@context\":\"https:\\\/\\\/schema.org\",\"@graph\":[{\"@type\":\"WebPage\",\"@id\":\"https:\\\/\\\/hambapol.ee\\\/vastuvotu-info\\\/suuhooldus-kodus\\\/\",\"url\":\"https:\\\/\\\/hambapol.ee\\\/vastuvotu-info\\\/suuhooldus-kodus\\\/\",\"name\":\"- Tallinna Hambakliinik\",\"isPartOf\":{\"@id\":\"https:\\\/\\\/hambapol.ee\\\/#website\"},\"primaryImageOfPage\":{\"@id\":\"https:\\\/\\\/hambapol.ee\\\/vastuvotu-info\\\/suuhooldus-kodus\\\/#primaryimage\"},\"image\":{\"@id\":\"https:\\\/\\\/hambapol.ee\\\/vastuvotu-info\\\/suuhooldus-kodus\\\/#primaryimage\"},\"thumbnailUrl\":\"https:\\\/\\\/hambapol.ee\\\/wp-content\\\/uploads\\\/2025\\\/01\\\/Tallinna-Hambakliinik-pakub-kvaliteetset-hambaravi-Tallinnas.jpg\",\"datePublished\":\"2025-02-06T13:49:05+00:00\",\"dateModified\":\"2025-02-27T11:10:30+00:00\",\"description\":\"Suuhooldus kodus Lihtsad, kuid t\u00f5husad harjumused, mis hoiavad Sinu naeratuse s\u00e4ravana. Inimese organismis on k\u00f5ige rohkem mikroobe just suu\u00f5\u00f5nes, kus nad\",\"breadcrumb\":{\"@id\":\"https:\\\/\\\/hambapol.ee\\\/vastuvotu-info\\\/suuhooldus-kodus\\\/#breadcrumb\"},\"inLanguage\":\"en-GB\",\"potentialAction\":[{\"@type\":\"ReadAction\",\"target\":[\"https:\\\/\\\/hambapol.ee\\\/vastuvotu-info\\\/suuhooldus-kodus\\\/\"]}]},{\"@type\":\"ImageObject\",\"inLanguage\":\"en-GB\",\"@id\":\"https:\\\/\\\/hambapol.ee\\\/vastuvotu-info\\\/suuhooldus-kodus\\\/#primaryimage\",\"url\":\"https:\\\/\\\/hambapol.ee\\\/wp-content\\\/uploads\\\/2025\\\/01\\\/Tallinna-Hambakliinik-pakub-kvaliteetset-hambaravi-Tallinnas.jpg\",\"contentUrl\":\"https:\\\/\\\/hambapol.ee\\\/wp-content\\\/uploads\\\/2025\\\/01\\\/Tallinna-Hambakliinik-pakub-kvaliteetset-hambaravi-Tallinnas.jpg\",\"width\":800,\"height\":450,\"caption\":\"Tallinna Hambakliinik Hambaravi Tallinna kesklinnas esmaabi\"},{\"@type\":\"BreadcrumbList\",\"@id\":\"https:\\\/\\\/hambapol.ee\\\/vastuvotu-info\\\/suuhooldus-kodus\\\/#breadcrumb\",\"itemListElement\":[{\"@type\":\"ListItem\",\"position\":1,\"name\":\"Home\",\"item\":\"https:\\\/\\\/hambapol.ee\\\/\"},{\"@type\":\"ListItem\",\"position\":2,\"name\":\"Vastuv\u00f5tu info\",\"item\":\"https:\\\/\\\/hambapol.ee\\\/vastuvotu-info\\\/\"},{\"@type\":\"ListItem\",\"position\":3,\"name\":\"Suuhooldus kodus\"}]},{\"@type\":\"WebSite\",\"@id\":\"https:\\\/\\\/hambapol.ee\\\/#website\",\"url\":\"https:\\\/\\\/hambapol.ee\\\/\",\"name\":\"Tallinna Hambakliinik\",\"description\":\"Enesekindel naeratus\",\"publisher\":{\"@id\":\"https:\\\/\\\/hambapol.ee\\\/#organization\"},\"alternateName\":\"THK\",\"potentialAction\":[{\"@type\":\"SearchAction\",\"target\":{\"@type\":\"EntryPoint\",\"urlTemplate\":\"https:\\\/\\\/hambapol.ee\\\/?s={search_term_string}\"},\"query-input\":{\"@type\":\"PropertyValueSpecification\",\"valueRequired\":true,\"valueName\":\"search_term_string\"}}],\"inLanguage\":\"en-GB\"},{\"@type\":\"Organization\",\"@id\":\"https:\\\/\\\/hambapol.ee\\\/#organization\",\"name\":\"SA Tallinna Hambakliinik\",\"url\":\"https:\\\/\\\/hambapol.ee\\\/\",\"logo\":{\"@type\":\"ImageObject\",\"inLanguage\":\"en-GB\",\"@id\":\"https:\\\/\\\/hambapol.ee\\\/#\\\/schema\\\/logo\\\/image\\\/\",\"url\":\"https:\\\/\\\/hambapol.ee\\\/wp-content\\\/uploads\\\/2025\\\/01\\\/thk-logo-anno-taustata-e1737668889173.png\",\"contentUrl\":\"https:\\\/\\\/hambapol.ee\\\/wp-content\\\/uploads\\\/2025\\\/01\\\/thk-logo-anno-taustata-e1737668889173.png\",\"width\":250,\"height\":254,\"caption\":\"SA Tallinna Hambakliinik\"},\"image\":{\"@id\":\"https:\\\/\\\/hambapol.ee\\\/#\\\/schema\\\/logo\\\/image\\\/\"},\"sameAs\":[\"https:\\\/\\\/www.facebook.com\\\/TallinnaHambakliinik\\\/\"]}]}<\/script>\n<!-- \/ Yoast SEO plugin. -->","yoast_head_json":{"title":"- Tallinna Hambakliinik","description":"Suuhooldus kodus Lihtsad, kuid t\u00f5husad harjumused, mis hoiavad Sinu naeratuse s\u00e4ravana. Inimese organismis on k\u00f5ige rohkem mikroobe just suu\u00f5\u00f5nes, kus nad","robots":{"index":"index","follow":"follow","max-snippet":"max-snippet:-1","max-image-preview":"max-image-preview:large","max-video-preview":"max-video-preview:-1"},"canonical":"https:\/\/hambapol.ee\/en\/vastuvotu-info\/suuhooldus-kodus\/","og_locale":"en_GB","og_type":"article","og_title":"- Tallinna Hambakliinik","og_description":"Suuhooldus kodus Lihtsad, kuid t\u00f5husad harjumused, mis hoiavad Sinu naeratuse s\u00e4ravana. Inimese organismis on k\u00f5ige rohkem mikroobe just suu\u00f5\u00f5nes, kus nad","og_url":"https:\/\/hambapol.ee\/en\/vastuvotu-info\/suuhooldus-kodus\/","og_site_name":"Tallinna Hambakliinik","article_publisher":"https:\/\/www.facebook.com\/TallinnaHambakliinik\/","article_modified_time":"2025-02-27T11:10:30+00:00","og_image":[{"width":800,"height":450,"url":"https:\/\/hambapol.ee\/wp-content\/uploads\/2025\/01\/Tallinna-Hambakliinik-pakub-kvaliteetset-hambaravi-Tallinnas.jpg","type":"image\/jpeg"}],"twitter_card":"summary_large_image","twitter_misc":{"Estimated reading time":"3 minutes"},"schema":{"@context":"https:\/\/schema.org","@graph":[{"@type":"WebPage","@id":"https:\/\/hambapol.ee\/vastuvotu-info\/suuhooldus-kodus\/","url":"https:\/\/hambapol.ee\/vastuvotu-info\/suuhooldus-kodus\/","name":"- Tallinna Hambakliinik","isPartOf":{"@id":"https:\/\/hambapol.ee\/#website"},"primaryImageOfPage":{"@id":"https:\/\/hambapol.ee\/vastuvotu-info\/suuhooldus-kodus\/#primaryimage"},"image":{"@id":"https:\/\/hambapol.ee\/vastuvotu-info\/suuhooldus-kodus\/#primaryimage"},"thumbnailUrl":"https:\/\/hambapol.ee\/wp-content\/uploads\/2025\/01\/Tallinna-Hambakliinik-pakub-kvaliteetset-hambaravi-Tallinnas.jpg","datePublished":"2025-02-06T13:49:05+00:00","dateModified":"2025-02-27T11:10:30+00:00","description":"Suuhooldus kodus Lihtsad, kuid t\u00f5husad harjumused, mis hoiavad Sinu naeratuse s\u00e4ravana. Inimese organismis on k\u00f5ige rohkem mikroobe just suu\u00f5\u00f5nes, kus nad","breadcrumb":{"@id":"https:\/\/hambapol.ee\/vastuvotu-info\/suuhooldus-kodus\/#breadcrumb"},"inLanguage":"en-GB","potentialAction":[{"@type":"ReadAction","target":["https:\/\/hambapol.ee\/vastuvotu-info\/suuhooldus-kodus\/"]}]},{"@type":"ImageObject","inLanguage":"en-GB","@id":"https:\/\/hambapol.ee\/vastuvotu-info\/suuhooldus-kodus\/#primaryimage","url":"https:\/\/hambapol.ee\/wp-content\/uploads\/2025\/01\/Tallinna-Hambakliinik-pakub-kvaliteetset-hambaravi-Tallinnas.jpg","contentUrl":"https:\/\/hambapol.ee\/wp-content\/uploads\/2025\/01\/Tallinna-Hambakliinik-pakub-kvaliteetset-hambaravi-Tallinnas.jpg","width":800,"height":450,"caption":"Tallinna Hambakliinik Hambaravi Tallinna kesklinnas esmaabi"},{"@type":"BreadcrumbList","@id":"https:\/\/hambapol.ee\/vastuvotu-info\/suuhooldus-kodus\/#breadcrumb","itemListElement":[{"@type":"ListItem","position":1,"name":"Home","item":"https:\/\/hambapol.ee\/"},{"@type":"ListItem","position":2,"name":"Vastuv\u00f5tu info","item":"https:\/\/hambapol.ee\/vastuvotu-info\/"},{"@type":"ListItem","position":3,"name":"Suuhooldus kodus"}]},{"@type":"WebSite","@id":"https:\/\/hambapol.ee\/#website","url":"https:\/\/hambapol.ee\/","name":"Tallinna Hambakliinik","description":"Enesekindel naeratus","publisher":{"@id":"https:\/\/hambapol.ee\/#organization"},"alternateName":"THK","potentialAction":[{"@type":"SearchAction","target":{"@type":"EntryPoint","urlTemplate":"https:\/\/hambapol.ee\/?s={search_term_string}"},"query-input":{"@type":"PropertyValueSpecification","valueRequired":true,"valueName":"search_term_string"}}],"inLanguage":"en-GB"},{"@type":"Organization","@id":"https:\/\/hambapol.ee\/#organization","name":"SA Tallinna Hambakliinik","url":"https:\/\/hambapol.ee\/","logo":{"@type":"ImageObject","inLanguage":"en-GB","@id":"https:\/\/hambapol.ee\/#\/schema\/logo\/image\/","url":"https:\/\/hambapol.ee\/wp-content\/uploads\/2025\/01\/thk-logo-anno-taustata-e1737668889173.png","contentUrl":"https:\/\/hambapol.ee\/wp-content\/uploads\/2025\/01\/thk-logo-anno-taustata-e1737668889173.png","width":250,"height":254,"caption":"SA Tallinna Hambakliinik"},"image":{"@id":"https:\/\/hambapol.ee\/#\/schema\/logo\/image\/"},"sameAs":["https:\/\/www.facebook.com\/TallinnaHambakliinik\/"]}]}},"_links":{"self":[{"href":"https:\/\/hambapol.ee\/en\/wp-json\/wp\/v2\/pages\/1396","targetHints":{"allow":["GET"]}}],"collection":[{"href":"https:\/\/hambapol.ee\/en\/wp-json\/wp\/v2\/pages"}],"about":[{"href":"https:\/\/hambapol.ee\/en\/wp-json\/wp\/v2\/types\/page"}],"author":[{"embeddable":true,"href":"https:\/\/hambapol.ee\/en\/wp-json\/wp\/v2\/users\/1"}],"replies":[{"embeddable":true,"href":"https:\/\/hambapol.ee\/en\/wp-json\/wp\/v2\/comments?post=1396"}],"version-history":[{"count":11,"href":"https:\/\/hambapol.ee\/en\/wp-json\/wp\/v2\/pages\/1396\/revisions"}],"predecessor-version":[{"id":2169,"href":"https:\/\/hambapol.ee\/en\/wp-json\/wp\/v2\/pages\/1396\/revisions\/2169"}],"up":[{"embeddable":true,"href":"https:\/\/hambapol.ee\/en\/wp-json\/wp\/v2\/pages\/1363"}],"wp:featuredmedia":[{"embeddable":true,"href":"https:\/\/hambapol.ee\/en\/wp-json\/wp\/v2\/media\/599"}],"wp:attachment":[{"href":"https:\/\/hambapol.ee\/en\/wp-json\/wp\/v2\/media?parent=1396"}],"curies":[{"name":"wp","href":"https:\/\/api.w.org\/{rel}","templated":true}]}}