{"id":1383,"date":"2025-02-05T16:12:49","date_gmt":"2025-02-05T14:12:49","guid":{"rendered":"https:\/\/hambapol.ee\/?page_id=1383"},"modified":"2025-03-11T15:06:35","modified_gmt":"2025-03-11T13:06:35","slug":"parast-kirurgilist-protseduuri","status":"publish","type":"page","link":"https:\/\/hambapol.ee\/en\/vastuvotu-info\/parast-kirurgilist-protseduuri\/","title":{"rendered":"After a surgical procedure"},"content":{"rendered":"<div data-elementor-type=\"wp-page\" data-elementor-id=\"1383\" class=\"elementor elementor-1383\" data-elementor-post-type=\"page\">\n\t\t\t\t<div class=\"elementor-element elementor-element-ee10c50 e-flex e-con-boxed e-con e-parent\" data-id=\"ee10c50\" data-element_type=\"container\" data-e-type=\"container\">\n\t\t\t\t\t<div class=\"e-con-inner\">\n\t\t\t\t<div class=\"elementor-element elementor-element-83ebb0d elementor-widget elementor-widget-heading\" data-id=\"83ebb0d\" data-element_type=\"widget\" data-e-type=\"widget\" data-widget_type=\"heading.default\">\n\t\t\t\t<div class=\"elementor-widget-container\">\n\t\t\t\t\t<h2 class=\"elementor-heading-title elementor-size-default\">After a surgical procedure<\/h2>\t\t\t\t<\/div>\n\t\t\t\t<\/div>\n\t\t\t\t<div class=\"elementor-element elementor-element-4463081 elementor-widget elementor-widget-text-editor\" data-id=\"4463081\" data-element_type=\"widget\" data-e-type=\"widget\" data-widget_type=\"text-editor.default\">\n\t\t\t\t<div class=\"elementor-widget-container\">\n\t\t\t\t\t\t\t\t\t<p>On the first day after the surgical procedure, physical exertion must be avoided to not disturb the formation of a blood clot that protects the wound. For the first couple of days, it is not recommended to engage in activities that require a lot of physical effort (for example, sports) or to go to the sauna. Avoid touching the wound with your fingers, tongue or any object, and avoid sucking on the wound. \n\nDo not clean the wound yourself.\u00a0<\/p><h3><strong>Pain\u00a0<\/strong><\/h3><p>After a tooth extraction or other surgical procedure, the area of the wound may be tender or painful as the anaesthesia wears off. Over-the-counter pain killers or pain killers prescribed by a doctor can be used to alleviate pain. On the first day, you should avoid taking aspirin as it may cause the wound to bleed excessively.\u00a0<\/p><h3><strong>Bleeding\u00a0<\/strong><\/h3><p>Blood may ooze from the wound on the first day.<\/p><p><strong>In case of continuous or heavy bleeding, do the following:\u00a0<\/strong><\/p><ol><li style=\"list-style-type: none;\"><ol><li>\u00a0Take a gauze pad or bandage, roll it into a thumb-sized tampon, and place it on the wound.\u00a0<\/li><li>Close your jaws so that the tampon presses against the bleeding wound.\u00a0<\/li><li>Keep each tampon on the wound for 30 min.\u00a0<\/li><li>Remove the tampon. If the bleeding has not stopped, repeat the procedure.\u00a0<\/li><\/ol><\/li><\/ol><p>It is important to remain calm. It is recommended to recline and apply an ice pack to the wound area on the face. Do not place the ice pack directly on the skin, instead cover it with a towel.\u00a0<\/p><p><strong>Please note! Medicinal products containing acetylsalicylic acid (aspirin) may increase bleeding.\u00a0<\/strong><\/p><h3><strong>Swelling\u00a0<\/strong><\/h3><p>All surgical procedures can cause swelling in the wound area. Swelling is usually at its greatest the day after the surgical procedure and subsides in 4\u20137 days. To reduce swelling, you can place an ice pack covered with a towel on the cheek for about 30 minutes immediately after the procedure. This can be repeated 3\u20134 times during the day. Swelling is often accompanied by difficulty to open the mouth, which disappears as the swelling subsides. Swallowing may be painful for a few days.\u00a0<\/p><h3><strong>Eating, drinking, smoking\u00a0<\/strong><\/h3><p>Following the surgical procedure, you should not eat for about two hours. On the first day after the surgical procedure, you should eat soft and cool food. Drinking alcohol and smoking after the surgical procedure is contraindicated.\u00a0<\/p><h3><strong>Oral hygiene\u00a0<\/strong><\/h3><p>Avoid vigorously rinsing the mouth for the first day after the procedure. Mouthwash solutions can only be used on the recommendation of a doctor. Brushing teeth following the procedure is permitted but avoid damaging the blood clot covering the wound when brushing. Therefore, clean gently around the wound. Afterwards, you can continue brushing teeth as usual. Good oral hygiene is vital to reduce the risk of inflammation.\u00a0<\/p><h3><strong>Bruises\u00a0<\/strong><\/h3><p>Bruises under the skin may occur after tooth extraction and may be quite extensive and spread to the neck as well. Within about one week, they will disappear without a trace.\u00a0<\/p><h3><strong>Fever\u00a0<\/strong><\/h3><p>A fever may occur the day after the tooth is extracted.\u00a0<strong>If the fever persists for more than one day, you should consult a dentist for a check-up.\u00a0<\/strong><\/p><p><strong>You should definitely consult a dentist if:\u00a0<\/strong><\/p><ul><li style=\"list-style-type: none;\"><ul><li><p>the bleeding does not stop within 24 hours;\u00a0<\/p><\/li><li><p>the fever is high;\u00a0<\/p><\/li><li><p>the pain is severe and does not respond to painkillers;\u00a0<\/p><\/li><li><p>swelling increases on the 3rd or 4th day after the procedure.\u00a0<\/p><\/li><\/ul><\/li><\/ul>\t\t\t\t\t\t\t\t<\/div>\n\t\t\t\t<\/div>\n\t\t\t\t\t<\/div>\n\t\t\t\t<\/div>\n\t\t\t\t<\/div>","protected":false},"excerpt":{"rendered":"<p>P\u00e4rast kirurgilist protseduuri Esimesel p\u00e4eval p\u00e4rast kirurgilist protseduuri tuleb kindlasti v\u00e4ltida f\u00fc\u00fcsilist koormust, et mitte h\u00e4irida haava kaitsva verekoaaguli moodustumist. Paari p\u00e4eva jooksul ei ole soovitatav tegeleda suurt f\u00fc\u00fcsilist pingutust n\u00f5udvate ettev\u00f5tmistega (n\u00e4iteks sportimine) ega minna sauna. Hoiduge haava puudutamisest s\u00f5rmede, keele v\u00f5i m\u00f5ne esemega ning \u00e4rge imege haava. Haava ei tohi ise puhastada.\u00a0 Valu\u00a0 [&hellip;]<\/p>\n","protected":false},"author":1,"featured_media":602,"parent":1363,"menu_order":1,"comment_status":"closed","ping_status":"closed","template":"","meta":{"_acf_changed":false,"site-sidebar-layout":"no-sidebar","site-content-layout":"","ast-site-content-layout":"full-width-container","site-content-style":"default","site-sidebar-style":"default","ast-global-header-display":"","ast-banner-title-visibility":"","ast-main-header-display":"","ast-hfb-above-header-display":"","ast-hfb-below-header-display":"","ast-hfb-mobile-header-display":"","site-post-title":"disabled","ast-breadcrumbs-content":"","ast-featured-img":"disabled","footer-sml-layout":"","ast-disable-related-posts":"","theme-transparent-header-meta":"","adv-header-id-meta":"","stick-header-meta":"","header-above-stick-meta":"","header-main-stick-meta":"","header-below-stick-meta":"","astra-migrate-meta-layouts":"default","ast-page-background-enabled":"default","ast-page-background-meta":{"desktop":{"background-color":"var(--ast-global-color-5)","background-image":"","background-repeat":"repeat","background-position":"center center","background-size":"auto","background-attachment":"scroll","background-type":"","background-media":"","overlay-type":"","overlay-color":"","overlay-opacity":"","overlay-gradient":""},"tablet":{"background-color":"","background-image":"","background-repeat":"repeat","background-position":"center center","background-size":"auto","background-attachment":"scroll","background-type":"","background-media":"","overlay-type":"","overlay-color":"","overlay-opacity":"","overlay-gradient":""},"mobile":{"background-color":"","background-image":"","background-repeat":"repeat","background-position":"center center","background-size":"auto","background-attachment":"scroll","background-type":"","background-media":"","overlay-type":"","overlay-color":"","overlay-opacity":"","overlay-gradient":""}},"ast-content-background-meta":{"desktop":{"background-color":"var(--ast-global-color-4)","background-image":"","background-repeat":"repeat","background-position":"center center","background-size":"auto","background-attachment":"scroll","background-type":"","background-media":"","overlay-type":"","overlay-color":"","overlay-opacity":"","overlay-gradient":""},"tablet":{"background-color":"var(--ast-global-color-4)","background-image":"","background-repeat":"repeat","background-position":"center center","background-size":"auto","background-attachment":"scroll","background-type":"","background-media":"","overlay-type":"","overlay-color":"","overlay-opacity":"","overlay-gradient":""},"mobile":{"background-color":"var(--ast-global-color-4)","background-image":"","background-repeat":"repeat","background-position":"center center","background-size":"auto","background-attachment":"scroll","background-type":"","background-media":"","overlay-type":"","overlay-color":"","overlay-opacity":"","overlay-gradient":""}},"footnotes":""},"class_list":["post-1383","page","type-page","status-publish","has-post-thumbnail","hentry"],"acf":[],"yoast_head":"<!-- This site is optimized with the Yoast SEO plugin v27.3 - https:\/\/yoast.com\/product\/yoast-seo-wordpress\/ -->\n<title>- Tallinna Hambakliinik<\/title>\n<meta name=\"description\" content=\"P\u00e4rast kirurgilist protseduuri Esimesel p\u00e4eval p\u00e4rast kirurgilist protseduuri tuleb kindlasti v\u00e4ltida f\u00fc\u00fcsilist koormust, et mitte h\u00e4irida haava kaitsva\" \/>\n<meta name=\"robots\" content=\"index, follow, max-snippet:-1, max-image-preview:large, max-video-preview:-1\" \/>\n<link rel=\"canonical\" href=\"https:\/\/hambapol.ee\/en\/vastuvotu-info\/parast-kirurgilist-protseduuri\/\" \/>\n<meta property=\"og:locale\" content=\"en_GB\" \/>\n<meta property=\"og:type\" content=\"article\" \/>\n<meta property=\"og:title\" content=\"- Tallinna Hambakliinik\" \/>\n<meta property=\"og:description\" content=\"P\u00e4rast kirurgilist protseduuri Esimesel p\u00e4eval p\u00e4rast kirurgilist protseduuri tuleb kindlasti v\u00e4ltida f\u00fc\u00fcsilist koormust, et mitte h\u00e4irida haava kaitsva\" \/>\n<meta property=\"og:url\" content=\"https:\/\/hambapol.ee\/en\/vastuvotu-info\/parast-kirurgilist-protseduuri\/\" \/>\n<meta property=\"og:site_name\" content=\"Tallinna Hambakliinik\" \/>\n<meta property=\"article:publisher\" content=\"https:\/\/www.facebook.com\/TallinnaHambakliinik\/\" \/>\n<meta property=\"article:modified_time\" content=\"2025-03-11T13:06:35+00:00\" \/>\n<meta property=\"og:image\" content=\"https:\/\/hambapol.ee\/wp-content\/uploads\/2025\/01\/Tallinna-Hambakliiniku-teenused.jpg\" \/>\n\t<meta property=\"og:image:width\" content=\"809\" \/>\n\t<meta property=\"og:image:height\" content=\"607\" \/>\n\t<meta property=\"og:image:type\" content=\"image\/jpeg\" \/>\n<meta name=\"twitter:card\" content=\"summary_large_image\" \/>\n<meta name=\"twitter:label1\" content=\"Estimated reading time\" \/>\n\t<meta name=\"twitter:data1\" content=\"3 minutes\" \/>\n<script type=\"application\/ld+json\" class=\"yoast-schema-graph\">{\"@context\":\"https:\\\/\\\/schema.org\",\"@graph\":[{\"@type\":\"WebPage\",\"@id\":\"https:\\\/\\\/hambapol.ee\\\/vastuvotu-info\\\/parast-kirurgilist-protseduuri\\\/\",\"url\":\"https:\\\/\\\/hambapol.ee\\\/vastuvotu-info\\\/parast-kirurgilist-protseduuri\\\/\",\"name\":\"- Tallinna Hambakliinik\",\"isPartOf\":{\"@id\":\"https:\\\/\\\/hambapol.ee\\\/#website\"},\"primaryImageOfPage\":{\"@id\":\"https:\\\/\\\/hambapol.ee\\\/vastuvotu-info\\\/parast-kirurgilist-protseduuri\\\/#primaryimage\"},\"image\":{\"@id\":\"https:\\\/\\\/hambapol.ee\\\/vastuvotu-info\\\/parast-kirurgilist-protseduuri\\\/#primaryimage\"},\"thumbnailUrl\":\"https:\\\/\\\/hambapol.ee\\\/wp-content\\\/uploads\\\/2025\\\/01\\\/Tallinna-Hambakliiniku-teenused.jpg\",\"datePublished\":\"2025-02-05T14:12:49+00:00\",\"dateModified\":\"2025-03-11T13:06:35+00:00\",\"description\":\"P\u00e4rast kirurgilist protseduuri Esimesel p\u00e4eval p\u00e4rast kirurgilist protseduuri tuleb kindlasti v\u00e4ltida f\u00fc\u00fcsilist koormust, et mitte h\u00e4irida haava kaitsva\",\"breadcrumb\":{\"@id\":\"https:\\\/\\\/hambapol.ee\\\/vastuvotu-info\\\/parast-kirurgilist-protseduuri\\\/#breadcrumb\"},\"inLanguage\":\"en-GB\",\"potentialAction\":[{\"@type\":\"ReadAction\",\"target\":[\"https:\\\/\\\/hambapol.ee\\\/vastuvotu-info\\\/parast-kirurgilist-protseduuri\\\/\"]}]},{\"@type\":\"ImageObject\",\"inLanguage\":\"en-GB\",\"@id\":\"https:\\\/\\\/hambapol.ee\\\/vastuvotu-info\\\/parast-kirurgilist-protseduuri\\\/#primaryimage\",\"url\":\"https:\\\/\\\/hambapol.ee\\\/wp-content\\\/uploads\\\/2025\\\/01\\\/Tallinna-Hambakliiniku-teenused.jpg\",\"contentUrl\":\"https:\\\/\\\/hambapol.ee\\\/wp-content\\\/uploads\\\/2025\\\/01\\\/Tallinna-Hambakliiniku-teenused.jpg\",\"width\":809,\"height\":607,\"caption\":\"Tallinna Hambakliinik Hambaravi Tallinna kesklinnas esmaabi\"},{\"@type\":\"BreadcrumbList\",\"@id\":\"https:\\\/\\\/hambapol.ee\\\/vastuvotu-info\\\/parast-kirurgilist-protseduuri\\\/#breadcrumb\",\"itemListElement\":[{\"@type\":\"ListItem\",\"position\":1,\"name\":\"Home\",\"item\":\"https:\\\/\\\/hambapol.ee\\\/\"},{\"@type\":\"ListItem\",\"position\":2,\"name\":\"Vastuv\u00f5tu info\",\"item\":\"https:\\\/\\\/hambapol.ee\\\/vastuvotu-info\\\/\"},{\"@type\":\"ListItem\",\"position\":3,\"name\":\"P\u00e4rast kirurgilist protseduuri\"}]},{\"@type\":\"WebSite\",\"@id\":\"https:\\\/\\\/hambapol.ee\\\/#website\",\"url\":\"https:\\\/\\\/hambapol.ee\\\/\",\"name\":\"Tallinna Hambakliinik\",\"description\":\"Enesekindel naeratus\",\"publisher\":{\"@id\":\"https:\\\/\\\/hambapol.ee\\\/#organization\"},\"alternateName\":\"THK\",\"potentialAction\":[{\"@type\":\"SearchAction\",\"target\":{\"@type\":\"EntryPoint\",\"urlTemplate\":\"https:\\\/\\\/hambapol.ee\\\/?s={search_term_string}\"},\"query-input\":{\"@type\":\"PropertyValueSpecification\",\"valueRequired\":true,\"valueName\":\"search_term_string\"}}],\"inLanguage\":\"en-GB\"},{\"@type\":\"Organization\",\"@id\":\"https:\\\/\\\/hambapol.ee\\\/#organization\",\"name\":\"SA Tallinna Hambakliinik\",\"url\":\"https:\\\/\\\/hambapol.ee\\\/\",\"logo\":{\"@type\":\"ImageObject\",\"inLanguage\":\"en-GB\",\"@id\":\"https:\\\/\\\/hambapol.ee\\\/#\\\/schema\\\/logo\\\/image\\\/\",\"url\":\"https:\\\/\\\/hambapol.ee\\\/wp-content\\\/uploads\\\/2025\\\/01\\\/thk-logo-anno-taustata-e1737668889173.png\",\"contentUrl\":\"https:\\\/\\\/hambapol.ee\\\/wp-content\\\/uploads\\\/2025\\\/01\\\/thk-logo-anno-taustata-e1737668889173.png\",\"width\":250,\"height\":254,\"caption\":\"SA Tallinna Hambakliinik\"},\"image\":{\"@id\":\"https:\\\/\\\/hambapol.ee\\\/#\\\/schema\\\/logo\\\/image\\\/\"},\"sameAs\":[\"https:\\\/\\\/www.facebook.com\\\/TallinnaHambakliinik\\\/\"]}]}<\/script>\n<!-- \/ Yoast SEO plugin. -->","yoast_head_json":{"title":"- Tallinna Hambakliinik","description":"P\u00e4rast kirurgilist protseduuri Esimesel p\u00e4eval p\u00e4rast kirurgilist protseduuri tuleb kindlasti v\u00e4ltida f\u00fc\u00fcsilist koormust, et mitte h\u00e4irida haava kaitsva","robots":{"index":"index","follow":"follow","max-snippet":"max-snippet:-1","max-image-preview":"max-image-preview:large","max-video-preview":"max-video-preview:-1"},"canonical":"https:\/\/hambapol.ee\/en\/vastuvotu-info\/parast-kirurgilist-protseduuri\/","og_locale":"en_GB","og_type":"article","og_title":"- Tallinna Hambakliinik","og_description":"P\u00e4rast kirurgilist protseduuri Esimesel p\u00e4eval p\u00e4rast kirurgilist protseduuri tuleb kindlasti v\u00e4ltida f\u00fc\u00fcsilist koormust, et mitte h\u00e4irida haava kaitsva","og_url":"https:\/\/hambapol.ee\/en\/vastuvotu-info\/parast-kirurgilist-protseduuri\/","og_site_name":"Tallinna Hambakliinik","article_publisher":"https:\/\/www.facebook.com\/TallinnaHambakliinik\/","article_modified_time":"2025-03-11T13:06:35+00:00","og_image":[{"width":809,"height":607,"url":"https:\/\/hambapol.ee\/wp-content\/uploads\/2025\/01\/Tallinna-Hambakliiniku-teenused.jpg","type":"image\/jpeg"}],"twitter_card":"summary_large_image","twitter_misc":{"Estimated reading time":"3 minutes"},"schema":{"@context":"https:\/\/schema.org","@graph":[{"@type":"WebPage","@id":"https:\/\/hambapol.ee\/vastuvotu-info\/parast-kirurgilist-protseduuri\/","url":"https:\/\/hambapol.ee\/vastuvotu-info\/parast-kirurgilist-protseduuri\/","name":"- Tallinna Hambakliinik","isPartOf":{"@id":"https:\/\/hambapol.ee\/#website"},"primaryImageOfPage":{"@id":"https:\/\/hambapol.ee\/vastuvotu-info\/parast-kirurgilist-protseduuri\/#primaryimage"},"image":{"@id":"https:\/\/hambapol.ee\/vastuvotu-info\/parast-kirurgilist-protseduuri\/#primaryimage"},"thumbnailUrl":"https:\/\/hambapol.ee\/wp-content\/uploads\/2025\/01\/Tallinna-Hambakliiniku-teenused.jpg","datePublished":"2025-02-05T14:12:49+00:00","dateModified":"2025-03-11T13:06:35+00:00","description":"P\u00e4rast kirurgilist protseduuri Esimesel p\u00e4eval p\u00e4rast kirurgilist protseduuri tuleb kindlasti v\u00e4ltida f\u00fc\u00fcsilist koormust, et mitte h\u00e4irida haava kaitsva","breadcrumb":{"@id":"https:\/\/hambapol.ee\/vastuvotu-info\/parast-kirurgilist-protseduuri\/#breadcrumb"},"inLanguage":"en-GB","potentialAction":[{"@type":"ReadAction","target":["https:\/\/hambapol.ee\/vastuvotu-info\/parast-kirurgilist-protseduuri\/"]}]},{"@type":"ImageObject","inLanguage":"en-GB","@id":"https:\/\/hambapol.ee\/vastuvotu-info\/parast-kirurgilist-protseduuri\/#primaryimage","url":"https:\/\/hambapol.ee\/wp-content\/uploads\/2025\/01\/Tallinna-Hambakliiniku-teenused.jpg","contentUrl":"https:\/\/hambapol.ee\/wp-content\/uploads\/2025\/01\/Tallinna-Hambakliiniku-teenused.jpg","width":809,"height":607,"caption":"Tallinna Hambakliinik Hambaravi Tallinna kesklinnas esmaabi"},{"@type":"BreadcrumbList","@id":"https:\/\/hambapol.ee\/vastuvotu-info\/parast-kirurgilist-protseduuri\/#breadcrumb","itemListElement":[{"@type":"ListItem","position":1,"name":"Home","item":"https:\/\/hambapol.ee\/"},{"@type":"ListItem","position":2,"name":"Vastuv\u00f5tu info","item":"https:\/\/hambapol.ee\/vastuvotu-info\/"},{"@type":"ListItem","position":3,"name":"P\u00e4rast kirurgilist protseduuri"}]},{"@type":"WebSite","@id":"https:\/\/hambapol.ee\/#website","url":"https:\/\/hambapol.ee\/","name":"Tallinna Hambakliinik","description":"Enesekindel naeratus","publisher":{"@id":"https:\/\/hambapol.ee\/#organization"},"alternateName":"THK","potentialAction":[{"@type":"SearchAction","target":{"@type":"EntryPoint","urlTemplate":"https:\/\/hambapol.ee\/?s={search_term_string}"},"query-input":{"@type":"PropertyValueSpecification","valueRequired":true,"valueName":"search_term_string"}}],"inLanguage":"en-GB"},{"@type":"Organization","@id":"https:\/\/hambapol.ee\/#organization","name":"SA Tallinna Hambakliinik","url":"https:\/\/hambapol.ee\/","logo":{"@type":"ImageObject","inLanguage":"en-GB","@id":"https:\/\/hambapol.ee\/#\/schema\/logo\/image\/","url":"https:\/\/hambapol.ee\/wp-content\/uploads\/2025\/01\/thk-logo-anno-taustata-e1737668889173.png","contentUrl":"https:\/\/hambapol.ee\/wp-content\/uploads\/2025\/01\/thk-logo-anno-taustata-e1737668889173.png","width":250,"height":254,"caption":"SA Tallinna Hambakliinik"},"image":{"@id":"https:\/\/hambapol.ee\/#\/schema\/logo\/image\/"},"sameAs":["https:\/\/www.facebook.com\/TallinnaHambakliinik\/"]}]}},"_links":{"self":[{"href":"https:\/\/hambapol.ee\/en\/wp-json\/wp\/v2\/pages\/1383","targetHints":{"allow":["GET"]}}],"collection":[{"href":"https:\/\/hambapol.ee\/en\/wp-json\/wp\/v2\/pages"}],"about":[{"href":"https:\/\/hambapol.ee\/en\/wp-json\/wp\/v2\/types\/page"}],"author":[{"embeddable":true,"href":"https:\/\/hambapol.ee\/en\/wp-json\/wp\/v2\/users\/1"}],"replies":[{"embeddable":true,"href":"https:\/\/hambapol.ee\/en\/wp-json\/wp\/v2\/comments?post=1383"}],"version-history":[{"count":11,"href":"https:\/\/hambapol.ee\/en\/wp-json\/wp\/v2\/pages\/1383\/revisions"}],"predecessor-version":[{"id":2276,"href":"https:\/\/hambapol.ee\/en\/wp-json\/wp\/v2\/pages\/1383\/revisions\/2276"}],"up":[{"embeddable":true,"href":"https:\/\/hambapol.ee\/en\/wp-json\/wp\/v2\/pages\/1363"}],"wp:featuredmedia":[{"embeddable":true,"href":"https:\/\/hambapol.ee\/en\/wp-json\/wp\/v2\/media\/602"}],"wp:attachment":[{"href":"https:\/\/hambapol.ee\/en\/wp-json\/wp\/v2\/media?parent=1383"}],"curies":[{"name":"wp","href":"https:\/\/api.w.org\/{rel}","templated":true}]}}